{"id":42377,"date":"2022-11-28T23:27:06","date_gmt":"2022-11-28T22:27:06","guid":{"rendered":"https:\/\/vintagegalore.de\/newsletter\/"},"modified":"2022-11-28T23:27:06","modified_gmt":"2022-11-28T22:27:06","slug":"newsletter","status":"publish","type":"page","link":"https:\/\/vintagegalore.de\/en\/newsletter\/","title":{"rendered":"Newsletter"},"content":{"rendered":"<p><!-- Begin Sendinblue Form --> <!-- START - We recommend to place the below code in head tag of your website html --> <\/p>\n<style> @font-face { font-display: block; font-family: Roboto; src: url(https:\/\/assets.sendinblue.com\/font\/Roboto\/Latin\/normal\/normal\/7529907e9eaf8ebb5220c5f9850e3811.woff2) format(\"woff2\"), url(https:\/\/assets.sendinblue.com\/font\/Roboto\/Latin\/normal\/normal\/25c678feafdc175a70922a116c9be3e7.woff) format(\"woff\") } @font-face { font-display: fallback; font-family: Roboto; font-weight: 600; src: url(https:\/\/assets.sendinblue.com\/font\/Roboto\/Latin\/medium\/normal\/6e9caeeafb1f3491be3e32744bc30440.woff2) format(\"woff2\"), url(https:\/\/assets.sendinblue.com\/font\/Roboto\/Latin\/medium\/normal\/71501f0d8d5aa95960f6475d5487d4c2.woff) format(\"woff\") } @font-face { font-display: fallback; font-family: Roboto; font-weight: 700; src: url(https:\/\/assets.sendinblue.com\/font\/Roboto\/Latin\/bold\/normal\/3ef7cf158f310cf752d5ad08cd0e7e60.woff2) format(\"woff2\"), url(https:\/\/assets.sendinblue.com\/font\/Roboto\/Latin\/bold\/normal\/ece3a1d82f18b60bcce0211725c476aa.woff) format(\"woff\") } #sib-container input:-ms-input-placeholder { text-align: left; font-family: \"Helvetica\", sans-serif; color: #c0ccda; } #sib-container input::placeholder { text-align: left; font-family: \"Helvetica\", sans-serif; color: #c0ccda; } #sib-container textarea::placeholder { text-align: left; font-family: \"Helvetica\", sans-serif; color: #c0ccda; } <\/style>\n<link rel=\"stylesheet\" href=\"https:\/\/sibforms.com\/forms\/end-form\/build\/sib-styles.css\"> <!-- END - We recommend to place the above code in head tag of your website html --> <!-- START - We recommend to place the below code where you want the form in your website html --> <\/p>\n<div class=\"sib-form\" style=\"text-align: center; background-color: #EFF2F7; \">\n<div id=\"sib-form-container\" class=\"sib-form-container\">\n<div id=\"error-message\" class=\"sib-form-message-panel\" style=\"font-size:16px; text-align:left; font-family:&quot;Helvetica&quot;, sans-serif; color:#661d1d; background-color:#ffeded; border-radius:3px; border-color:#ff4949;max-width:540px;\">\n<div class=\"sib-form-message-panel__text sib-form-message-panel__text--center\"> <svg viewBox=\"0 0 512 512\" class=\"sib-icon sib-notification__icon\"> <path d=\"M256 40c118.621 0 216 96.075 216 216 0 119.291-96.61 216-216 216-119.244 0-216-96.562-216-216 0-119.203 96.602-216 216-216m0-32C119.043 8 8 119.083 8 256c0 136.997 111.043 248 248 248s248-111.003 248-248C504 119.083 392.957 8 256 8zm-11.49 120h22.979c6.823 0 12.274 5.682 11.99 12.5l-7 168c-.268 6.428-5.556 11.5-11.99 11.5h-8.979c-6.433 0-11.722-5.073-11.99-11.5l-7-168c-.283-6.818 5.167-12.5 11.99-12.5zM256 340c-15.464 0-28 12.536-28 28s12.536 28 28 28 28-12.536 28-28-12.536-28-28-28z\" \/> <\/svg> <span class=\"sib-form-message-panel__inner-text\"> Ihre Anmeldung konnte nicht gespeichert werden. Bitte versuche es erneut. \/ Your registration could not be saved. Please try again. <\/span> <\/div>\n<\/p><\/div>\n<div><\/div>\n<div id=\"success-message\" class=\"sib-form-message-panel\" style=\"font-size:16px; text-align:left; font-family:&quot;Helvetica&quot;, sans-serif; color:#085229; background-color:#e7faf0; border-radius:3px; border-color:#13ce66;max-width:540px;\">\n<div class=\"sib-form-message-panel__text sib-form-message-panel__text--center\"> <svg viewBox=\"0 0 512 512\" class=\"sib-icon sib-notification__icon\"> <path d=\"M256 8C119.033 8 8 119.033 8 256s111.033 248 248 248 248-111.033 248-248S392.967 8 256 8zm0 464c-118.664 0-216-96.055-216-216 0-118.663 96.055-216 216-216 118.664 0 216 96.055 216 216 0 118.663-96.055 216-216 216zm141.63-274.961L217.15 376.071c-4.705 4.667-12.303 4.637-16.97-.068l-85.878-86.572c-4.667-4.705-4.637-12.303.068-16.97l8.52-8.451c4.705-4.667 12.303-4.637 16.97.068l68.976 69.533 163.441-162.13c4.705-4.667 12.303-4.637 16.97.068l8.451 8.52c4.668 4.705 4.637 12.303-.068 16.97z\" \/> <\/svg> <span class=\"sib-form-message-panel__inner-text\"> Deine Anmeldung war erfolgreich. Best\u00e4tige jetzt nur noch Deine Email-Adresse, um den Newsletter zu erhalten. \u00dcberpr\u00fcfe Deinen Spam-Ordner. \/ Your registration was successful. Now just confirm your email address to receive the newsletter. Check your spam-folder! <\/span> <\/div>\n<\/p><\/div>\n<div><\/div>\n<div id=\"sib-container\" class=\"sib-container--large sib-container--vertical\" style=\"text-align:center; background-color:rgba(255,255,255,1); max-width:540px; border-radius:3px; border-width:1px; border-color:#C0CCD9; border-style:solid;\">\n<form id=\"sib-form\" method=\"POST\" action=\"https:\/\/cd815f6b.sibforms.com\/serve\/MUIEAMONqtdh--efZDv9LGLdv7-KPROPKsA1tTk7R3J-oZtih01LDjhElak-BjP2XlIwADucCFzTpCkoYWMrbMqeXf8mFeQrwVHt4a7HHNYkqNUshl4cXvDTEkZo1ktY5cWEiQJywuTqu2-zjPehWsdmcxcT_8Q1alkmQd9qYukoSJ_XedKhQac7eESllCoNMJEmRqgW51_fsBYY\" data-type=\"subscription\">\n<div style=\"padding: 8px 0;\">\n<div class=\"sib-form-block sib-image-form-block\" style=\"text-align: center\"> <img decoding=\"async\" src=\"https:\/\/img.mailinblue.com\/5394551\/images\/rnb\/original\/637ea4c7fe6f7a3c2c324036.jpg\" style=\"width: 398px;height: 146px;\" alt=\"\" title=\"\" \/> <\/div>\n<\/p><\/div>\n<div style=\"padding: 8px 0;\">\n<div class=\"sib-form-block\" style=\"font-size:32px; text-align:center; font-weight:700; font-family:&quot;Helvetica&quot;, sans-serif; color:#3C4858; background-color:transparent;\">\n<p>Newsletter<\/p>\n<\/p><\/div>\n<\/p><\/div>\n<div style=\"padding: 8px 0;\">\n<div class=\"sib-form-block\" style=\"font-size:16px; text-align:center; font-family:&quot;Helvetica&quot;, sans-serif; color:#3C4858; background-color:transparent;\">\n<div class=\"sib-text-form-block\">\n<p>Melde Dich zu unserem Newsletter an, um \u00fcber neu eingetroffenen St\u00fccke und Neuigkeiten informiert zu werden.<\/p>\n<p><\/p>\n<p>Sign up for our newsletter to be informed about new arrivals and news.<\/p>\n<\/p><\/div>\n<\/p><\/div>\n<\/p><\/div>\n<div style=\"padding: 8px 0;\">\n<div class=\"sib-input sib-form-block\">\n<div class=\"form__entry entry_block\">\n<div class=\"form__label-row \">\n<div class=\"entry__field\"> <input class=\"input\" maxlength=\"200\" type=\"text\" id=\"VORNAME\" name=\"VORNAME\" autocomplete=\"off\" placeholder=\"Dein Name \/ Your name\" \/> <\/div>\n<\/p><\/div>\n<p> <label class=\"entry__error entry__error--primary\" style=\"font-size:16px; text-align:left; font-family:&quot;Helvetica&quot;, sans-serif; color:#661d1d; background-color:#ffeded; border-radius:3px; border-color:#ff4949;\"> <\/label> <\/div>\n<\/p><\/div>\n<\/p><\/div>\n<div style=\"padding: 8px 0;\">\n<div class=\"sib-input sib-form-block\">\n<div class=\"form__entry entry_block\">\n<div class=\"form__label-row \">\n<div class=\"entry__field\"> <input class=\"input\" type=\"text\" id=\"EMAIL\" name=\"EMAIL\" autocomplete=\"off\" placeholder=\"Deine Email-Adresse \/ Your email-address\" data-required=\"true\" required \/> <\/div>\n<\/p><\/div>\n<p> <label class=\"entry__error entry__error--primary\" style=\"font-size:16px; text-align:left; font-family:&quot;Helvetica&quot;, sans-serif; color:#661d1d; background-color:#ffeded; border-radius:3px; border-color:#ff4949;\"> <\/label> <\/div>\n<\/p><\/div>\n<\/p><\/div>\n<div style=\"padding: 8px 0;\">\n<div class=\"sib-form__declaration\">\n<div class=\"declaration-block-icon\"> <svg class=\"icon__SVG\" width=\"0\" height=\"0\" version=\"1.1\" xmlns=\"http:\/\/www.w3.org\/2000\/svg\"> <defs> <symbol id=\"svgIcon-sphere\" viewBox=\"0 0 63 63\"> <path class=\"path1\" d=\"M31.54 0l1.05 3.06 3.385-.01-2.735 1.897 1.05 3.042-2.748-1.886-2.738 1.886 1.044-3.05-2.745-1.897h3.393zm13.97 3.019L46.555 6.4l3.384.01-2.743 2.101 1.048 3.387-2.752-2.1-2.752 2.1 1.054-3.382-2.745-2.105h3.385zm9.998 10.056l1.039 3.382h3.38l-2.751 2.1 1.05 3.382-2.744-2.091-2.743 2.091 1.054-3.381-2.754-2.1h3.385zM58.58 27.1l1.04 3.372h3.379l-2.752 2.096 1.05 3.387-2.744-2.091-2.75 2.092 1.054-3.387-2.747-2.097h3.376zm-3.076 14.02l1.044 3.364h3.385l-2.743 2.09 1.05 3.392-2.744-2.097-2.743 2.097 1.052-3.377-2.752-2.117 3.385-.01zm-9.985 9.91l1.045 3.364h3.393l-2.752 2.09 1.05 3.393-2.745-2.097-2.743 2.097 1.05-3.383-2.751-2.1 3.384-.01zM31.45 55.01l1.044 3.043 3.393-.008-2.752 1.9L34.19 63l-2.744-1.895-2.748 1.891 1.054-3.05-2.743-1.9h3.384zm-13.934-3.98l1.036 3.364h3.402l-2.752 2.09 1.053 3.393-2.747-2.097-2.752 2.097 1.053-3.382-2.743-2.1 3.384-.01zm-9.981-9.91l1.045 3.364h3.398l-2.748 2.09 1.05 3.392-2.753-2.1-2.752 2.096 1.053-3.382-2.743-2.102 3.384-.009zM4.466 27.1l1.038 3.372H8.88l-2.752 2.097 1.053 3.387-2.743-2.09-2.748 2.09 1.053-3.387L0 30.472h3.385zm3.069-14.025l1.045 3.382h3.395L9.23 18.56l1.05 3.381-2.752-2.09-2.752 2.09 1.053-3.381-2.744-2.1h3.384zm9.99-10.056L18.57 6.4l3.393.01-2.743 2.1 1.05 3.373-2.754-2.092-2.751 2.092 1.053-3.382-2.744-2.1h3.384zm24.938 19.394l-10-4.22a2.48 2.48 0 00-1.921 0l-10 4.22A2.529 2.529 0 0019 24.75c0 10.47 5.964 17.705 11.537 20.057a2.48 2.48 0 001.921 0C36.921 42.924 44 36.421 44 24.75a2.532 2.532 0 00-1.537-2.336zm-2.46 6.023l-9.583 9.705a.83.83 0 01-1.177 0l-5.416-5.485a.855.855 0 010-1.192l1.177-1.192a.83.83 0 011.177 0l3.65 3.697 7.819-7.916a.83.83 0 011.177 0l1.177 1.191a.843.843 0 010 1.192z\" fill=\"#0092FF\"><\/path> <\/symbol> <\/defs> <\/svg> <svg class=\"svgIcon-sphere\" style=\"width:63px; height:63px;\"> <use xlink:href=\"#svgIcon-sphere\"><\/use> <\/svg> <\/div>\n<p style=\"font-size:14px; text-align:left; font-family:&quot;Helvetica&quot;, sans-serif; color:#687484; background-color:transparent;\"> Wir verwenden Sendinblue als unsere Marketing-Plattform. Wenn Sie das Formular ausf\u00fcllen und absenden, best\u00e4tigen Sie, dass die von Ihnen angegebenen Informationen an Sendinblue zur Bearbeitung gem\u00e4\u00df den <a target=\"_blank\" class=\"clickable_link\" href=\"https:\/\/de.sendinblue.com\/legal\/termsofuse\/\" rel=\"noopener\">Nutzungsbedingungen<\/a> \u00fcbertragen werden. <\/p>\n<\/p><\/div>\n<\/p><\/div>\n<div style=\"padding: 8px 0;\">\n<div class=\"sib-form-block\" style=\"text-align: center\"> <button class=\"sib-form-block__button sib-form-block__button-with-loader\" style=\"font-size:24px; text-align:center; font-weight:700; font-family:&quot;Helvetica&quot;, sans-serif; color:#FFFFFF; background-color:#3E4857; border-radius:3px; border-width:0px;\" form=\"sib-form\" type=\"submit\"> <svg class=\"icon clickable__icon progress-indicator__icon sib-hide-loader-icon\" viewBox=\"0 0 512 512\"> <path d=\"M460.116 373.846l-20.823-12.022c-5.541-3.199-7.54-10.159-4.663-15.874 30.137-59.886 28.343-131.652-5.386-189.946-33.641-58.394-94.896-95.833-161.827-99.676C261.028 55.961 256 50.751 256 44.352V20.309c0-6.904 5.808-12.337 12.703-11.982 83.556 4.306 160.163 50.864 202.11 123.677 42.063 72.696 44.079 162.316 6.031 236.832-3.14 6.148-10.75 8.461-16.728 5.01z\" \/> <\/svg> ANMELDEN <\/button> <\/div>\n<\/p><\/div>\n<p> <input type=\"text\" name=\"email_address_check\" value=\"\" class=\"input--hidden\"> <input type=\"hidden\" name=\"locale\" value=\"de\"> <\/form>\n<\/p><\/div>\n<\/p><\/div>\n<\/p><\/div>\n<p> <!-- END - We recommend to place the below code where you want the form in your website html --> <!-- START - We recommend to place the below code in footer or bottom of your website html --> <script> window.REQUIRED_CODE_ERROR_MESSAGE = 'W\u00e4hlen Sie bitte einen L\u00e4ndervorwahl aus.'; window.LOCALE = 'de'; window.EMAIL_INVALID_MESSAGE = window.SMS_INVALID_MESSAGE = \"Die eingegebenen Informationen sind nicht g\u00fcltig. Bitte \u00fcberpr\u00fcfe das Feldformat und versuche es erneut. \/ The information entered is not valid. Please check the field format and try again.\"; window.REQUIRED_ERROR_MESSAGE = \"Dieses Feld darf nicht leer sein. \/ This field cannot be empty. \"; window.GENERIC_INVALID_MESSAGE = \"Die eingegebenen Informationen sind nicht g\u00fcltig. Bitte \u00fcberpr\u00fcfe das Feldformat und versuche es erneut. \/ The information entered is not valid. Please check the field format and try again.\"; window.translation = { common: { selectedList: '{quantity} Liste ausgew\u00e4hlt', selectedLists: '{quantity} Listen ausgew\u00e4hlt' } }; var AUTOHIDE = Boolean(0); <\/script> <script defer src=\"https:\/\/sibforms.com\/forms\/end-form\/build\/main.js\"><\/script> <!-- END - We recommend to place the above code in footer or bottom of your website html --> <!-- End Sendinblue Form --><\/p>\n","protected":false},"excerpt":{"rendered":"<div>Ihre Anmeldung konnte nicht gespeichert werden. Bitte versuche es erneut. \/ Your registration could not be saved. Please try again. Deine Anmeldung war erfolgreich.&mldr;<\/div>\n","protected":false},"author":6,"featured_media":0,"parent":0,"menu_order":0,"comment_status":"closed","ping_status":"closed","template":"","meta":{"_acf_changed":false,"footnotes":""},"class_list":["post-42377","page","type-page","status-publish","hentry"],"acf":[],"yoast_head":"<!-- This site is optimized with the Yoast SEO plugin v27.0 - https:\/\/yoast.com\/product\/yoast-seo-wordpress\/ -->\n<title>Newsletter - Vintage Galore<\/title>\n<meta name=\"robots\" content=\"index, follow, max-snippet:-1, max-image-preview:large, max-video-preview:-1\" \/>\n<link rel=\"canonical\" href=\"https:\/\/vintagegalore.de\/newsletter\/\" \/>\n<meta property=\"og:locale\" content=\"en_US\" \/>\n<meta property=\"og:type\" content=\"article\" \/>\n<meta property=\"og:title\" content=\"Newsletter - Vintage Galore\" \/>\n<meta property=\"og:description\" content=\"Ihre Anmeldung konnte nicht gespeichert werden. Bitte versuche es erneut. \/ Your registration could not be saved. Please try again. Deine Anmeldung war erfolgreich.&amp;mldr;\" \/>\n<meta property=\"og:url\" content=\"https:\/\/vintagegalore.de\/newsletter\/\" \/>\n<meta property=\"og:site_name\" content=\"Vintage Galore\" \/>\n<meta property=\"article:publisher\" content=\"https:\/\/www.facebook.com\/vintagegalore.de\" \/>\n<meta property=\"og:image\" content=\"https:\/\/img.mailinblue.com\/5394551\/images\/rnb\/original\/637ea4c7fe6f7a3c2c324036.jpg\" \/>\n<meta name=\"twitter:card\" content=\"summary_large_image\" \/>\n<meta name=\"twitter:label1\" content=\"Est. reading time\" \/>\n\t<meta name=\"twitter:data1\" content=\"1 minute\" \/>\n<script type=\"application\/ld+json\" class=\"yoast-schema-graph\">{\"@context\":\"https:\/\/schema.org\",\"@graph\":[{\"@type\":\"WebPage\",\"@id\":\"https:\/\/vintagegalore.de\/newsletter\/\",\"url\":\"https:\/\/vintagegalore.de\/newsletter\/\",\"name\":\"Newsletter - Vintage Galore\",\"isPartOf\":{\"@id\":\"https:\/\/vintagegalore.de\/#website\"},\"primaryImageOfPage\":{\"@id\":\"https:\/\/vintagegalore.de\/newsletter\/#primaryimage\"},\"image\":{\"@id\":\"https:\/\/vintagegalore.de\/newsletter\/#primaryimage\"},\"thumbnailUrl\":\"https:\/\/img.mailinblue.com\/5394551\/images\/rnb\/original\/637ea4c7fe6f7a3c2c324036.jpg\",\"datePublished\":\"2022-11-28T22:27:06+00:00\",\"breadcrumb\":{\"@id\":\"https:\/\/vintagegalore.de\/newsletter\/#breadcrumb\"},\"inLanguage\":\"en-US\",\"potentialAction\":[{\"@type\":\"ReadAction\",\"target\":[\"https:\/\/vintagegalore.de\/newsletter\/\"]}]},{\"@type\":\"ImageObject\",\"inLanguage\":\"en-US\",\"@id\":\"https:\/\/vintagegalore.de\/newsletter\/#primaryimage\",\"url\":\"https:\/\/img.mailinblue.com\/5394551\/images\/rnb\/original\/637ea4c7fe6f7a3c2c324036.jpg\",\"contentUrl\":\"https:\/\/img.mailinblue.com\/5394551\/images\/rnb\/original\/637ea4c7fe6f7a3c2c324036.jpg\"},{\"@type\":\"BreadcrumbList\",\"@id\":\"https:\/\/vintagegalore.de\/newsletter\/#breadcrumb\",\"itemListElement\":[{\"@type\":\"ListItem\",\"position\":1,\"name\":\"Startseite\",\"item\":\"https:\/\/vintagegalore.de\/en\/\"},{\"@type\":\"ListItem\",\"position\":2,\"name\":\"Newsletter\"}]},{\"@type\":\"WebSite\",\"@id\":\"https:\/\/vintagegalore.de\/#website\",\"url\":\"https:\/\/vintagegalore.de\/\",\"name\":\"Vintage Galore\",\"description\":\"\",\"publisher\":{\"@id\":\"https:\/\/vintagegalore.de\/#organization\"},\"potentialAction\":[{\"@type\":\"SearchAction\",\"target\":{\"@type\":\"EntryPoint\",\"urlTemplate\":\"https:\/\/vintagegalore.de\/?s={search_term_string}\"},\"query-input\":{\"@type\":\"PropertyValueSpecification\",\"valueRequired\":true,\"valueName\":\"search_term_string\"}}],\"inLanguage\":\"en-US\"},{\"@type\":\"Organization\",\"@id\":\"https:\/\/vintagegalore.de\/#organization\",\"name\":\"Vintage Galore\",\"url\":\"https:\/\/vintagegalore.de\/\",\"logo\":{\"@type\":\"ImageObject\",\"inLanguage\":\"en-US\",\"@id\":\"https:\/\/vintagegalore.de\/#\/schema\/logo\/image\/\",\"url\":\"https:\/\/vintagegalore.de\/wp-content\/uploads\/2021\/04\/logo-vg-transparent.png\",\"contentUrl\":\"https:\/\/vintagegalore.de\/wp-content\/uploads\/2021\/04\/logo-vg-transparent.png\",\"width\":500,\"height\":86,\"caption\":\"Vintage Galore\"},\"image\":{\"@id\":\"https:\/\/vintagegalore.de\/#\/schema\/logo\/image\/\"},\"sameAs\":[\"https:\/\/www.facebook.com\/vintagegalore.de\",\"https:\/\/www.instagram.com\/vintagegalorestore\/\"]}]}<\/script>\n<!-- \/ Yoast SEO plugin. -->","yoast_head_json":{"title":"Newsletter - Vintage Galore","robots":{"index":"index","follow":"follow","max-snippet":"max-snippet:-1","max-image-preview":"max-image-preview:large","max-video-preview":"max-video-preview:-1"},"canonical":"https:\/\/vintagegalore.de\/newsletter\/","og_locale":"en_US","og_type":"article","og_title":"Newsletter - Vintage Galore","og_description":"Ihre Anmeldung konnte nicht gespeichert werden. Bitte versuche es erneut. \/ Your registration could not be saved. Please try again. Deine Anmeldung war erfolgreich.&mldr;","og_url":"https:\/\/vintagegalore.de\/newsletter\/","og_site_name":"Vintage Galore","article_publisher":"https:\/\/www.facebook.com\/vintagegalore.de","og_image":[{"url":"https:\/\/img.mailinblue.com\/5394551\/images\/rnb\/original\/637ea4c7fe6f7a3c2c324036.jpg","type":"","width":"","height":""}],"twitter_card":"summary_large_image","twitter_misc":{"Est. reading time":"1 minute"},"schema":{"@context":"https:\/\/schema.org","@graph":[{"@type":"WebPage","@id":"https:\/\/vintagegalore.de\/newsletter\/","url":"https:\/\/vintagegalore.de\/newsletter\/","name":"Newsletter - Vintage Galore","isPartOf":{"@id":"https:\/\/vintagegalore.de\/#website"},"primaryImageOfPage":{"@id":"https:\/\/vintagegalore.de\/newsletter\/#primaryimage"},"image":{"@id":"https:\/\/vintagegalore.de\/newsletter\/#primaryimage"},"thumbnailUrl":"https:\/\/img.mailinblue.com\/5394551\/images\/rnb\/original\/637ea4c7fe6f7a3c2c324036.jpg","datePublished":"2022-11-28T22:27:06+00:00","breadcrumb":{"@id":"https:\/\/vintagegalore.de\/newsletter\/#breadcrumb"},"inLanguage":"en-US","potentialAction":[{"@type":"ReadAction","target":["https:\/\/vintagegalore.de\/newsletter\/"]}]},{"@type":"ImageObject","inLanguage":"en-US","@id":"https:\/\/vintagegalore.de\/newsletter\/#primaryimage","url":"https:\/\/img.mailinblue.com\/5394551\/images\/rnb\/original\/637ea4c7fe6f7a3c2c324036.jpg","contentUrl":"https:\/\/img.mailinblue.com\/5394551\/images\/rnb\/original\/637ea4c7fe6f7a3c2c324036.jpg"},{"@type":"BreadcrumbList","@id":"https:\/\/vintagegalore.de\/newsletter\/#breadcrumb","itemListElement":[{"@type":"ListItem","position":1,"name":"Startseite","item":"https:\/\/vintagegalore.de\/en\/"},{"@type":"ListItem","position":2,"name":"Newsletter"}]},{"@type":"WebSite","@id":"https:\/\/vintagegalore.de\/#website","url":"https:\/\/vintagegalore.de\/","name":"Vintage Galore","description":"","publisher":{"@id":"https:\/\/vintagegalore.de\/#organization"},"potentialAction":[{"@type":"SearchAction","target":{"@type":"EntryPoint","urlTemplate":"https:\/\/vintagegalore.de\/?s={search_term_string}"},"query-input":{"@type":"PropertyValueSpecification","valueRequired":true,"valueName":"search_term_string"}}],"inLanguage":"en-US"},{"@type":"Organization","@id":"https:\/\/vintagegalore.de\/#organization","name":"Vintage Galore","url":"https:\/\/vintagegalore.de\/","logo":{"@type":"ImageObject","inLanguage":"en-US","@id":"https:\/\/vintagegalore.de\/#\/schema\/logo\/image\/","url":"https:\/\/vintagegalore.de\/wp-content\/uploads\/2021\/04\/logo-vg-transparent.png","contentUrl":"https:\/\/vintagegalore.de\/wp-content\/uploads\/2021\/04\/logo-vg-transparent.png","width":500,"height":86,"caption":"Vintage Galore"},"image":{"@id":"https:\/\/vintagegalore.de\/#\/schema\/logo\/image\/"},"sameAs":["https:\/\/www.facebook.com\/vintagegalore.de","https:\/\/www.instagram.com\/vintagegalorestore\/"]}]}},"_links":{"self":[{"href":"https:\/\/vintagegalore.de\/en\/wp-json\/wp\/v2\/pages\/42377","targetHints":{"allow":["GET"]}}],"collection":[{"href":"https:\/\/vintagegalore.de\/en\/wp-json\/wp\/v2\/pages"}],"about":[{"href":"https:\/\/vintagegalore.de\/en\/wp-json\/wp\/v2\/types\/page"}],"author":[{"embeddable":true,"href":"https:\/\/vintagegalore.de\/en\/wp-json\/wp\/v2\/users\/6"}],"replies":[{"embeddable":true,"href":"https:\/\/vintagegalore.de\/en\/wp-json\/wp\/v2\/comments?post=42377"}],"version-history":[{"count":0,"href":"https:\/\/vintagegalore.de\/en\/wp-json\/wp\/v2\/pages\/42377\/revisions"}],"wp:attachment":[{"href":"https:\/\/vintagegalore.de\/en\/wp-json\/wp\/v2\/media?parent=42377"}],"curies":[{"name":"wp","href":"https:\/\/api.w.org\/{rel}","templated":true}]}}