{"id":100284,"date":"2025-12-11T00:28:48","date_gmt":"2025-12-10T23:28:48","guid":{"rendered":"https:\/\/vintagegalore.de\/produkt\/seltener-mid-century-walnuss-beistelltisch-couchtisch-mit-ablage-holger-georg-jensen-fuer-kubus-danish-modern-design-60er\/"},"modified":"2026-01-12T15:53:05","modified_gmt":"2026-01-12T14:53:05","slug":"seltener-mid-century-walnuss-beistelltisch-couchtisch-mit-ablage-danish-modern-design-60er","status":"publish","type":"product","link":"https:\/\/vintagegalore.de\/en\/produkt\/seltener-mid-century-walnuss-beistelltisch-couchtisch-mit-ablage-danish-modern-design-60er\/","title":{"rendered":"Rare mid-century walnut side table \/ coffee table with shelf by J\u00f8rgen Aakj\u00e6r J\u00f8rgensen for M\u00f8belintarsia \/ Danish Modern Design \/ 1960s"},"content":{"rendered":"","protected":false},"excerpt":{"rendered":"<div>1950s-1960s, Denmark. Design: J\u00f8rgen Aakj\u00e6r J\u00f8rgensen for M\u00f8belintarsia. Walnut (veneer and solid wood). Particularly rare in this type of wood. Overall dimensions: approx. 49 x 51 x 44cm (height, width, depth). Exceptional craftsmanship. Especially the veneer on the main tabletop! Restored. Sanded, high-quality hard oil sealant. Satin-matte surfaces. Pleasant feel. Used item, but only a few signs of wear. See photos. Colors may vary as each device\/display shows colors differently.<\/p>\n<p>Shipping in insured package including tracking at regular DHL prices. Well packaged! The table is carefully and securely packaged (cardboard box lined with Styrofoam)! Includes shipping insurance and tracking. Shipping costs are automatically calculated for your destination in the shopping cart checkout. Before payment.<\/p>\n<p>&nbsp;<\/p><\/div>\n","protected":false},"featured_media":100250,"template":"","meta":{"_acf_changed":false},"product_brand":[],"product_cat":[14],"product_tag":[],"class_list":{"0":"post-100284","1":"product","2":"type-product","3":"status-publish","4":"has-post-thumbnail","6":"product_cat-tables","7":"product_shipping_class-paket-10-kg-bis-120-x-60-x-60-cm-en","9":"first","10":"instock","11":"purchasable","12":"product-type-simple"},"acf":[],"yoast_head":"<!-- This site is optimized with the Yoast SEO plugin v27.0 - https:\/\/yoast.com\/product\/yoast-seo-wordpress\/ -->\n<title>Rare mid-century walnut side table \/ coffee table with shelf by J\u00f8rgen Aakj\u00e6r J\u00f8rgensen for M\u00f8belintarsia \/ Danish Modern Design \/ 1960s - Vintage Galore<\/title>\n<meta name=\"robots\" content=\"index, follow, max-snippet:-1, max-image-preview:large, max-video-preview:-1\" \/>\n<link rel=\"canonical\" href=\"https:\/\/vintagegalore.de\/en\/produkt\/seltener-mid-century-walnuss-beistelltisch-couchtisch-mit-ablage-danish-modern-design-60er\/\" \/>\n<meta property=\"og:locale\" content=\"en_US\" \/>\n<meta property=\"og:type\" content=\"article\" \/>\n<meta property=\"og:title\" content=\"Rare mid-century walnut side table \/ coffee table with shelf by J\u00f8rgen Aakj\u00e6r J\u00f8rgensen for M\u00f8belintarsia \/ Danish Modern Design \/ 1960s - Vintage Galore\" \/>\n<meta property=\"og:description\" content=\"1950s-1960s, Denmark. Design: J\u00f8rgen Aakj\u00e6r J\u00f8rgensen for M\u00f8belintarsia. Walnut (veneer and solid wood). Particularly rare in this type of wood. Overall dimensions: approx. 49 x 51 x 44cm (height, width, depth). Exceptional craftsmanship. Especially the veneer on the main tabletop! Restored. Sanded, high-quality hard oil sealant. Satin-matte surfaces. Pleasant feel. Used item, but only a few signs of wear. See photos. Colors may vary as each device\/display shows colors differently.  Shipping in insured package including tracking at regular DHL prices. Well packaged! The table is carefully and securely packaged (cardboard box lined with Styrofoam)! Includes shipping insurance and tracking. Shipping costs are automatically calculated for your destination in the shopping cart checkout. Before payment.  &nbsp;\" \/>\n<meta property=\"og:url\" content=\"https:\/\/vintagegalore.de\/en\/produkt\/seltener-mid-century-walnuss-beistelltisch-couchtisch-mit-ablage-danish-modern-design-60er\/\" \/>\n<meta property=\"og:site_name\" content=\"Vintage Galore\" \/>\n<meta property=\"article:publisher\" content=\"https:\/\/www.facebook.com\/vintagegalore.de\" \/>\n<meta property=\"article:modified_time\" content=\"2026-01-12T14:53:05+00:00\" \/>\n<meta property=\"og:image\" content=\"https:\/\/vintagegalore.de\/wp-content\/uploads\/2025\/12\/499A0119-Kopie.jpg\" \/>\n\t<meta property=\"og:image:width\" content=\"591\" \/>\n\t<meta property=\"og:image:height\" content=\"887\" \/>\n\t<meta property=\"og:image:type\" content=\"image\/jpeg\" \/>\n<meta name=\"twitter:card\" content=\"summary_large_image\" \/>\n<meta name=\"twitter:label1\" content=\"Est. reading time\" \/>\n\t<meta name=\"twitter:data1\" content=\"1 minute\" \/>\n<script type=\"application\/ld+json\" class=\"yoast-schema-graph\">{\"@context\":\"https:\/\/schema.org\",\"@graph\":[{\"@type\":\"WebPage\",\"@id\":\"https:\/\/vintagegalore.de\/en\/produkt\/seltener-mid-century-walnuss-beistelltisch-couchtisch-mit-ablage-danish-modern-design-60er\/\",\"url\":\"https:\/\/vintagegalore.de\/en\/produkt\/seltener-mid-century-walnuss-beistelltisch-couchtisch-mit-ablage-danish-modern-design-60er\/\",\"name\":\"Rare mid-century walnut side table \/ coffee table with shelf by J\u00f8rgen Aakj\u00e6r J\u00f8rgensen for M\u00f8belintarsia \/ Danish Modern Design \/ 1960s - Vintage Galore\",\"isPartOf\":{\"@id\":\"https:\/\/vintagegalore.de\/#website\"},\"primaryImageOfPage\":{\"@id\":\"https:\/\/vintagegalore.de\/en\/produkt\/seltener-mid-century-walnuss-beistelltisch-couchtisch-mit-ablage-danish-modern-design-60er\/#primaryimage\"},\"image\":{\"@id\":\"https:\/\/vintagegalore.de\/en\/produkt\/seltener-mid-century-walnuss-beistelltisch-couchtisch-mit-ablage-danish-modern-design-60er\/#primaryimage\"},\"thumbnailUrl\":\"https:\/\/vintagegalore.de\/wp-content\/uploads\/2025\/12\/499A0119-Kopie.jpg\",\"datePublished\":\"2025-12-10T23:28:48+00:00\",\"dateModified\":\"2026-01-12T14:53:05+00:00\",\"breadcrumb\":{\"@id\":\"https:\/\/vintagegalore.de\/en\/produkt\/seltener-mid-century-walnuss-beistelltisch-couchtisch-mit-ablage-danish-modern-design-60er\/#breadcrumb\"},\"inLanguage\":\"en-US\",\"potentialAction\":[{\"@type\":\"ReadAction\",\"target\":[\"https:\/\/vintagegalore.de\/en\/produkt\/seltener-mid-century-walnuss-beistelltisch-couchtisch-mit-ablage-danish-modern-design-60er\/\"]}]},{\"@type\":\"ImageObject\",\"inLanguage\":\"en-US\",\"@id\":\"https:\/\/vintagegalore.de\/en\/produkt\/seltener-mid-century-walnuss-beistelltisch-couchtisch-mit-ablage-danish-modern-design-60er\/#primaryimage\",\"url\":\"https:\/\/vintagegalore.de\/wp-content\/uploads\/2025\/12\/499A0119-Kopie.jpg\",\"contentUrl\":\"https:\/\/vintagegalore.de\/wp-content\/uploads\/2025\/12\/499A0119-Kopie.jpg\",\"width\":591,\"height\":887},{\"@type\":\"BreadcrumbList\",\"@id\":\"https:\/\/vintagegalore.de\/en\/produkt\/seltener-mid-century-walnuss-beistelltisch-couchtisch-mit-ablage-danish-modern-design-60er\/#breadcrumb\",\"itemListElement\":[{\"@type\":\"ListItem\",\"position\":1,\"name\":\"Startseite\",\"item\":\"https:\/\/vintagegalore.de\/en\/\"},{\"@type\":\"ListItem\",\"position\":2,\"name\":\"Rare mid-century walnut side table \/ coffee table with shelf by J\u00f8rgen Aakj\u00e6r J\u00f8rgensen for M\u00f8belintarsia \/ Danish Modern Design \/ 1960s\"}]},{\"@type\":\"WebSite\",\"@id\":\"https:\/\/vintagegalore.de\/#website\",\"url\":\"https:\/\/vintagegalore.de\/\",\"name\":\"Vintage Galore\",\"description\":\"\",\"publisher\":{\"@id\":\"https:\/\/vintagegalore.de\/#organization\"},\"potentialAction\":[{\"@type\":\"SearchAction\",\"target\":{\"@type\":\"EntryPoint\",\"urlTemplate\":\"https:\/\/vintagegalore.de\/?s={search_term_string}\"},\"query-input\":{\"@type\":\"PropertyValueSpecification\",\"valueRequired\":true,\"valueName\":\"search_term_string\"}}],\"inLanguage\":\"en-US\"},{\"@type\":\"Organization\",\"@id\":\"https:\/\/vintagegalore.de\/#organization\",\"name\":\"Vintage Galore\",\"url\":\"https:\/\/vintagegalore.de\/\",\"logo\":{\"@type\":\"ImageObject\",\"inLanguage\":\"en-US\",\"@id\":\"https:\/\/vintagegalore.de\/#\/schema\/logo\/image\/\",\"url\":\"https:\/\/vintagegalore.de\/wp-content\/uploads\/2021\/04\/logo-vg-transparent.png\",\"contentUrl\":\"https:\/\/vintagegalore.de\/wp-content\/uploads\/2021\/04\/logo-vg-transparent.png\",\"width\":500,\"height\":86,\"caption\":\"Vintage Galore\"},\"image\":{\"@id\":\"https:\/\/vintagegalore.de\/#\/schema\/logo\/image\/\"},\"sameAs\":[\"https:\/\/www.facebook.com\/vintagegalore.de\",\"https:\/\/www.instagram.com\/vintagegalorestore\/\"]}]}<\/script>\n<!-- \/ Yoast SEO plugin. -->","yoast_head_json":{"title":"Rare mid-century walnut side table \/ coffee table with shelf by J\u00f8rgen Aakj\u00e6r J\u00f8rgensen for M\u00f8belintarsia \/ Danish Modern Design \/ 1960s - Vintage Galore","robots":{"index":"index","follow":"follow","max-snippet":"max-snippet:-1","max-image-preview":"max-image-preview:large","max-video-preview":"max-video-preview:-1"},"canonical":"https:\/\/vintagegalore.de\/en\/produkt\/seltener-mid-century-walnuss-beistelltisch-couchtisch-mit-ablage-danish-modern-design-60er\/","og_locale":"en_US","og_type":"article","og_title":"Rare mid-century walnut side table \/ coffee table with shelf by J\u00f8rgen Aakj\u00e6r J\u00f8rgensen for M\u00f8belintarsia \/ Danish Modern Design \/ 1960s - Vintage Galore","og_description":"1950s-1960s, Denmark. Design: J\u00f8rgen Aakj\u00e6r J\u00f8rgensen for M\u00f8belintarsia. Walnut (veneer and solid wood). Particularly rare in this type of wood. Overall dimensions: approx. 49 x 51 x 44cm (height, width, depth). Exceptional craftsmanship. Especially the veneer on the main tabletop! Restored. Sanded, high-quality hard oil sealant. Satin-matte surfaces. Pleasant feel. Used item, but only a few signs of wear. See photos. Colors may vary as each device\/display shows colors differently.  Shipping in insured package including tracking at regular DHL prices. Well packaged! The table is carefully and securely packaged (cardboard box lined with Styrofoam)! Includes shipping insurance and tracking. Shipping costs are automatically calculated for your destination in the shopping cart checkout. Before payment.  &nbsp;","og_url":"https:\/\/vintagegalore.de\/en\/produkt\/seltener-mid-century-walnuss-beistelltisch-couchtisch-mit-ablage-danish-modern-design-60er\/","og_site_name":"Vintage Galore","article_publisher":"https:\/\/www.facebook.com\/vintagegalore.de","article_modified_time":"2026-01-12T14:53:05+00:00","og_image":[{"width":591,"height":887,"url":"https:\/\/vintagegalore.de\/wp-content\/uploads\/2025\/12\/499A0119-Kopie.jpg","type":"image\/jpeg"}],"twitter_card":"summary_large_image","twitter_misc":{"Est. reading time":"1 minute"},"schema":{"@context":"https:\/\/schema.org","@graph":[{"@type":"WebPage","@id":"https:\/\/vintagegalore.de\/en\/produkt\/seltener-mid-century-walnuss-beistelltisch-couchtisch-mit-ablage-danish-modern-design-60er\/","url":"https:\/\/vintagegalore.de\/en\/produkt\/seltener-mid-century-walnuss-beistelltisch-couchtisch-mit-ablage-danish-modern-design-60er\/","name":"Rare mid-century walnut side table \/ coffee table with shelf by J\u00f8rgen Aakj\u00e6r J\u00f8rgensen for M\u00f8belintarsia \/ Danish Modern Design \/ 1960s - Vintage Galore","isPartOf":{"@id":"https:\/\/vintagegalore.de\/#website"},"primaryImageOfPage":{"@id":"https:\/\/vintagegalore.de\/en\/produkt\/seltener-mid-century-walnuss-beistelltisch-couchtisch-mit-ablage-danish-modern-design-60er\/#primaryimage"},"image":{"@id":"https:\/\/vintagegalore.de\/en\/produkt\/seltener-mid-century-walnuss-beistelltisch-couchtisch-mit-ablage-danish-modern-design-60er\/#primaryimage"},"thumbnailUrl":"https:\/\/vintagegalore.de\/wp-content\/uploads\/2025\/12\/499A0119-Kopie.jpg","datePublished":"2025-12-10T23:28:48+00:00","dateModified":"2026-01-12T14:53:05+00:00","breadcrumb":{"@id":"https:\/\/vintagegalore.de\/en\/produkt\/seltener-mid-century-walnuss-beistelltisch-couchtisch-mit-ablage-danish-modern-design-60er\/#breadcrumb"},"inLanguage":"en-US","potentialAction":[{"@type":"ReadAction","target":["https:\/\/vintagegalore.de\/en\/produkt\/seltener-mid-century-walnuss-beistelltisch-couchtisch-mit-ablage-danish-modern-design-60er\/"]}]},{"@type":"ImageObject","inLanguage":"en-US","@id":"https:\/\/vintagegalore.de\/en\/produkt\/seltener-mid-century-walnuss-beistelltisch-couchtisch-mit-ablage-danish-modern-design-60er\/#primaryimage","url":"https:\/\/vintagegalore.de\/wp-content\/uploads\/2025\/12\/499A0119-Kopie.jpg","contentUrl":"https:\/\/vintagegalore.de\/wp-content\/uploads\/2025\/12\/499A0119-Kopie.jpg","width":591,"height":887},{"@type":"BreadcrumbList","@id":"https:\/\/vintagegalore.de\/en\/produkt\/seltener-mid-century-walnuss-beistelltisch-couchtisch-mit-ablage-danish-modern-design-60er\/#breadcrumb","itemListElement":[{"@type":"ListItem","position":1,"name":"Startseite","item":"https:\/\/vintagegalore.de\/en\/"},{"@type":"ListItem","position":2,"name":"Rare mid-century walnut side table \/ coffee table with shelf by J\u00f8rgen Aakj\u00e6r J\u00f8rgensen for M\u00f8belintarsia \/ Danish Modern Design \/ 1960s"}]},{"@type":"WebSite","@id":"https:\/\/vintagegalore.de\/#website","url":"https:\/\/vintagegalore.de\/","name":"Vintage Galore","description":"","publisher":{"@id":"https:\/\/vintagegalore.de\/#organization"},"potentialAction":[{"@type":"SearchAction","target":{"@type":"EntryPoint","urlTemplate":"https:\/\/vintagegalore.de\/?s={search_term_string}"},"query-input":{"@type":"PropertyValueSpecification","valueRequired":true,"valueName":"search_term_string"}}],"inLanguage":"en-US"},{"@type":"Organization","@id":"https:\/\/vintagegalore.de\/#organization","name":"Vintage Galore","url":"https:\/\/vintagegalore.de\/","logo":{"@type":"ImageObject","inLanguage":"en-US","@id":"https:\/\/vintagegalore.de\/#\/schema\/logo\/image\/","url":"https:\/\/vintagegalore.de\/wp-content\/uploads\/2021\/04\/logo-vg-transparent.png","contentUrl":"https:\/\/vintagegalore.de\/wp-content\/uploads\/2021\/04\/logo-vg-transparent.png","width":500,"height":86,"caption":"Vintage Galore"},"image":{"@id":"https:\/\/vintagegalore.de\/#\/schema\/logo\/image\/"},"sameAs":["https:\/\/www.facebook.com\/vintagegalore.de","https:\/\/www.instagram.com\/vintagegalorestore\/"]}]}},"_links":{"self":[{"href":"https:\/\/vintagegalore.de\/en\/wp-json\/wp\/v2\/product\/100284","targetHints":{"allow":["GET"]}}],"collection":[{"href":"https:\/\/vintagegalore.de\/en\/wp-json\/wp\/v2\/product"}],"about":[{"href":"https:\/\/vintagegalore.de\/en\/wp-json\/wp\/v2\/types\/product"}],"wp:featuredmedia":[{"embeddable":true,"href":"https:\/\/vintagegalore.de\/en\/wp-json\/wp\/v2\/media\/100250"}],"wp:attachment":[{"href":"https:\/\/vintagegalore.de\/en\/wp-json\/wp\/v2\/media?parent=100284"}],"wp:term":[{"taxonomy":"product_brand","embeddable":true,"href":"https:\/\/vintagegalore.de\/en\/wp-json\/wp\/v2\/product_brand?post=100284"},{"taxonomy":"product_cat","embeddable":true,"href":"https:\/\/vintagegalore.de\/en\/wp-json\/wp\/v2\/product_cat?post=100284"},{"taxonomy":"product_tag","embeddable":true,"href":"https:\/\/vintagegalore.de\/en\/wp-json\/wp\/v2\/product_tag?post=100284"}],"curies":[{"name":"wp","href":"https:\/\/api.w.org\/{rel}","templated":true}]}}