{"id":104478,"date":"2026-04-20T11:45:33","date_gmt":"2026-04-20T09:45:33","guid":{"rendered":"https:\/\/vintagegalore.de\/produkt\/seltene-joergen-holstein-keramik-tischleuchte-mid-century-danish-modern-design-lampe-tuerkis-60er-70er-jahre\/"},"modified":"2026-04-20T11:54:46","modified_gmt":"2026-04-20T09:54:46","slug":"seltene-joergen-holstein-keramik-tischleuchte-mid-century-danish-modern-design-lampe-tuerkis-60er-70er-jahre","status":"publish","type":"product","link":"https:\/\/vintagegalore.de\/en\/produkt\/seltene-joergen-holstein-keramik-tischleuchte-mid-century-danish-modern-design-lampe-tuerkis-60er-70er-jahre\/","title":{"rendered":"Rare J\u00f8rgen Holstein Ceramic Table Lamp \/ Mid-Century Danish Modern Design \/ Lamp \/ Turquoise \/ 1960s \/ 1970s"},"content":{"rendered":"<p>1960er-1970er Jahre, Design und Ausf\u00fchrung: J\u00f8rgen Holstein, Kopenhagen, D\u00e4nemark. Seltenes St\u00fcck, sogar mit dem Original-Papieraufkleber, der meistens fehlt. Besonders sch\u00f6ne Glasur. Gesamtma\u00dfe: ca. 43 x 25cm (H\u00f6he, Durchmesser). Der Lampenschirm wurde erneuert, Bezugsmaterial: Jute. E27-Bakelit-Fassung (110-250V, weltweit anwendbar), Textilkabel (ca. 2m), Schnurschalter (designed by Achille Castiglioni) und Eurostecker. Kommt mit sparsamem 230V-LED-Leuchtmittel in warmwei\u00df. Gebrauchtware. Sehr guter Zustand. Keine Defekte. Dies sind die Originalfotos der zum Verkauf stehenden Artikel. Trotzdem k\u00f6nnen die Farben leicht variieren, da sie auf verschiedenen Ger\u00e4ten \/ Bildschirmen unterschiedlich dargestellt werden.<\/p>\n<div>\n<div>\n<h6 class=\"woocommerce-product-details__short-description\">Versand im versicherten Paket inkl. Tracking zu regul\u00e4ren DHL-Preisen. Gut verpackt! Die Versandkosten werden im Warenkorb-Checkout automatisch f\u00fcr Deine Adresse kalkuliert \u2013 nat\u00fcrlich vor der Bezahlung.<\/h6>\n<\/div>\n<\/div>\n","protected":false},"excerpt":{"rendered":"<div>1960s\u20131970s, design and craftsmanship: J\u00f8rgen Holstein, Copenhagen, Denmark. A rare piece, even featuring the original paper label, which is usually missing. Particularly beautiful glaze. Overall dimensions: approx. 43 x 25 cm (height, diameter). The lampshade has been replaced: high-quality lampshade with jute fabric typical of the era. Alternatively available with a high-quality cream-white fabric lampshade upon request. See photos labeled \u201cOption 2\u201d (in this case, please send a note after placing your order). E27 Bakelite socket (110-250V, suitable for worldwide use), textile cord (approx. 2m), cord switch (designed by Achille Castiglioni), and Euro plug. Comes with an energy-efficient 230V LED bulb in warm white. Used item in very good condition. Only slight signs of use. These are the original photos of the items for sale. However, colors may vary slightly as they are displayed differently on various devices\/screens.<\/p>\n<p>Shipping in an insured package with tracking at standard DHL rates. Well-packaged! Shipping costs are automatically calculated for your address during checkout\u2014of course, before payment.<\/p>\n<p>&nbsp;<\/p><\/div>\n","protected":false},"featured_media":104441,"template":"","meta":{"_acf_changed":false},"product_brand":[],"product_cat":[13],"product_tag":[],"class_list":{"0":"post-104478","1":"product","2":"type-product","3":"status-publish","4":"has-post-thumbnail","6":"product_cat-table-lamps","7":"product_shipping_class-paket-10-kg-bis-120-x-60-x-60-cm-en","9":"first","10":"instock","11":"purchasable","12":"product-type-simple"},"acf":[],"yoast_head":"<!-- This site is optimized with the Yoast SEO plugin v27.0 - https:\/\/yoast.com\/product\/yoast-seo-wordpress\/ -->\n<title>Rare J\u00f8rgen Holstein Ceramic Table Lamp \/ Mid-Century Danish Modern Design \/ Lamp \/ Turquoise \/ 1960s \/ 1970s - Vintage Galore<\/title>\n<meta name=\"robots\" content=\"index, follow, max-snippet:-1, max-image-preview:large, max-video-preview:-1\" \/>\n<link rel=\"canonical\" href=\"https:\/\/vintagegalore.de\/en\/produkt\/seltene-joergen-holstein-keramik-tischleuchte-mid-century-danish-modern-design-lampe-tuerkis-60er-70er-jahre\/\" \/>\n<meta property=\"og:locale\" content=\"en_US\" \/>\n<meta property=\"og:type\" content=\"article\" \/>\n<meta property=\"og:title\" content=\"Rare J\u00f8rgen Holstein Ceramic Table Lamp \/ Mid-Century Danish Modern Design \/ Lamp \/ Turquoise \/ 1960s \/ 1970s - Vintage Galore\" \/>\n<meta property=\"og:description\" content=\"1960s\u20131970s, design and craftsmanship: J\u00f8rgen Holstein, Copenhagen, Denmark. A rare piece, even featuring the original paper label, which is usually missing. Particularly beautiful glaze. Overall dimensions: approx. 43 x 25 cm (height, diameter). The lampshade has been replaced: high-quality lampshade with jute fabric typical of the era. Alternatively available with a high-quality cream-white fabric lampshade upon request. See photos labeled \u201cOption 2\u201d (in this case, please send a note after placing your order). E27 Bakelite socket (110-250V, suitable for worldwide use), textile cord (approx. 2m), cord switch (designed by Achille Castiglioni), and Euro plug. Comes with an energy-efficient 230V LED bulb in warm white. Used item in very good condition. Only slight signs of use. These are the original photos of the items for sale. However, colors may vary slightly as they are displayed differently on various devices\/screens.  Shipping in an insured package with tracking at standard DHL rates. Well-packaged! Shipping costs are automatically calculated for your address during checkout\u2014of course, before payment.  &nbsp;\" \/>\n<meta property=\"og:url\" content=\"https:\/\/vintagegalore.de\/en\/produkt\/seltene-joergen-holstein-keramik-tischleuchte-mid-century-danish-modern-design-lampe-tuerkis-60er-70er-jahre\/\" \/>\n<meta property=\"og:site_name\" content=\"Vintage Galore\" \/>\n<meta property=\"article:publisher\" content=\"https:\/\/www.facebook.com\/vintagegalore.de\" \/>\n<meta property=\"article:modified_time\" content=\"2026-04-20T09:54:46+00:00\" \/>\n<meta property=\"og:image\" content=\"https:\/\/vintagegalore.de\/wp-content\/uploads\/2026\/04\/499A3486-Kopie-Kopie.jpg\" \/>\n\t<meta property=\"og:image:width\" content=\"591\" \/>\n\t<meta property=\"og:image:height\" content=\"887\" \/>\n\t<meta property=\"og:image:type\" content=\"image\/jpeg\" \/>\n<meta name=\"twitter:card\" content=\"summary_large_image\" \/>\n<meta name=\"twitter:label1\" content=\"Est. reading time\" \/>\n\t<meta name=\"twitter:data1\" content=\"1 minute\" \/>\n<script type=\"application\/ld+json\" class=\"yoast-schema-graph\">{\"@context\":\"https:\/\/schema.org\",\"@graph\":[{\"@type\":\"WebPage\",\"@id\":\"https:\/\/vintagegalore.de\/en\/produkt\/seltene-joergen-holstein-keramik-tischleuchte-mid-century-danish-modern-design-lampe-tuerkis-60er-70er-jahre\/\",\"url\":\"https:\/\/vintagegalore.de\/en\/produkt\/seltene-joergen-holstein-keramik-tischleuchte-mid-century-danish-modern-design-lampe-tuerkis-60er-70er-jahre\/\",\"name\":\"Rare J\u00f8rgen Holstein Ceramic Table Lamp \/ Mid-Century Danish Modern Design \/ Lamp \/ Turquoise \/ 1960s \/ 1970s - Vintage Galore\",\"isPartOf\":{\"@id\":\"https:\/\/vintagegalore.de\/#website\"},\"primaryImageOfPage\":{\"@id\":\"https:\/\/vintagegalore.de\/en\/produkt\/seltene-joergen-holstein-keramik-tischleuchte-mid-century-danish-modern-design-lampe-tuerkis-60er-70er-jahre\/#primaryimage\"},\"image\":{\"@id\":\"https:\/\/vintagegalore.de\/en\/produkt\/seltene-joergen-holstein-keramik-tischleuchte-mid-century-danish-modern-design-lampe-tuerkis-60er-70er-jahre\/#primaryimage\"},\"thumbnailUrl\":\"https:\/\/vintagegalore.de\/wp-content\/uploads\/2026\/04\/499A3486-Kopie-Kopie.jpg\",\"datePublished\":\"2026-04-20T09:45:33+00:00\",\"dateModified\":\"2026-04-20T09:54:46+00:00\",\"breadcrumb\":{\"@id\":\"https:\/\/vintagegalore.de\/en\/produkt\/seltene-joergen-holstein-keramik-tischleuchte-mid-century-danish-modern-design-lampe-tuerkis-60er-70er-jahre\/#breadcrumb\"},\"inLanguage\":\"en-US\",\"potentialAction\":[{\"@type\":\"ReadAction\",\"target\":[\"https:\/\/vintagegalore.de\/en\/produkt\/seltene-joergen-holstein-keramik-tischleuchte-mid-century-danish-modern-design-lampe-tuerkis-60er-70er-jahre\/\"]}]},{\"@type\":\"ImageObject\",\"inLanguage\":\"en-US\",\"@id\":\"https:\/\/vintagegalore.de\/en\/produkt\/seltene-joergen-holstein-keramik-tischleuchte-mid-century-danish-modern-design-lampe-tuerkis-60er-70er-jahre\/#primaryimage\",\"url\":\"https:\/\/vintagegalore.de\/wp-content\/uploads\/2026\/04\/499A3486-Kopie-Kopie.jpg\",\"contentUrl\":\"https:\/\/vintagegalore.de\/wp-content\/uploads\/2026\/04\/499A3486-Kopie-Kopie.jpg\",\"width\":591,\"height\":887},{\"@type\":\"BreadcrumbList\",\"@id\":\"https:\/\/vintagegalore.de\/en\/produkt\/seltene-joergen-holstein-keramik-tischleuchte-mid-century-danish-modern-design-lampe-tuerkis-60er-70er-jahre\/#breadcrumb\",\"itemListElement\":[{\"@type\":\"ListItem\",\"position\":1,\"name\":\"Startseite\",\"item\":\"https:\/\/vintagegalore.de\/en\/\"},{\"@type\":\"ListItem\",\"position\":2,\"name\":\"Rare J\u00f8rgen Holstein Ceramic Table Lamp \/ Mid-Century Danish Modern Design \/ Lamp \/ Turquoise \/ 1960s \/ 1970s\"}]},{\"@type\":\"WebSite\",\"@id\":\"https:\/\/vintagegalore.de\/#website\",\"url\":\"https:\/\/vintagegalore.de\/\",\"name\":\"Vintage Galore\",\"description\":\"\",\"publisher\":{\"@id\":\"https:\/\/vintagegalore.de\/#organization\"},\"potentialAction\":[{\"@type\":\"SearchAction\",\"target\":{\"@type\":\"EntryPoint\",\"urlTemplate\":\"https:\/\/vintagegalore.de\/?s={search_term_string}\"},\"query-input\":{\"@type\":\"PropertyValueSpecification\",\"valueRequired\":true,\"valueName\":\"search_term_string\"}}],\"inLanguage\":\"en-US\"},{\"@type\":\"Organization\",\"@id\":\"https:\/\/vintagegalore.de\/#organization\",\"name\":\"Vintage Galore\",\"url\":\"https:\/\/vintagegalore.de\/\",\"logo\":{\"@type\":\"ImageObject\",\"inLanguage\":\"en-US\",\"@id\":\"https:\/\/vintagegalore.de\/#\/schema\/logo\/image\/\",\"url\":\"https:\/\/vintagegalore.de\/wp-content\/uploads\/2021\/04\/logo-vg-transparent.png\",\"contentUrl\":\"https:\/\/vintagegalore.de\/wp-content\/uploads\/2021\/04\/logo-vg-transparent.png\",\"width\":500,\"height\":86,\"caption\":\"Vintage Galore\"},\"image\":{\"@id\":\"https:\/\/vintagegalore.de\/#\/schema\/logo\/image\/\"},\"sameAs\":[\"https:\/\/www.facebook.com\/vintagegalore.de\",\"https:\/\/www.instagram.com\/vintagegalorestore\/\"]}]}<\/script>\n<!-- \/ Yoast SEO plugin. -->","yoast_head_json":{"title":"Rare J\u00f8rgen Holstein Ceramic Table Lamp \/ Mid-Century Danish Modern Design \/ Lamp \/ Turquoise \/ 1960s \/ 1970s - Vintage Galore","robots":{"index":"index","follow":"follow","max-snippet":"max-snippet:-1","max-image-preview":"max-image-preview:large","max-video-preview":"max-video-preview:-1"},"canonical":"https:\/\/vintagegalore.de\/en\/produkt\/seltene-joergen-holstein-keramik-tischleuchte-mid-century-danish-modern-design-lampe-tuerkis-60er-70er-jahre\/","og_locale":"en_US","og_type":"article","og_title":"Rare J\u00f8rgen Holstein Ceramic Table Lamp \/ Mid-Century Danish Modern Design \/ Lamp \/ Turquoise \/ 1960s \/ 1970s - Vintage Galore","og_description":"1960s\u20131970s, design and craftsmanship: J\u00f8rgen Holstein, Copenhagen, Denmark. A rare piece, even featuring the original paper label, which is usually missing. Particularly beautiful glaze. Overall dimensions: approx. 43 x 25 cm (height, diameter). The lampshade has been replaced: high-quality lampshade with jute fabric typical of the era. Alternatively available with a high-quality cream-white fabric lampshade upon request. See photos labeled \u201cOption 2\u201d (in this case, please send a note after placing your order). E27 Bakelite socket (110-250V, suitable for worldwide use), textile cord (approx. 2m), cord switch (designed by Achille Castiglioni), and Euro plug. Comes with an energy-efficient 230V LED bulb in warm white. Used item in very good condition. Only slight signs of use. These are the original photos of the items for sale. However, colors may vary slightly as they are displayed differently on various devices\/screens.  Shipping in an insured package with tracking at standard DHL rates. Well-packaged! Shipping costs are automatically calculated for your address during checkout\u2014of course, before payment.  &nbsp;","og_url":"https:\/\/vintagegalore.de\/en\/produkt\/seltene-joergen-holstein-keramik-tischleuchte-mid-century-danish-modern-design-lampe-tuerkis-60er-70er-jahre\/","og_site_name":"Vintage Galore","article_publisher":"https:\/\/www.facebook.com\/vintagegalore.de","article_modified_time":"2026-04-20T09:54:46+00:00","og_image":[{"width":591,"height":887,"url":"https:\/\/vintagegalore.de\/wp-content\/uploads\/2026\/04\/499A3486-Kopie-Kopie.jpg","type":"image\/jpeg"}],"twitter_card":"summary_large_image","twitter_misc":{"Est. reading time":"1 minute"},"schema":{"@context":"https:\/\/schema.org","@graph":[{"@type":"WebPage","@id":"https:\/\/vintagegalore.de\/en\/produkt\/seltene-joergen-holstein-keramik-tischleuchte-mid-century-danish-modern-design-lampe-tuerkis-60er-70er-jahre\/","url":"https:\/\/vintagegalore.de\/en\/produkt\/seltene-joergen-holstein-keramik-tischleuchte-mid-century-danish-modern-design-lampe-tuerkis-60er-70er-jahre\/","name":"Rare J\u00f8rgen Holstein Ceramic Table Lamp \/ Mid-Century Danish Modern Design \/ Lamp \/ Turquoise \/ 1960s \/ 1970s - Vintage Galore","isPartOf":{"@id":"https:\/\/vintagegalore.de\/#website"},"primaryImageOfPage":{"@id":"https:\/\/vintagegalore.de\/en\/produkt\/seltene-joergen-holstein-keramik-tischleuchte-mid-century-danish-modern-design-lampe-tuerkis-60er-70er-jahre\/#primaryimage"},"image":{"@id":"https:\/\/vintagegalore.de\/en\/produkt\/seltene-joergen-holstein-keramik-tischleuchte-mid-century-danish-modern-design-lampe-tuerkis-60er-70er-jahre\/#primaryimage"},"thumbnailUrl":"https:\/\/vintagegalore.de\/wp-content\/uploads\/2026\/04\/499A3486-Kopie-Kopie.jpg","datePublished":"2026-04-20T09:45:33+00:00","dateModified":"2026-04-20T09:54:46+00:00","breadcrumb":{"@id":"https:\/\/vintagegalore.de\/en\/produkt\/seltene-joergen-holstein-keramik-tischleuchte-mid-century-danish-modern-design-lampe-tuerkis-60er-70er-jahre\/#breadcrumb"},"inLanguage":"en-US","potentialAction":[{"@type":"ReadAction","target":["https:\/\/vintagegalore.de\/en\/produkt\/seltene-joergen-holstein-keramik-tischleuchte-mid-century-danish-modern-design-lampe-tuerkis-60er-70er-jahre\/"]}]},{"@type":"ImageObject","inLanguage":"en-US","@id":"https:\/\/vintagegalore.de\/en\/produkt\/seltene-joergen-holstein-keramik-tischleuchte-mid-century-danish-modern-design-lampe-tuerkis-60er-70er-jahre\/#primaryimage","url":"https:\/\/vintagegalore.de\/wp-content\/uploads\/2026\/04\/499A3486-Kopie-Kopie.jpg","contentUrl":"https:\/\/vintagegalore.de\/wp-content\/uploads\/2026\/04\/499A3486-Kopie-Kopie.jpg","width":591,"height":887},{"@type":"BreadcrumbList","@id":"https:\/\/vintagegalore.de\/en\/produkt\/seltene-joergen-holstein-keramik-tischleuchte-mid-century-danish-modern-design-lampe-tuerkis-60er-70er-jahre\/#breadcrumb","itemListElement":[{"@type":"ListItem","position":1,"name":"Startseite","item":"https:\/\/vintagegalore.de\/en\/"},{"@type":"ListItem","position":2,"name":"Rare J\u00f8rgen Holstein Ceramic Table Lamp \/ Mid-Century Danish Modern Design \/ Lamp \/ Turquoise \/ 1960s \/ 1970s"}]},{"@type":"WebSite","@id":"https:\/\/vintagegalore.de\/#website","url":"https:\/\/vintagegalore.de\/","name":"Vintage Galore","description":"","publisher":{"@id":"https:\/\/vintagegalore.de\/#organization"},"potentialAction":[{"@type":"SearchAction","target":{"@type":"EntryPoint","urlTemplate":"https:\/\/vintagegalore.de\/?s={search_term_string}"},"query-input":{"@type":"PropertyValueSpecification","valueRequired":true,"valueName":"search_term_string"}}],"inLanguage":"en-US"},{"@type":"Organization","@id":"https:\/\/vintagegalore.de\/#organization","name":"Vintage Galore","url":"https:\/\/vintagegalore.de\/","logo":{"@type":"ImageObject","inLanguage":"en-US","@id":"https:\/\/vintagegalore.de\/#\/schema\/logo\/image\/","url":"https:\/\/vintagegalore.de\/wp-content\/uploads\/2021\/04\/logo-vg-transparent.png","contentUrl":"https:\/\/vintagegalore.de\/wp-content\/uploads\/2021\/04\/logo-vg-transparent.png","width":500,"height":86,"caption":"Vintage Galore"},"image":{"@id":"https:\/\/vintagegalore.de\/#\/schema\/logo\/image\/"},"sameAs":["https:\/\/www.facebook.com\/vintagegalore.de","https:\/\/www.instagram.com\/vintagegalorestore\/"]}]}},"_links":{"self":[{"href":"https:\/\/vintagegalore.de\/en\/wp-json\/wp\/v2\/product\/104478","targetHints":{"allow":["GET"]}}],"collection":[{"href":"https:\/\/vintagegalore.de\/en\/wp-json\/wp\/v2\/product"}],"about":[{"href":"https:\/\/vintagegalore.de\/en\/wp-json\/wp\/v2\/types\/product"}],"wp:featuredmedia":[{"embeddable":true,"href":"https:\/\/vintagegalore.de\/en\/wp-json\/wp\/v2\/media\/104441"}],"wp:attachment":[{"href":"https:\/\/vintagegalore.de\/en\/wp-json\/wp\/v2\/media?parent=104478"}],"wp:term":[{"taxonomy":"product_brand","embeddable":true,"href":"https:\/\/vintagegalore.de\/en\/wp-json\/wp\/v2\/product_brand?post=104478"},{"taxonomy":"product_cat","embeddable":true,"href":"https:\/\/vintagegalore.de\/en\/wp-json\/wp\/v2\/product_cat?post=104478"},{"taxonomy":"product_tag","embeddable":true,"href":"https:\/\/vintagegalore.de\/en\/wp-json\/wp\/v2\/product_tag?post=104478"}],"curies":[{"name":"wp","href":"https:\/\/api.w.org\/{rel}","templated":true}]}}