{"id":72510,"date":"2022-12-19T05:28:56","date_gmt":"2022-12-19T04:28:56","guid":{"rendered":"https:\/\/vintagegalore.benignware.com\/produkt\/xl-mid-century-tischleuchte-danish-modern-design-handgefertigt-schamott-technik-teak\/"},"modified":"2025-01-30T21:55:45","modified_gmt":"2025-01-30T20:55:45","slug":"xl-mid-century-tischleuchte-danish-modern-design-handgefertigt-schamott-technik-teak","status":"publish","type":"product","link":"https:\/\/vintagegalore.de\/en\/produkt\/xl-mid-century-tischleuchte-danish-modern-design-handgefertigt-schamott-technik-teak\/","title":{"rendered":"XL 1960s-1970s Kr\u00f6sselbach \/ Cl\u00e4re Zange table lamp \/ fireclay technique \/ teak \/ Brutalist Danish Modern Design"},"content":{"rendered":"","protected":false},"excerpt":{"rendered":"<div>Kr\u00f6sselbach, design: Cl\u00e4re Zange (-Schie\u00dfler), 1960s-1970s, Germany (west). Handmade lamp base (fireclay technique), signed with the Kr\u00f6sselbach logo. With Teak top. Comes with textile cable, switch (designed by Achille Castiglioni), euro-plug and lightbulb in warm-white. High quality new lampshade in linen + viscose (&#8220;curry-yellow&#8221;, plain weave. Overall dimensions: approx. 64x35cm (height, diameter). E27 Bakelite socket, can be used with classic and modern LED bulbs. Used item. No defects. See photos. Colors may vary as each device\/display displays colors differently.<\/p>\n<p>Shipping in an insured package incl. tracking at regular DHL prices. Well packed! For combined shipping when buying multiple items, please contact me via the \u201cInquiry\u201d button before buying.<\/p><\/div>\n","protected":false},"featured_media":74857,"template":"","meta":{"_acf_changed":false},"product_brand":[],"product_cat":[13],"product_tag":[],"class_list":{"0":"post-72510","1":"product","2":"type-product","3":"status-publish","4":"has-post-thumbnail","6":"product_cat-table-lamps","7":"product_shipping_class-6-2x-paket-5kg-120x60x60cm-10kg-120x60x60cm-en","9":"first","10":"outofstock","11":"purchasable","12":"product-type-simple"},"acf":[],"yoast_head":"<!-- This site is optimized with the Yoast SEO plugin v27.0 - https:\/\/yoast.com\/product\/yoast-seo-wordpress\/ -->\n<title>XL 1960s-1970s Kr\u00f6sselbach \/ Cl\u00e4re Zange table lamp \/ fireclay technique \/ teak \/ Brutalist Danish Modern Design - Vintage Galore<\/title>\n<meta name=\"robots\" content=\"index, follow, max-snippet:-1, max-image-preview:large, max-video-preview:-1\" \/>\n<link rel=\"canonical\" href=\"https:\/\/vintagegalore.de\/en\/produkt\/xl-mid-century-tischleuchte-danish-modern-design-handgefertigt-schamott-technik-teak\/\" \/>\n<meta property=\"og:locale\" content=\"en_US\" \/>\n<meta property=\"og:type\" content=\"article\" \/>\n<meta property=\"og:title\" content=\"XL 1960s-1970s Kr\u00f6sselbach \/ Cl\u00e4re Zange table lamp \/ fireclay technique \/ teak \/ Brutalist Danish Modern Design - Vintage Galore\" \/>\n<meta property=\"og:description\" content=\"Kr\u00f6sselbach, design: Cl\u00e4re Zange (-Schie\u00dfler), 1960s-1970s, Germany (west). Handmade lamp base (fireclay technique), signed with the Kr\u00f6sselbach logo. With Teak top. Comes with textile cable, switch (designed by Achille Castiglioni), euro-plug and lightbulb in warm-white. High quality new lampshade in linen + viscose (&quot;curry-yellow&quot;, plain weave. Overall dimensions: approx. 64x35cm (height, diameter). E27 Bakelite socket, can be used with classic and modern LED bulbs. Used item. No defects. See photos. Colors may vary as each device\/display displays colors differently.  Shipping in an insured package incl. tracking at regular DHL prices. Well packed! For combined shipping when buying multiple items, please contact me via the \u201cInquiry\u201d button before buying.\" \/>\n<meta property=\"og:url\" content=\"https:\/\/vintagegalore.de\/en\/produkt\/xl-mid-century-tischleuchte-danish-modern-design-handgefertigt-schamott-technik-teak\/\" \/>\n<meta property=\"og:site_name\" content=\"Vintage Galore\" \/>\n<meta property=\"article:publisher\" content=\"https:\/\/www.facebook.com\/vintagegalore.de\" \/>\n<meta property=\"article:modified_time\" content=\"2025-01-30T20:55:45+00:00\" \/>\n<meta property=\"og:image\" content=\"https:\/\/vintagegalore.de\/wp-content\/uploads\/2023\/07\/499A2698cd-Kopie.jpg\" \/>\n\t<meta property=\"og:image:width\" content=\"542\" \/>\n\t<meta property=\"og:image:height\" content=\"887\" \/>\n\t<meta property=\"og:image:type\" content=\"image\/jpeg\" \/>\n<meta name=\"twitter:card\" content=\"summary_large_image\" \/>\n<meta name=\"twitter:label1\" content=\"Est. reading time\" \/>\n\t<meta name=\"twitter:data1\" content=\"1 minute\" \/>\n<script type=\"application\/ld+json\" class=\"yoast-schema-graph\">{\"@context\":\"https:\/\/schema.org\",\"@graph\":[{\"@type\":\"WebPage\",\"@id\":\"https:\/\/vintagegalore.de\/en\/produkt\/xl-mid-century-tischleuchte-danish-modern-design-handgefertigt-schamott-technik-teak\/\",\"url\":\"https:\/\/vintagegalore.de\/en\/produkt\/xl-mid-century-tischleuchte-danish-modern-design-handgefertigt-schamott-technik-teak\/\",\"name\":\"XL 1960s-1970s Kr\u00f6sselbach \/ Cl\u00e4re Zange table lamp \/ fireclay technique \/ teak \/ Brutalist Danish Modern Design - Vintage Galore\",\"isPartOf\":{\"@id\":\"https:\/\/vintagegalore.de\/#website\"},\"primaryImageOfPage\":{\"@id\":\"https:\/\/vintagegalore.de\/en\/produkt\/xl-mid-century-tischleuchte-danish-modern-design-handgefertigt-schamott-technik-teak\/#primaryimage\"},\"image\":{\"@id\":\"https:\/\/vintagegalore.de\/en\/produkt\/xl-mid-century-tischleuchte-danish-modern-design-handgefertigt-schamott-technik-teak\/#primaryimage\"},\"thumbnailUrl\":\"https:\/\/vintagegalore.de\/wp-content\/uploads\/2023\/07\/499A2698cd-Kopie.jpg\",\"datePublished\":\"2022-12-19T04:28:56+00:00\",\"dateModified\":\"2025-01-30T20:55:45+00:00\",\"breadcrumb\":{\"@id\":\"https:\/\/vintagegalore.de\/en\/produkt\/xl-mid-century-tischleuchte-danish-modern-design-handgefertigt-schamott-technik-teak\/#breadcrumb\"},\"inLanguage\":\"en-US\",\"potentialAction\":[{\"@type\":\"ReadAction\",\"target\":[\"https:\/\/vintagegalore.de\/en\/produkt\/xl-mid-century-tischleuchte-danish-modern-design-handgefertigt-schamott-technik-teak\/\"]}]},{\"@type\":\"ImageObject\",\"inLanguage\":\"en-US\",\"@id\":\"https:\/\/vintagegalore.de\/en\/produkt\/xl-mid-century-tischleuchte-danish-modern-design-handgefertigt-schamott-technik-teak\/#primaryimage\",\"url\":\"https:\/\/vintagegalore.de\/wp-content\/uploads\/2023\/07\/499A2698cd-Kopie.jpg\",\"contentUrl\":\"https:\/\/vintagegalore.de\/wp-content\/uploads\/2023\/07\/499A2698cd-Kopie.jpg\",\"width\":542,\"height\":887},{\"@type\":\"BreadcrumbList\",\"@id\":\"https:\/\/vintagegalore.de\/en\/produkt\/xl-mid-century-tischleuchte-danish-modern-design-handgefertigt-schamott-technik-teak\/#breadcrumb\",\"itemListElement\":[{\"@type\":\"ListItem\",\"position\":1,\"name\":\"Startseite\",\"item\":\"https:\/\/vintagegalore.de\/en\/\"},{\"@type\":\"ListItem\",\"position\":2,\"name\":\"XL 1960s-1970s Kr\u00f6sselbach \/ Cl\u00e4re Zange table lamp \/ fireclay technique \/ teak \/ Brutalist Danish Modern Design\"}]},{\"@type\":\"WebSite\",\"@id\":\"https:\/\/vintagegalore.de\/#website\",\"url\":\"https:\/\/vintagegalore.de\/\",\"name\":\"Vintage Galore\",\"description\":\"\",\"publisher\":{\"@id\":\"https:\/\/vintagegalore.de\/#organization\"},\"potentialAction\":[{\"@type\":\"SearchAction\",\"target\":{\"@type\":\"EntryPoint\",\"urlTemplate\":\"https:\/\/vintagegalore.de\/?s={search_term_string}\"},\"query-input\":{\"@type\":\"PropertyValueSpecification\",\"valueRequired\":true,\"valueName\":\"search_term_string\"}}],\"inLanguage\":\"en-US\"},{\"@type\":\"Organization\",\"@id\":\"https:\/\/vintagegalore.de\/#organization\",\"name\":\"Vintage Galore\",\"url\":\"https:\/\/vintagegalore.de\/\",\"logo\":{\"@type\":\"ImageObject\",\"inLanguage\":\"en-US\",\"@id\":\"https:\/\/vintagegalore.de\/#\/schema\/logo\/image\/\",\"url\":\"https:\/\/vintagegalore.de\/wp-content\/uploads\/2021\/04\/logo-vg-transparent.png\",\"contentUrl\":\"https:\/\/vintagegalore.de\/wp-content\/uploads\/2021\/04\/logo-vg-transparent.png\",\"width\":500,\"height\":86,\"caption\":\"Vintage Galore\"},\"image\":{\"@id\":\"https:\/\/vintagegalore.de\/#\/schema\/logo\/image\/\"},\"sameAs\":[\"https:\/\/www.facebook.com\/vintagegalore.de\",\"https:\/\/www.instagram.com\/vintagegalorestore\/\"]}]}<\/script>\n<!-- \/ Yoast SEO plugin. -->","yoast_head_json":{"title":"XL 1960s-1970s Kr\u00f6sselbach \/ Cl\u00e4re Zange table lamp \/ fireclay technique \/ teak \/ Brutalist Danish Modern Design - Vintage Galore","robots":{"index":"index","follow":"follow","max-snippet":"max-snippet:-1","max-image-preview":"max-image-preview:large","max-video-preview":"max-video-preview:-1"},"canonical":"https:\/\/vintagegalore.de\/en\/produkt\/xl-mid-century-tischleuchte-danish-modern-design-handgefertigt-schamott-technik-teak\/","og_locale":"en_US","og_type":"article","og_title":"XL 1960s-1970s Kr\u00f6sselbach \/ Cl\u00e4re Zange table lamp \/ fireclay technique \/ teak \/ Brutalist Danish Modern Design - Vintage Galore","og_description":"Kr\u00f6sselbach, design: Cl\u00e4re Zange (-Schie\u00dfler), 1960s-1970s, Germany (west). Handmade lamp base (fireclay technique), signed with the Kr\u00f6sselbach logo. With Teak top. Comes with textile cable, switch (designed by Achille Castiglioni), euro-plug and lightbulb in warm-white. High quality new lampshade in linen + viscose (\"curry-yellow\", plain weave. Overall dimensions: approx. 64x35cm (height, diameter). E27 Bakelite socket, can be used with classic and modern LED bulbs. Used item. No defects. See photos. Colors may vary as each device\/display displays colors differently.  Shipping in an insured package incl. tracking at regular DHL prices. Well packed! For combined shipping when buying multiple items, please contact me via the \u201cInquiry\u201d button before buying.","og_url":"https:\/\/vintagegalore.de\/en\/produkt\/xl-mid-century-tischleuchte-danish-modern-design-handgefertigt-schamott-technik-teak\/","og_site_name":"Vintage Galore","article_publisher":"https:\/\/www.facebook.com\/vintagegalore.de","article_modified_time":"2025-01-30T20:55:45+00:00","og_image":[{"width":542,"height":887,"url":"https:\/\/vintagegalore.de\/wp-content\/uploads\/2023\/07\/499A2698cd-Kopie.jpg","type":"image\/jpeg"}],"twitter_card":"summary_large_image","twitter_misc":{"Est. reading time":"1 minute"},"schema":{"@context":"https:\/\/schema.org","@graph":[{"@type":"WebPage","@id":"https:\/\/vintagegalore.de\/en\/produkt\/xl-mid-century-tischleuchte-danish-modern-design-handgefertigt-schamott-technik-teak\/","url":"https:\/\/vintagegalore.de\/en\/produkt\/xl-mid-century-tischleuchte-danish-modern-design-handgefertigt-schamott-technik-teak\/","name":"XL 1960s-1970s Kr\u00f6sselbach \/ Cl\u00e4re Zange table lamp \/ fireclay technique \/ teak \/ Brutalist Danish Modern Design - Vintage Galore","isPartOf":{"@id":"https:\/\/vintagegalore.de\/#website"},"primaryImageOfPage":{"@id":"https:\/\/vintagegalore.de\/en\/produkt\/xl-mid-century-tischleuchte-danish-modern-design-handgefertigt-schamott-technik-teak\/#primaryimage"},"image":{"@id":"https:\/\/vintagegalore.de\/en\/produkt\/xl-mid-century-tischleuchte-danish-modern-design-handgefertigt-schamott-technik-teak\/#primaryimage"},"thumbnailUrl":"https:\/\/vintagegalore.de\/wp-content\/uploads\/2023\/07\/499A2698cd-Kopie.jpg","datePublished":"2022-12-19T04:28:56+00:00","dateModified":"2025-01-30T20:55:45+00:00","breadcrumb":{"@id":"https:\/\/vintagegalore.de\/en\/produkt\/xl-mid-century-tischleuchte-danish-modern-design-handgefertigt-schamott-technik-teak\/#breadcrumb"},"inLanguage":"en-US","potentialAction":[{"@type":"ReadAction","target":["https:\/\/vintagegalore.de\/en\/produkt\/xl-mid-century-tischleuchte-danish-modern-design-handgefertigt-schamott-technik-teak\/"]}]},{"@type":"ImageObject","inLanguage":"en-US","@id":"https:\/\/vintagegalore.de\/en\/produkt\/xl-mid-century-tischleuchte-danish-modern-design-handgefertigt-schamott-technik-teak\/#primaryimage","url":"https:\/\/vintagegalore.de\/wp-content\/uploads\/2023\/07\/499A2698cd-Kopie.jpg","contentUrl":"https:\/\/vintagegalore.de\/wp-content\/uploads\/2023\/07\/499A2698cd-Kopie.jpg","width":542,"height":887},{"@type":"BreadcrumbList","@id":"https:\/\/vintagegalore.de\/en\/produkt\/xl-mid-century-tischleuchte-danish-modern-design-handgefertigt-schamott-technik-teak\/#breadcrumb","itemListElement":[{"@type":"ListItem","position":1,"name":"Startseite","item":"https:\/\/vintagegalore.de\/en\/"},{"@type":"ListItem","position":2,"name":"XL 1960s-1970s Kr\u00f6sselbach \/ Cl\u00e4re Zange table lamp \/ fireclay technique \/ teak \/ Brutalist Danish Modern Design"}]},{"@type":"WebSite","@id":"https:\/\/vintagegalore.de\/#website","url":"https:\/\/vintagegalore.de\/","name":"Vintage Galore","description":"","publisher":{"@id":"https:\/\/vintagegalore.de\/#organization"},"potentialAction":[{"@type":"SearchAction","target":{"@type":"EntryPoint","urlTemplate":"https:\/\/vintagegalore.de\/?s={search_term_string}"},"query-input":{"@type":"PropertyValueSpecification","valueRequired":true,"valueName":"search_term_string"}}],"inLanguage":"en-US"},{"@type":"Organization","@id":"https:\/\/vintagegalore.de\/#organization","name":"Vintage Galore","url":"https:\/\/vintagegalore.de\/","logo":{"@type":"ImageObject","inLanguage":"en-US","@id":"https:\/\/vintagegalore.de\/#\/schema\/logo\/image\/","url":"https:\/\/vintagegalore.de\/wp-content\/uploads\/2021\/04\/logo-vg-transparent.png","contentUrl":"https:\/\/vintagegalore.de\/wp-content\/uploads\/2021\/04\/logo-vg-transparent.png","width":500,"height":86,"caption":"Vintage Galore"},"image":{"@id":"https:\/\/vintagegalore.de\/#\/schema\/logo\/image\/"},"sameAs":["https:\/\/www.facebook.com\/vintagegalore.de","https:\/\/www.instagram.com\/vintagegalorestore\/"]}]}},"_links":{"self":[{"href":"https:\/\/vintagegalore.de\/en\/wp-json\/wp\/v2\/product\/72510","targetHints":{"allow":["GET"]}}],"collection":[{"href":"https:\/\/vintagegalore.de\/en\/wp-json\/wp\/v2\/product"}],"about":[{"href":"https:\/\/vintagegalore.de\/en\/wp-json\/wp\/v2\/types\/product"}],"wp:featuredmedia":[{"embeddable":true,"href":"https:\/\/vintagegalore.de\/en\/wp-json\/wp\/v2\/media\/74857"}],"wp:attachment":[{"href":"https:\/\/vintagegalore.de\/en\/wp-json\/wp\/v2\/media?parent=72510"}],"wp:term":[{"taxonomy":"product_brand","embeddable":true,"href":"https:\/\/vintagegalore.de\/en\/wp-json\/wp\/v2\/product_brand?post=72510"},{"taxonomy":"product_cat","embeddable":true,"href":"https:\/\/vintagegalore.de\/en\/wp-json\/wp\/v2\/product_cat?post=72510"},{"taxonomy":"product_tag","embeddable":true,"href":"https:\/\/vintagegalore.de\/en\/wp-json\/wp\/v2\/product_tag?post=72510"}],"curies":[{"name":"wp","href":"https:\/\/api.w.org\/{rel}","templated":true}]}}