{"id":77814,"date":"2022-12-19T01:33:33","date_gmt":"2022-12-19T00:33:33","guid":{"rendered":"https:\/\/vintagegalore.de\/produkt\/1960s-1970s-kroesselbach-claere-zange-tischleuchte-schamott-technik-brutalist-danish-modern-design-lampe\/"},"modified":"2024-01-31T11:25:37","modified_gmt":"2024-01-31T10:25:37","slug":"1960s-1970s-kroesselbach-claere-zange-tischleuchte-schamott-technik-brutalist-danish-modern-design-lampe","status":"publish","type":"product","link":"https:\/\/vintagegalore.de\/en\/produkt\/1960s-1970s-kroesselbach-claere-zange-tischleuchte-schamott-technik-brutalist-danish-modern-design-lampe\/","title":{"rendered":"1960s-1970s Kr\u00f6sselbach \/ Cl\u00e4re Zange table lamp \/ fireclay technique \/ Brutalist Danish Modern Design"},"content":{"rendered":"","protected":false},"excerpt":{"rendered":"<div>Kr\u00f6sselbach, design: Cl\u00e4re Zange (-Schie\u00dfler), 1960s-1970s, Germany (west). Handmade lamp bases (fireclay technique), signed with the Kr\u00f6sselbach logo. Fitted with textile cable. With new lampshade made of jute cord. Spectacular shadows cast! Jute is a natural product and has a special smell that disappears after a few weeks (I can speak from experience as I have two of these lampshades at home). Overall dimensions: approx. 40x25cm (height, diameter). Used item No defects. See photos. Colors may vary as each device\/display displays colors differently. Among my other products you will find a second of this lamp in a different version (see photos 11 and 12). The price is only valid for the above mentioned lamp.<\/p>\n<p>Shipping in an insured package incl. tracking at regular DHL prices. Well packed! For combined shipping when buying multiple items, please contact me via the &#8220;Inquiry&#8221; button before buying.<\/p><\/div>\n","protected":false},"featured_media":77806,"template":"","meta":{"_acf_changed":false},"product_brand":[],"product_cat":[13],"product_tag":[],"class_list":{"0":"post-77814","1":"product","2":"type-product","3":"status-publish","4":"has-post-thumbnail","6":"product_cat-table-lamps","7":"product_shipping_class-paket-10-kg-bis-120-x-60-x-60-cm-en","9":"first","10":"outofstock","11":"purchasable","12":"product-type-simple"},"acf":[],"yoast_head":"<!-- This site is optimized with the Yoast SEO plugin v27.0 - https:\/\/yoast.com\/product\/yoast-seo-wordpress\/ -->\n<title>1960s-1970s Kr\u00f6sselbach \/ Cl\u00e4re Zange table lamp \/ fireclay technique \/ Brutalist Danish Modern Design - Vintage Galore<\/title>\n<meta name=\"robots\" content=\"index, follow, max-snippet:-1, max-image-preview:large, max-video-preview:-1\" \/>\n<link rel=\"canonical\" href=\"https:\/\/vintagegalore.de\/en\/produkt\/1960s-1970s-kroesselbach-claere-zange-tischleuchte-schamott-technik-brutalist-danish-modern-design-lampe\/\" \/>\n<meta property=\"og:locale\" content=\"en_US\" \/>\n<meta property=\"og:type\" content=\"article\" \/>\n<meta property=\"og:title\" content=\"1960s-1970s Kr\u00f6sselbach \/ Cl\u00e4re Zange table lamp \/ fireclay technique \/ Brutalist Danish Modern Design - Vintage Galore\" \/>\n<meta property=\"og:description\" content=\"Kr\u00f6sselbach, design: Cl\u00e4re Zange (-Schie\u00dfler), 1960s-1970s, Germany (west). Handmade lamp bases (fireclay technique), signed with the Kr\u00f6sselbach logo. Fitted with textile cable. With new lampshade made of jute cord. Spectacular shadows cast! Jute is a natural product and has a special smell that disappears after a few weeks (I can speak from experience as I have two of these lampshades at home). Overall dimensions: approx. 40x25cm (height, diameter). Used item No defects. See photos. Colors may vary as each device\/display displays colors differently. Among my other products you will find a second of this lamp in a different version (see photos 11 and 12). The price is only valid for the above mentioned lamp.  Shipping in an insured package incl. tracking at regular DHL prices. Well packed! For combined shipping when buying multiple items, please contact me via the &quot;Inquiry&quot; button before buying.\" \/>\n<meta property=\"og:url\" content=\"https:\/\/vintagegalore.de\/en\/produkt\/1960s-1970s-kroesselbach-claere-zange-tischleuchte-schamott-technik-brutalist-danish-modern-design-lampe\/\" \/>\n<meta property=\"og:site_name\" content=\"Vintage Galore\" \/>\n<meta property=\"article:publisher\" content=\"https:\/\/www.facebook.com\/vintagegalore.de\" \/>\n<meta property=\"article:modified_time\" content=\"2024-01-31T10:25:37+00:00\" \/>\n<meta property=\"og:image\" content=\"https:\/\/vintagegalore.de\/wp-content\/uploads\/2024\/01\/499A6007a.jpg\" \/>\n\t<meta property=\"og:image:width\" content=\"591\" \/>\n\t<meta property=\"og:image:height\" content=\"887\" \/>\n\t<meta property=\"og:image:type\" content=\"image\/jpeg\" \/>\n<meta name=\"twitter:card\" content=\"summary_large_image\" \/>\n<script type=\"application\/ld+json\" class=\"yoast-schema-graph\">{\"@context\":\"https:\/\/schema.org\",\"@graph\":[{\"@type\":\"WebPage\",\"@id\":\"https:\/\/vintagegalore.de\/en\/produkt\/1960s-1970s-kroesselbach-claere-zange-tischleuchte-schamott-technik-brutalist-danish-modern-design-lampe\/\",\"url\":\"https:\/\/vintagegalore.de\/en\/produkt\/1960s-1970s-kroesselbach-claere-zange-tischleuchte-schamott-technik-brutalist-danish-modern-design-lampe\/\",\"name\":\"1960s-1970s Kr\u00f6sselbach \/ Cl\u00e4re Zange table lamp \/ fireclay technique \/ Brutalist Danish Modern Design - Vintage Galore\",\"isPartOf\":{\"@id\":\"https:\/\/vintagegalore.de\/#website\"},\"primaryImageOfPage\":{\"@id\":\"https:\/\/vintagegalore.de\/en\/produkt\/1960s-1970s-kroesselbach-claere-zange-tischleuchte-schamott-technik-brutalist-danish-modern-design-lampe\/#primaryimage\"},\"image\":{\"@id\":\"https:\/\/vintagegalore.de\/en\/produkt\/1960s-1970s-kroesselbach-claere-zange-tischleuchte-schamott-technik-brutalist-danish-modern-design-lampe\/#primaryimage\"},\"thumbnailUrl\":\"https:\/\/vintagegalore.de\/wp-content\/uploads\/2024\/01\/499A6007a.jpg\",\"datePublished\":\"2022-12-19T00:33:33+00:00\",\"dateModified\":\"2024-01-31T10:25:37+00:00\",\"breadcrumb\":{\"@id\":\"https:\/\/vintagegalore.de\/en\/produkt\/1960s-1970s-kroesselbach-claere-zange-tischleuchte-schamott-technik-brutalist-danish-modern-design-lampe\/#breadcrumb\"},\"inLanguage\":\"en-US\",\"potentialAction\":[{\"@type\":\"ReadAction\",\"target\":[\"https:\/\/vintagegalore.de\/en\/produkt\/1960s-1970s-kroesselbach-claere-zange-tischleuchte-schamott-technik-brutalist-danish-modern-design-lampe\/\"]}]},{\"@type\":\"ImageObject\",\"inLanguage\":\"en-US\",\"@id\":\"https:\/\/vintagegalore.de\/en\/produkt\/1960s-1970s-kroesselbach-claere-zange-tischleuchte-schamott-technik-brutalist-danish-modern-design-lampe\/#primaryimage\",\"url\":\"https:\/\/vintagegalore.de\/wp-content\/uploads\/2024\/01\/499A6007a.jpg\",\"contentUrl\":\"https:\/\/vintagegalore.de\/wp-content\/uploads\/2024\/01\/499A6007a.jpg\",\"width\":591,\"height\":887},{\"@type\":\"BreadcrumbList\",\"@id\":\"https:\/\/vintagegalore.de\/en\/produkt\/1960s-1970s-kroesselbach-claere-zange-tischleuchte-schamott-technik-brutalist-danish-modern-design-lampe\/#breadcrumb\",\"itemListElement\":[{\"@type\":\"ListItem\",\"position\":1,\"name\":\"Startseite\",\"item\":\"https:\/\/vintagegalore.de\/en\/\"},{\"@type\":\"ListItem\",\"position\":2,\"name\":\"1960s-1970s Kr\u00f6sselbach \/ Cl\u00e4re Zange table lamp \/ fireclay technique \/ Brutalist Danish Modern Design\"}]},{\"@type\":\"WebSite\",\"@id\":\"https:\/\/vintagegalore.de\/#website\",\"url\":\"https:\/\/vintagegalore.de\/\",\"name\":\"Vintage Galore\",\"description\":\"\",\"publisher\":{\"@id\":\"https:\/\/vintagegalore.de\/#organization\"},\"potentialAction\":[{\"@type\":\"SearchAction\",\"target\":{\"@type\":\"EntryPoint\",\"urlTemplate\":\"https:\/\/vintagegalore.de\/?s={search_term_string}\"},\"query-input\":{\"@type\":\"PropertyValueSpecification\",\"valueRequired\":true,\"valueName\":\"search_term_string\"}}],\"inLanguage\":\"en-US\"},{\"@type\":\"Organization\",\"@id\":\"https:\/\/vintagegalore.de\/#organization\",\"name\":\"Vintage Galore\",\"url\":\"https:\/\/vintagegalore.de\/\",\"logo\":{\"@type\":\"ImageObject\",\"inLanguage\":\"en-US\",\"@id\":\"https:\/\/vintagegalore.de\/#\/schema\/logo\/image\/\",\"url\":\"https:\/\/vintagegalore.de\/wp-content\/uploads\/2021\/04\/logo-vg-transparent.png\",\"contentUrl\":\"https:\/\/vintagegalore.de\/wp-content\/uploads\/2021\/04\/logo-vg-transparent.png\",\"width\":500,\"height\":86,\"caption\":\"Vintage Galore\"},\"image\":{\"@id\":\"https:\/\/vintagegalore.de\/#\/schema\/logo\/image\/\"},\"sameAs\":[\"https:\/\/www.facebook.com\/vintagegalore.de\",\"https:\/\/www.instagram.com\/vintagegalorestore\/\"]}]}<\/script>\n<!-- \/ Yoast SEO plugin. -->","yoast_head_json":{"title":"1960s-1970s Kr\u00f6sselbach \/ Cl\u00e4re Zange table lamp \/ fireclay technique \/ Brutalist Danish Modern Design - Vintage Galore","robots":{"index":"index","follow":"follow","max-snippet":"max-snippet:-1","max-image-preview":"max-image-preview:large","max-video-preview":"max-video-preview:-1"},"canonical":"https:\/\/vintagegalore.de\/en\/produkt\/1960s-1970s-kroesselbach-claere-zange-tischleuchte-schamott-technik-brutalist-danish-modern-design-lampe\/","og_locale":"en_US","og_type":"article","og_title":"1960s-1970s Kr\u00f6sselbach \/ Cl\u00e4re Zange table lamp \/ fireclay technique \/ Brutalist Danish Modern Design - Vintage Galore","og_description":"Kr\u00f6sselbach, design: Cl\u00e4re Zange (-Schie\u00dfler), 1960s-1970s, Germany (west). Handmade lamp bases (fireclay technique), signed with the Kr\u00f6sselbach logo. Fitted with textile cable. With new lampshade made of jute cord. Spectacular shadows cast! Jute is a natural product and has a special smell that disappears after a few weeks (I can speak from experience as I have two of these lampshades at home). Overall dimensions: approx. 40x25cm (height, diameter). Used item No defects. See photos. Colors may vary as each device\/display displays colors differently. Among my other products you will find a second of this lamp in a different version (see photos 11 and 12). The price is only valid for the above mentioned lamp.  Shipping in an insured package incl. tracking at regular DHL prices. Well packed! For combined shipping when buying multiple items, please contact me via the \"Inquiry\" button before buying.","og_url":"https:\/\/vintagegalore.de\/en\/produkt\/1960s-1970s-kroesselbach-claere-zange-tischleuchte-schamott-technik-brutalist-danish-modern-design-lampe\/","og_site_name":"Vintage Galore","article_publisher":"https:\/\/www.facebook.com\/vintagegalore.de","article_modified_time":"2024-01-31T10:25:37+00:00","og_image":[{"width":591,"height":887,"url":"https:\/\/vintagegalore.de\/wp-content\/uploads\/2024\/01\/499A6007a.jpg","type":"image\/jpeg"}],"twitter_card":"summary_large_image","schema":{"@context":"https:\/\/schema.org","@graph":[{"@type":"WebPage","@id":"https:\/\/vintagegalore.de\/en\/produkt\/1960s-1970s-kroesselbach-claere-zange-tischleuchte-schamott-technik-brutalist-danish-modern-design-lampe\/","url":"https:\/\/vintagegalore.de\/en\/produkt\/1960s-1970s-kroesselbach-claere-zange-tischleuchte-schamott-technik-brutalist-danish-modern-design-lampe\/","name":"1960s-1970s Kr\u00f6sselbach \/ Cl\u00e4re Zange table lamp \/ fireclay technique \/ Brutalist Danish Modern Design - Vintage Galore","isPartOf":{"@id":"https:\/\/vintagegalore.de\/#website"},"primaryImageOfPage":{"@id":"https:\/\/vintagegalore.de\/en\/produkt\/1960s-1970s-kroesselbach-claere-zange-tischleuchte-schamott-technik-brutalist-danish-modern-design-lampe\/#primaryimage"},"image":{"@id":"https:\/\/vintagegalore.de\/en\/produkt\/1960s-1970s-kroesselbach-claere-zange-tischleuchte-schamott-technik-brutalist-danish-modern-design-lampe\/#primaryimage"},"thumbnailUrl":"https:\/\/vintagegalore.de\/wp-content\/uploads\/2024\/01\/499A6007a.jpg","datePublished":"2022-12-19T00:33:33+00:00","dateModified":"2024-01-31T10:25:37+00:00","breadcrumb":{"@id":"https:\/\/vintagegalore.de\/en\/produkt\/1960s-1970s-kroesselbach-claere-zange-tischleuchte-schamott-technik-brutalist-danish-modern-design-lampe\/#breadcrumb"},"inLanguage":"en-US","potentialAction":[{"@type":"ReadAction","target":["https:\/\/vintagegalore.de\/en\/produkt\/1960s-1970s-kroesselbach-claere-zange-tischleuchte-schamott-technik-brutalist-danish-modern-design-lampe\/"]}]},{"@type":"ImageObject","inLanguage":"en-US","@id":"https:\/\/vintagegalore.de\/en\/produkt\/1960s-1970s-kroesselbach-claere-zange-tischleuchte-schamott-technik-brutalist-danish-modern-design-lampe\/#primaryimage","url":"https:\/\/vintagegalore.de\/wp-content\/uploads\/2024\/01\/499A6007a.jpg","contentUrl":"https:\/\/vintagegalore.de\/wp-content\/uploads\/2024\/01\/499A6007a.jpg","width":591,"height":887},{"@type":"BreadcrumbList","@id":"https:\/\/vintagegalore.de\/en\/produkt\/1960s-1970s-kroesselbach-claere-zange-tischleuchte-schamott-technik-brutalist-danish-modern-design-lampe\/#breadcrumb","itemListElement":[{"@type":"ListItem","position":1,"name":"Startseite","item":"https:\/\/vintagegalore.de\/en\/"},{"@type":"ListItem","position":2,"name":"1960s-1970s Kr\u00f6sselbach \/ Cl\u00e4re Zange table lamp \/ fireclay technique \/ Brutalist Danish Modern Design"}]},{"@type":"WebSite","@id":"https:\/\/vintagegalore.de\/#website","url":"https:\/\/vintagegalore.de\/","name":"Vintage Galore","description":"","publisher":{"@id":"https:\/\/vintagegalore.de\/#organization"},"potentialAction":[{"@type":"SearchAction","target":{"@type":"EntryPoint","urlTemplate":"https:\/\/vintagegalore.de\/?s={search_term_string}"},"query-input":{"@type":"PropertyValueSpecification","valueRequired":true,"valueName":"search_term_string"}}],"inLanguage":"en-US"},{"@type":"Organization","@id":"https:\/\/vintagegalore.de\/#organization","name":"Vintage Galore","url":"https:\/\/vintagegalore.de\/","logo":{"@type":"ImageObject","inLanguage":"en-US","@id":"https:\/\/vintagegalore.de\/#\/schema\/logo\/image\/","url":"https:\/\/vintagegalore.de\/wp-content\/uploads\/2021\/04\/logo-vg-transparent.png","contentUrl":"https:\/\/vintagegalore.de\/wp-content\/uploads\/2021\/04\/logo-vg-transparent.png","width":500,"height":86,"caption":"Vintage Galore"},"image":{"@id":"https:\/\/vintagegalore.de\/#\/schema\/logo\/image\/"},"sameAs":["https:\/\/www.facebook.com\/vintagegalore.de","https:\/\/www.instagram.com\/vintagegalorestore\/"]}]}},"_links":{"self":[{"href":"https:\/\/vintagegalore.de\/en\/wp-json\/wp\/v2\/product\/77814","targetHints":{"allow":["GET"]}}],"collection":[{"href":"https:\/\/vintagegalore.de\/en\/wp-json\/wp\/v2\/product"}],"about":[{"href":"https:\/\/vintagegalore.de\/en\/wp-json\/wp\/v2\/types\/product"}],"wp:featuredmedia":[{"embeddable":true,"href":"https:\/\/vintagegalore.de\/en\/wp-json\/wp\/v2\/media\/77806"}],"wp:attachment":[{"href":"https:\/\/vintagegalore.de\/en\/wp-json\/wp\/v2\/media?parent=77814"}],"wp:term":[{"taxonomy":"product_brand","embeddable":true,"href":"https:\/\/vintagegalore.de\/en\/wp-json\/wp\/v2\/product_brand?post=77814"},{"taxonomy":"product_cat","embeddable":true,"href":"https:\/\/vintagegalore.de\/en\/wp-json\/wp\/v2\/product_cat?post=77814"},{"taxonomy":"product_tag","embeddable":true,"href":"https:\/\/vintagegalore.de\/en\/wp-json\/wp\/v2\/product_tag?post=77814"}],"curies":[{"name":"wp","href":"https:\/\/api.w.org\/{rel}","templated":true}]}}