{"id":86994,"date":"2022-12-19T07:19:03","date_gmt":"2022-12-19T06:19:03","guid":{"rendered":"https:\/\/vintagegalore.de\/produkt\/riesige-mid-century-haengeleuchte-danish-modern-design-60er-jahre-creme-weiss-lamellen\/"},"modified":"2024-09-29T22:35:52","modified_gmt":"2024-09-29T20:35:52","slug":"riesige-mid-century-haengeleuchte-danish-modern-design-60er-jahre-creme-weiss-lamellen","status":"publish","type":"product","link":"https:\/\/vintagegalore.de\/en\/produkt\/riesige-mid-century-haengeleuchte-danish-modern-design-60er-jahre-creme-weiss-lamellen\/","title":{"rendered":"Giant Mid Century pendant light \/ Danish Modern Design \/ 1960s \/ 1970s \/ lamp \/ cream-white"},"content":{"rendered":"","protected":false},"excerpt":{"rendered":"<div>1960s \/ 1970s, Denmark. Giant pendant lamp made of steel. Rarely found in Danish design in this size. Standard E27 ceramic socket (110-250V). Overall dimensions: approx. 56 x 60cm (height, diameter). Due to its size and weight, this lamp is suspended from a steel cable. The light bulb socket is height-adjustable within the lamp. The lamp is suitable for use with classic and modern (LED) light bulbs. Includes approx. 2.40m high-quality textile cable and ceiling cup. Used item. Restored, refinished in cream-white (satin-matte). Therefore hardly any signs of use. See photos. No defects. These are the original photos of the items for sale. Nevertheless, the colors may vary slightly, as they are displayed differently on different devices \/ screens.<\/p>\n<p>Shipping in insured parcel incl. tracking at regular DHL prices. Well packed! The shipping costs are automatically calculated for your postal code (country) in the shopping cart checkout &#8211; of course before payment.<\/p>\n<p>dfassung aus Keramik (110-250V). Gesamtma\u00dfe: ca. 56 x 60cm (H\u00f6he, Durchmesser). Die Lampe eignet sich f\u00fcr den Gebrauch mit klassischen und modernen (LED) Gl\u00fchbirnen. Inklusive ca. 2,40m hochwertigem Textilkabel und\u00a0 Baldachin. Wegen der Gr\u00f6\u00dfe und des Gewichts wird diese Leuchte an einem Stahlseil aufgeh\u00e4ngt. Gebrauchtware. Restauriert, neu lackiert (creme-wei\u00df, seidenmatt). Deshalb kaum Gebrauchsspuren. Siehe Fotos. Keine Defekte. Dies sind die Original-Fotos der zum Verkauf stehenden Artikel. Trotzdem k\u00f6nnen die Farben leicht variieren, da sie auf verschiedenen Ger\u00e4ten \/ Bildschirmen unterschiedlich dargestellt werden.<\/p>\n<h6 class=\"woocommerce-product-details__short-description\">Versand im versicherten Paket inkl. Tracking zu regul\u00e4ren DHL-Preisen. Gut verpackt! Die Versandkosten werden im Warenkorb-Checkout automatisch f\u00fcr Deine Postleitzahl (Land) kalkuliert \u2013 nat\u00fcrlich vor der Bezahlung.<\/h6>\n<\/div>\n","protected":false},"featured_media":86956,"template":"","meta":{"_acf_changed":false},"product_brand":[],"product_cat":[7],"product_tag":[],"class_list":{"0":"post-86994","1":"product","2":"type-product","3":"status-publish","4":"has-post-thumbnail","6":"product_cat-ceiling-pendant-lamps","7":"product_shipping_class-paket-10-kg-bis-120-x-60-x-60-cm-en","9":"first","10":"outofstock","11":"purchasable","12":"product-type-simple"},"acf":[],"yoast_head":"<!-- This site is optimized with the Yoast SEO plugin v27.0 - https:\/\/yoast.com\/product\/yoast-seo-wordpress\/ -->\n<title>Giant Mid Century pendant light \/ Danish Modern Design \/ 1960s \/ 1970s \/ lamp \/ cream-white - Vintage Galore<\/title>\n<meta name=\"robots\" content=\"index, follow, max-snippet:-1, max-image-preview:large, max-video-preview:-1\" \/>\n<link rel=\"canonical\" href=\"https:\/\/vintagegalore.de\/produkt\/riesige-mid-century-haengeleuchte-danish-modern-design-60er-jahre-creme-weiss-lamellen\/\" \/>\n<meta property=\"og:locale\" content=\"en_US\" \/>\n<meta property=\"og:type\" content=\"article\" \/>\n<meta property=\"og:title\" content=\"Giant Mid Century pendant light \/ Danish Modern Design \/ 1960s \/ 1970s \/ lamp \/ cream-white - Vintage Galore\" \/>\n<meta property=\"og:description\" content=\"1960s \/ 1970s, Denmark. Giant pendant lamp made of steel. Rarely found in Danish design in this size. Standard E27 ceramic socket (110-250V). Overall dimensions: approx. 56 x 60cm (height, diameter). Due to its size and weight, this lamp is suspended from a steel cable. The light bulb socket is height-adjustable within the lamp. The lamp is suitable for use with classic and modern (LED) light bulbs. Includes approx. 2.40m high-quality textile cable and ceiling cup. Used item. Restored, refinished in cream-white (satin-matte). Therefore hardly any signs of use. See photos. No defects. These are the original photos of the items for sale. Nevertheless, the colors may vary slightly, as they are displayed differently on different devices \/ screens.  Shipping in insured parcel incl. tracking at regular DHL prices. Well packed! The shipping costs are automatically calculated for your postal code (country) in the shopping cart checkout - of course before payment.  dfassung aus Keramik (110-250V). Gesamtma\u00dfe: ca. 56 x 60cm (H\u00f6he, Durchmesser). Die Lampe eignet sich f\u00fcr den Gebrauch mit klassischen und modernen (LED) Gl\u00fchbirnen. Inklusive ca. 2,40m hochwertigem Textilkabel und\u00a0 Baldachin. Wegen der Gr\u00f6\u00dfe und des Gewichts wird diese Leuchte an einem Stahlseil aufgeh\u00e4ngt. Gebrauchtware. Restauriert, neu lackiert (creme-wei\u00df, seidenmatt). Deshalb kaum Gebrauchsspuren. Siehe Fotos. Keine Defekte. Dies sind die Original-Fotos der zum Verkauf stehenden Artikel. Trotzdem k\u00f6nnen die Farben leicht variieren, da sie auf verschiedenen Ger\u00e4ten \/ Bildschirmen unterschiedlich dargestellt werden. Versand im versicherten Paket inkl. Tracking zu regul\u00e4ren DHL-Preisen. Gut verpackt! Die Versandkosten werden im Warenkorb-Checkout automatisch f\u00fcr Deine Postleitzahl (Land) kalkuliert \u2013 nat\u00fcrlich vor der Bezahlung.\" \/>\n<meta property=\"og:url\" content=\"https:\/\/vintagegalore.de\/produkt\/riesige-mid-century-haengeleuchte-danish-modern-design-60er-jahre-creme-weiss-lamellen\/\" \/>\n<meta property=\"og:site_name\" content=\"Vintage Galore\" \/>\n<meta property=\"article:publisher\" content=\"https:\/\/www.facebook.com\/vintagegalore.de\" \/>\n<meta property=\"article:modified_time\" content=\"2024-09-29T20:35:52+00:00\" \/>\n<meta property=\"og:image\" content=\"https:\/\/vintagegalore.de\/wp-content\/uploads\/2024\/09\/499A3552.jpg\" \/>\n\t<meta property=\"og:image:width\" content=\"591\" \/>\n\t<meta property=\"og:image:height\" content=\"887\" \/>\n\t<meta property=\"og:image:type\" content=\"image\/jpeg\" \/>\n<meta name=\"twitter:card\" content=\"summary_large_image\" \/>\n<meta name=\"twitter:label1\" content=\"Est. reading time\" \/>\n\t<meta name=\"twitter:data1\" content=\"1 minute\" \/>\n<script type=\"application\/ld+json\" class=\"yoast-schema-graph\">{\"@context\":\"https:\/\/schema.org\",\"@graph\":[{\"@type\":\"WebPage\",\"@id\":\"https:\/\/vintagegalore.de\/produkt\/riesige-mid-century-haengeleuchte-danish-modern-design-60er-jahre-creme-weiss-lamellen\/\",\"url\":\"https:\/\/vintagegalore.de\/produkt\/riesige-mid-century-haengeleuchte-danish-modern-design-60er-jahre-creme-weiss-lamellen\/\",\"name\":\"Giant Mid Century pendant light \/ Danish Modern Design \/ 1960s \/ 1970s \/ lamp \/ cream-white - Vintage Galore\",\"isPartOf\":{\"@id\":\"https:\/\/vintagegalore.de\/#website\"},\"primaryImageOfPage\":{\"@id\":\"https:\/\/vintagegalore.de\/produkt\/riesige-mid-century-haengeleuchte-danish-modern-design-60er-jahre-creme-weiss-lamellen\/#primaryimage\"},\"image\":{\"@id\":\"https:\/\/vintagegalore.de\/produkt\/riesige-mid-century-haengeleuchte-danish-modern-design-60er-jahre-creme-weiss-lamellen\/#primaryimage\"},\"thumbnailUrl\":\"https:\/\/vintagegalore.de\/wp-content\/uploads\/2024\/09\/499A3552.jpg\",\"datePublished\":\"2022-12-19T06:19:03+00:00\",\"dateModified\":\"2024-09-29T20:35:52+00:00\",\"breadcrumb\":{\"@id\":\"https:\/\/vintagegalore.de\/produkt\/riesige-mid-century-haengeleuchte-danish-modern-design-60er-jahre-creme-weiss-lamellen\/#breadcrumb\"},\"inLanguage\":\"en-US\",\"potentialAction\":[{\"@type\":\"ReadAction\",\"target\":[\"https:\/\/vintagegalore.de\/produkt\/riesige-mid-century-haengeleuchte-danish-modern-design-60er-jahre-creme-weiss-lamellen\/\"]}]},{\"@type\":\"ImageObject\",\"inLanguage\":\"en-US\",\"@id\":\"https:\/\/vintagegalore.de\/produkt\/riesige-mid-century-haengeleuchte-danish-modern-design-60er-jahre-creme-weiss-lamellen\/#primaryimage\",\"url\":\"https:\/\/vintagegalore.de\/wp-content\/uploads\/2024\/09\/499A3552.jpg\",\"contentUrl\":\"https:\/\/vintagegalore.de\/wp-content\/uploads\/2024\/09\/499A3552.jpg\",\"width\":591,\"height\":887},{\"@type\":\"BreadcrumbList\",\"@id\":\"https:\/\/vintagegalore.de\/produkt\/riesige-mid-century-haengeleuchte-danish-modern-design-60er-jahre-creme-weiss-lamellen\/#breadcrumb\",\"itemListElement\":[{\"@type\":\"ListItem\",\"position\":1,\"name\":\"Startseite\",\"item\":\"https:\/\/vintagegalore.de\/en\/\"},{\"@type\":\"ListItem\",\"position\":2,\"name\":\"Giant Mid Century pendant light \/ Danish Modern Design \/ 1960s \/ 1970s \/ lamp \/ cream-white\"}]},{\"@type\":\"WebSite\",\"@id\":\"https:\/\/vintagegalore.de\/#website\",\"url\":\"https:\/\/vintagegalore.de\/\",\"name\":\"Vintage Galore\",\"description\":\"\",\"publisher\":{\"@id\":\"https:\/\/vintagegalore.de\/#organization\"},\"potentialAction\":[{\"@type\":\"SearchAction\",\"target\":{\"@type\":\"EntryPoint\",\"urlTemplate\":\"https:\/\/vintagegalore.de\/?s={search_term_string}\"},\"query-input\":{\"@type\":\"PropertyValueSpecification\",\"valueRequired\":true,\"valueName\":\"search_term_string\"}}],\"inLanguage\":\"en-US\"},{\"@type\":\"Organization\",\"@id\":\"https:\/\/vintagegalore.de\/#organization\",\"name\":\"Vintage Galore\",\"url\":\"https:\/\/vintagegalore.de\/\",\"logo\":{\"@type\":\"ImageObject\",\"inLanguage\":\"en-US\",\"@id\":\"https:\/\/vintagegalore.de\/#\/schema\/logo\/image\/\",\"url\":\"https:\/\/vintagegalore.de\/wp-content\/uploads\/2021\/04\/logo-vg-transparent.png\",\"contentUrl\":\"https:\/\/vintagegalore.de\/wp-content\/uploads\/2021\/04\/logo-vg-transparent.png\",\"width\":500,\"height\":86,\"caption\":\"Vintage Galore\"},\"image\":{\"@id\":\"https:\/\/vintagegalore.de\/#\/schema\/logo\/image\/\"},\"sameAs\":[\"https:\/\/www.facebook.com\/vintagegalore.de\",\"https:\/\/www.instagram.com\/vintagegalorestore\/\"]}]}<\/script>\n<!-- \/ Yoast SEO plugin. -->","yoast_head_json":{"title":"Giant Mid Century pendant light \/ Danish Modern Design \/ 1960s \/ 1970s \/ lamp \/ cream-white - Vintage Galore","robots":{"index":"index","follow":"follow","max-snippet":"max-snippet:-1","max-image-preview":"max-image-preview:large","max-video-preview":"max-video-preview:-1"},"canonical":"https:\/\/vintagegalore.de\/produkt\/riesige-mid-century-haengeleuchte-danish-modern-design-60er-jahre-creme-weiss-lamellen\/","og_locale":"en_US","og_type":"article","og_title":"Giant Mid Century pendant light \/ Danish Modern Design \/ 1960s \/ 1970s \/ lamp \/ cream-white - Vintage Galore","og_description":"1960s \/ 1970s, Denmark. Giant pendant lamp made of steel. Rarely found in Danish design in this size. Standard E27 ceramic socket (110-250V). Overall dimensions: approx. 56 x 60cm (height, diameter). Due to its size and weight, this lamp is suspended from a steel cable. The light bulb socket is height-adjustable within the lamp. The lamp is suitable for use with classic and modern (LED) light bulbs. Includes approx. 2.40m high-quality textile cable and ceiling cup. Used item. Restored, refinished in cream-white (satin-matte). Therefore hardly any signs of use. See photos. No defects. These are the original photos of the items for sale. Nevertheless, the colors may vary slightly, as they are displayed differently on different devices \/ screens.  Shipping in insured parcel incl. tracking at regular DHL prices. Well packed! The shipping costs are automatically calculated for your postal code (country) in the shopping cart checkout - of course before payment.  dfassung aus Keramik (110-250V). Gesamtma\u00dfe: ca. 56 x 60cm (H\u00f6he, Durchmesser). Die Lampe eignet sich f\u00fcr den Gebrauch mit klassischen und modernen (LED) Gl\u00fchbirnen. Inklusive ca. 2,40m hochwertigem Textilkabel und\u00a0 Baldachin. Wegen der Gr\u00f6\u00dfe und des Gewichts wird diese Leuchte an einem Stahlseil aufgeh\u00e4ngt. Gebrauchtware. Restauriert, neu lackiert (creme-wei\u00df, seidenmatt). Deshalb kaum Gebrauchsspuren. Siehe Fotos. Keine Defekte. Dies sind die Original-Fotos der zum Verkauf stehenden Artikel. Trotzdem k\u00f6nnen die Farben leicht variieren, da sie auf verschiedenen Ger\u00e4ten \/ Bildschirmen unterschiedlich dargestellt werden. Versand im versicherten Paket inkl. Tracking zu regul\u00e4ren DHL-Preisen. Gut verpackt! Die Versandkosten werden im Warenkorb-Checkout automatisch f\u00fcr Deine Postleitzahl (Land) kalkuliert \u2013 nat\u00fcrlich vor der Bezahlung.","og_url":"https:\/\/vintagegalore.de\/produkt\/riesige-mid-century-haengeleuchte-danish-modern-design-60er-jahre-creme-weiss-lamellen\/","og_site_name":"Vintage Galore","article_publisher":"https:\/\/www.facebook.com\/vintagegalore.de","article_modified_time":"2024-09-29T20:35:52+00:00","og_image":[{"width":591,"height":887,"url":"https:\/\/vintagegalore.de\/wp-content\/uploads\/2024\/09\/499A3552.jpg","type":"image\/jpeg"}],"twitter_card":"summary_large_image","twitter_misc":{"Est. reading time":"1 minute"},"schema":{"@context":"https:\/\/schema.org","@graph":[{"@type":"WebPage","@id":"https:\/\/vintagegalore.de\/produkt\/riesige-mid-century-haengeleuchte-danish-modern-design-60er-jahre-creme-weiss-lamellen\/","url":"https:\/\/vintagegalore.de\/produkt\/riesige-mid-century-haengeleuchte-danish-modern-design-60er-jahre-creme-weiss-lamellen\/","name":"Giant Mid Century pendant light \/ Danish Modern Design \/ 1960s \/ 1970s \/ lamp \/ cream-white - Vintage Galore","isPartOf":{"@id":"https:\/\/vintagegalore.de\/#website"},"primaryImageOfPage":{"@id":"https:\/\/vintagegalore.de\/produkt\/riesige-mid-century-haengeleuchte-danish-modern-design-60er-jahre-creme-weiss-lamellen\/#primaryimage"},"image":{"@id":"https:\/\/vintagegalore.de\/produkt\/riesige-mid-century-haengeleuchte-danish-modern-design-60er-jahre-creme-weiss-lamellen\/#primaryimage"},"thumbnailUrl":"https:\/\/vintagegalore.de\/wp-content\/uploads\/2024\/09\/499A3552.jpg","datePublished":"2022-12-19T06:19:03+00:00","dateModified":"2024-09-29T20:35:52+00:00","breadcrumb":{"@id":"https:\/\/vintagegalore.de\/produkt\/riesige-mid-century-haengeleuchte-danish-modern-design-60er-jahre-creme-weiss-lamellen\/#breadcrumb"},"inLanguage":"en-US","potentialAction":[{"@type":"ReadAction","target":["https:\/\/vintagegalore.de\/produkt\/riesige-mid-century-haengeleuchte-danish-modern-design-60er-jahre-creme-weiss-lamellen\/"]}]},{"@type":"ImageObject","inLanguage":"en-US","@id":"https:\/\/vintagegalore.de\/produkt\/riesige-mid-century-haengeleuchte-danish-modern-design-60er-jahre-creme-weiss-lamellen\/#primaryimage","url":"https:\/\/vintagegalore.de\/wp-content\/uploads\/2024\/09\/499A3552.jpg","contentUrl":"https:\/\/vintagegalore.de\/wp-content\/uploads\/2024\/09\/499A3552.jpg","width":591,"height":887},{"@type":"BreadcrumbList","@id":"https:\/\/vintagegalore.de\/produkt\/riesige-mid-century-haengeleuchte-danish-modern-design-60er-jahre-creme-weiss-lamellen\/#breadcrumb","itemListElement":[{"@type":"ListItem","position":1,"name":"Startseite","item":"https:\/\/vintagegalore.de\/en\/"},{"@type":"ListItem","position":2,"name":"Giant Mid Century pendant light \/ Danish Modern Design \/ 1960s \/ 1970s \/ lamp \/ cream-white"}]},{"@type":"WebSite","@id":"https:\/\/vintagegalore.de\/#website","url":"https:\/\/vintagegalore.de\/","name":"Vintage Galore","description":"","publisher":{"@id":"https:\/\/vintagegalore.de\/#organization"},"potentialAction":[{"@type":"SearchAction","target":{"@type":"EntryPoint","urlTemplate":"https:\/\/vintagegalore.de\/?s={search_term_string}"},"query-input":{"@type":"PropertyValueSpecification","valueRequired":true,"valueName":"search_term_string"}}],"inLanguage":"en-US"},{"@type":"Organization","@id":"https:\/\/vintagegalore.de\/#organization","name":"Vintage Galore","url":"https:\/\/vintagegalore.de\/","logo":{"@type":"ImageObject","inLanguage":"en-US","@id":"https:\/\/vintagegalore.de\/#\/schema\/logo\/image\/","url":"https:\/\/vintagegalore.de\/wp-content\/uploads\/2021\/04\/logo-vg-transparent.png","contentUrl":"https:\/\/vintagegalore.de\/wp-content\/uploads\/2021\/04\/logo-vg-transparent.png","width":500,"height":86,"caption":"Vintage Galore"},"image":{"@id":"https:\/\/vintagegalore.de\/#\/schema\/logo\/image\/"},"sameAs":["https:\/\/www.facebook.com\/vintagegalore.de","https:\/\/www.instagram.com\/vintagegalorestore\/"]}]}},"_links":{"self":[{"href":"https:\/\/vintagegalore.de\/en\/wp-json\/wp\/v2\/product\/86994","targetHints":{"allow":["GET"]}}],"collection":[{"href":"https:\/\/vintagegalore.de\/en\/wp-json\/wp\/v2\/product"}],"about":[{"href":"https:\/\/vintagegalore.de\/en\/wp-json\/wp\/v2\/types\/product"}],"wp:featuredmedia":[{"embeddable":true,"href":"https:\/\/vintagegalore.de\/en\/wp-json\/wp\/v2\/media\/86956"}],"wp:attachment":[{"href":"https:\/\/vintagegalore.de\/en\/wp-json\/wp\/v2\/media?parent=86994"}],"wp:term":[{"taxonomy":"product_brand","embeddable":true,"href":"https:\/\/vintagegalore.de\/en\/wp-json\/wp\/v2\/product_brand?post=86994"},{"taxonomy":"product_cat","embeddable":true,"href":"https:\/\/vintagegalore.de\/en\/wp-json\/wp\/v2\/product_cat?post=86994"},{"taxonomy":"product_tag","embeddable":true,"href":"https:\/\/vintagegalore.de\/en\/wp-json\/wp\/v2\/product_tag?post=86994"}],"curies":[{"name":"wp","href":"https:\/\/api.w.org\/{rel}","templated":true}]}}