{"id":89389,"date":"2019-12-05T23:51:31","date_gmt":"2019-12-05T22:51:31","guid":{"rendered":"https:\/\/vintagegalore.de\/produkt\/aida-dynamic-besteck-jkj-design-postmodernism-danish-modern-design\/"},"modified":"2024-12-06T00:06:07","modified_gmt":"2024-12-05T23:06:07","slug":"aida-dynamic-besteck-jkj-design-postmodernism-danish-modern-design","status":"publish","type":"product","link":"https:\/\/vintagegalore.de\/en\/produkt\/aida-dynamic-besteck-jkj-design-postmodernism-danish-modern-design\/","title":{"rendered":"Aida &#8220;Dynamic&#8221; Besteck \/ JKJ Design \/ Postmodernism \/ Danish modern design"},"content":{"rendered":"","protected":false},"excerpt":{"rendered":"<div>Der Preis gilt f\u00fcr 12 Teile (f\u00fcr 4 Personen), wie auf den Fotos. Mehrere Sets verf\u00fcgbar (solange der Bestand reicht).<\/p>\n<p>Aida, Denmark, Design: JKJ, 1980er Jahre. Edelstahl. Messer: 21cm, Gabel: 20cm, L\u00f6ffel: 20cm. Gebrauchtware. Altersgem\u00e4\u00df ein paar Gebrauchsspuren. Siehe Fotos. Die Farben k\u00f6nnen variieren, da jedes Ger\u00e4t\/Display die Farben anders darstellt.<\/p>\n<div>\n<div>\n<h6 class=\"woocommerce-product-details__short-description\">Versand im versicherten Paket inkl. Tracking zu regul\u00e4ren DHL-Preisen. Gut verpackt! Die Versandkosten werden im Warenkorb-Checkout automatisch f\u00fcr Deine Postleitzahl (Land) kalkuliert \u2013 nat\u00fcrlich vor der Bezahlung.<\/h6>\n<\/div>\n<\/div>\n<\/div>\n","protected":false},"featured_media":89385,"template":"","meta":{"_acf_changed":false},"product_brand":[],"product_cat":[3],"product_tag":[],"class_list":{"0":"post-89389","1":"product","2":"type-product","3":"status-publish","4":"has-post-thumbnail","6":"product_cat-deco","7":"product_shipping_class-paket-bis-5-kg-bis-120-x-60-x-60-cm-en","9":"first","10":"outofstock","11":"purchasable","12":"product-type-simple"},"acf":[],"yoast_head":"<!-- This site is optimized with the Yoast SEO plugin v27.0 - https:\/\/yoast.com\/product\/yoast-seo-wordpress\/ -->\n<title>Aida &quot;Dynamic&quot; Besteck \/ JKJ Design \/ Postmodernism \/ Danish modern design - Vintage Galore<\/title>\n<meta name=\"robots\" content=\"index, follow, max-snippet:-1, max-image-preview:large, max-video-preview:-1\" \/>\n<link rel=\"canonical\" href=\"https:\/\/vintagegalore.de\/produkt\/aida-dynamic-besteck-jkj-design-postmodernism-danish-modern-design\/\" \/>\n<meta property=\"og:locale\" content=\"en_US\" \/>\n<meta property=\"og:type\" content=\"article\" \/>\n<meta property=\"og:title\" content=\"Aida &quot;Dynamic&quot; Besteck \/ JKJ Design \/ Postmodernism \/ Danish modern design - Vintage Galore\" \/>\n<meta property=\"og:description\" content=\"Der Preis gilt f\u00fcr 12 Teile (f\u00fcr 4 Personen), wie auf den Fotos. Mehrere Sets verf\u00fcgbar (solange der Bestand reicht).  Aida, Denmark, Design: JKJ, 1980er Jahre. Edelstahl. Messer: 21cm, Gabel: 20cm, L\u00f6ffel: 20cm. Gebrauchtware. Altersgem\u00e4\u00df ein paar Gebrauchsspuren. Siehe Fotos. Die Farben k\u00f6nnen variieren, da jedes Ger\u00e4t\/Display die Farben anders darstellt.   Versand im versicherten Paket inkl. Tracking zu regul\u00e4ren DHL-Preisen. Gut verpackt! Die Versandkosten werden im Warenkorb-Checkout automatisch f\u00fcr Deine Postleitzahl (Land) kalkuliert \u2013 nat\u00fcrlich vor der Bezahlung.\" \/>\n<meta property=\"og:url\" content=\"https:\/\/vintagegalore.de\/produkt\/aida-dynamic-besteck-jkj-design-postmodernism-danish-modern-design\/\" \/>\n<meta property=\"og:site_name\" content=\"Vintage Galore\" \/>\n<meta property=\"article:publisher\" content=\"https:\/\/www.facebook.com\/vintagegalore.de\" \/>\n<meta property=\"article:modified_time\" content=\"2024-12-05T23:06:07+00:00\" \/>\n<meta property=\"og:image\" content=\"https:\/\/vintagegalore.de\/wp-content\/uploads\/2024\/12\/499A5764dsdx.jpg\" \/>\n\t<meta property=\"og:image:width\" content=\"591\" \/>\n\t<meta property=\"og:image:height\" content=\"887\" \/>\n\t<meta property=\"og:image:type\" content=\"image\/jpeg\" \/>\n<meta name=\"twitter:card\" content=\"summary_large_image\" \/>\n<meta name=\"twitter:label1\" content=\"Est. reading time\" \/>\n\t<meta name=\"twitter:data1\" content=\"1 minute\" \/>\n<script type=\"application\/ld+json\" class=\"yoast-schema-graph\">{\"@context\":\"https:\/\/schema.org\",\"@graph\":[{\"@type\":\"WebPage\",\"@id\":\"https:\/\/vintagegalore.de\/produkt\/aida-dynamic-besteck-jkj-design-postmodernism-danish-modern-design\/\",\"url\":\"https:\/\/vintagegalore.de\/produkt\/aida-dynamic-besteck-jkj-design-postmodernism-danish-modern-design\/\",\"name\":\"Aida \\\"Dynamic\\\" Besteck \/ JKJ Design \/ Postmodernism \/ Danish modern design - Vintage Galore\",\"isPartOf\":{\"@id\":\"https:\/\/vintagegalore.de\/#website\"},\"primaryImageOfPage\":{\"@id\":\"https:\/\/vintagegalore.de\/produkt\/aida-dynamic-besteck-jkj-design-postmodernism-danish-modern-design\/#primaryimage\"},\"image\":{\"@id\":\"https:\/\/vintagegalore.de\/produkt\/aida-dynamic-besteck-jkj-design-postmodernism-danish-modern-design\/#primaryimage\"},\"thumbnailUrl\":\"https:\/\/vintagegalore.de\/wp-content\/uploads\/2024\/12\/499A5764dsdx.jpg\",\"datePublished\":\"2019-12-05T22:51:31+00:00\",\"dateModified\":\"2024-12-05T23:06:07+00:00\",\"breadcrumb\":{\"@id\":\"https:\/\/vintagegalore.de\/produkt\/aida-dynamic-besteck-jkj-design-postmodernism-danish-modern-design\/#breadcrumb\"},\"inLanguage\":\"en-US\",\"potentialAction\":[{\"@type\":\"ReadAction\",\"target\":[\"https:\/\/vintagegalore.de\/produkt\/aida-dynamic-besteck-jkj-design-postmodernism-danish-modern-design\/\"]}]},{\"@type\":\"ImageObject\",\"inLanguage\":\"en-US\",\"@id\":\"https:\/\/vintagegalore.de\/produkt\/aida-dynamic-besteck-jkj-design-postmodernism-danish-modern-design\/#primaryimage\",\"url\":\"https:\/\/vintagegalore.de\/wp-content\/uploads\/2024\/12\/499A5764dsdx.jpg\",\"contentUrl\":\"https:\/\/vintagegalore.de\/wp-content\/uploads\/2024\/12\/499A5764dsdx.jpg\",\"width\":591,\"height\":887},{\"@type\":\"BreadcrumbList\",\"@id\":\"https:\/\/vintagegalore.de\/produkt\/aida-dynamic-besteck-jkj-design-postmodernism-danish-modern-design\/#breadcrumb\",\"itemListElement\":[{\"@type\":\"ListItem\",\"position\":1,\"name\":\"Startseite\",\"item\":\"https:\/\/vintagegalore.de\/en\/\"},{\"@type\":\"ListItem\",\"position\":2,\"name\":\"Aida &#8222;Dynamic&#8220; Besteck \/ JKJ Design \/ Postmodernism \/ Danish modern design\"}]},{\"@type\":\"WebSite\",\"@id\":\"https:\/\/vintagegalore.de\/#website\",\"url\":\"https:\/\/vintagegalore.de\/\",\"name\":\"Vintage Galore\",\"description\":\"\",\"publisher\":{\"@id\":\"https:\/\/vintagegalore.de\/#organization\"},\"potentialAction\":[{\"@type\":\"SearchAction\",\"target\":{\"@type\":\"EntryPoint\",\"urlTemplate\":\"https:\/\/vintagegalore.de\/?s={search_term_string}\"},\"query-input\":{\"@type\":\"PropertyValueSpecification\",\"valueRequired\":true,\"valueName\":\"search_term_string\"}}],\"inLanguage\":\"en-US\"},{\"@type\":\"Organization\",\"@id\":\"https:\/\/vintagegalore.de\/#organization\",\"name\":\"Vintage Galore\",\"url\":\"https:\/\/vintagegalore.de\/\",\"logo\":{\"@type\":\"ImageObject\",\"inLanguage\":\"en-US\",\"@id\":\"https:\/\/vintagegalore.de\/#\/schema\/logo\/image\/\",\"url\":\"https:\/\/vintagegalore.de\/wp-content\/uploads\/2021\/04\/logo-vg-transparent.png\",\"contentUrl\":\"https:\/\/vintagegalore.de\/wp-content\/uploads\/2021\/04\/logo-vg-transparent.png\",\"width\":500,\"height\":86,\"caption\":\"Vintage Galore\"},\"image\":{\"@id\":\"https:\/\/vintagegalore.de\/#\/schema\/logo\/image\/\"},\"sameAs\":[\"https:\/\/www.facebook.com\/vintagegalore.de\",\"https:\/\/www.instagram.com\/vintagegalorestore\/\"]}]}<\/script>\n<!-- \/ Yoast SEO plugin. -->","yoast_head_json":{"title":"Aida \"Dynamic\" Besteck \/ JKJ Design \/ Postmodernism \/ Danish modern design - Vintage Galore","robots":{"index":"index","follow":"follow","max-snippet":"max-snippet:-1","max-image-preview":"max-image-preview:large","max-video-preview":"max-video-preview:-1"},"canonical":"https:\/\/vintagegalore.de\/produkt\/aida-dynamic-besteck-jkj-design-postmodernism-danish-modern-design\/","og_locale":"en_US","og_type":"article","og_title":"Aida \"Dynamic\" Besteck \/ JKJ Design \/ Postmodernism \/ Danish modern design - Vintage Galore","og_description":"Der Preis gilt f\u00fcr 12 Teile (f\u00fcr 4 Personen), wie auf den Fotos. Mehrere Sets verf\u00fcgbar (solange der Bestand reicht).  Aida, Denmark, Design: JKJ, 1980er Jahre. Edelstahl. Messer: 21cm, Gabel: 20cm, L\u00f6ffel: 20cm. Gebrauchtware. Altersgem\u00e4\u00df ein paar Gebrauchsspuren. Siehe Fotos. Die Farben k\u00f6nnen variieren, da jedes Ger\u00e4t\/Display die Farben anders darstellt.   Versand im versicherten Paket inkl. Tracking zu regul\u00e4ren DHL-Preisen. Gut verpackt! Die Versandkosten werden im Warenkorb-Checkout automatisch f\u00fcr Deine Postleitzahl (Land) kalkuliert \u2013 nat\u00fcrlich vor der Bezahlung.","og_url":"https:\/\/vintagegalore.de\/produkt\/aida-dynamic-besteck-jkj-design-postmodernism-danish-modern-design\/","og_site_name":"Vintage Galore","article_publisher":"https:\/\/www.facebook.com\/vintagegalore.de","article_modified_time":"2024-12-05T23:06:07+00:00","og_image":[{"width":591,"height":887,"url":"https:\/\/vintagegalore.de\/wp-content\/uploads\/2024\/12\/499A5764dsdx.jpg","type":"image\/jpeg"}],"twitter_card":"summary_large_image","twitter_misc":{"Est. reading time":"1 minute"},"schema":{"@context":"https:\/\/schema.org","@graph":[{"@type":"WebPage","@id":"https:\/\/vintagegalore.de\/produkt\/aida-dynamic-besteck-jkj-design-postmodernism-danish-modern-design\/","url":"https:\/\/vintagegalore.de\/produkt\/aida-dynamic-besteck-jkj-design-postmodernism-danish-modern-design\/","name":"Aida \"Dynamic\" Besteck \/ JKJ Design \/ Postmodernism \/ Danish modern design - Vintage Galore","isPartOf":{"@id":"https:\/\/vintagegalore.de\/#website"},"primaryImageOfPage":{"@id":"https:\/\/vintagegalore.de\/produkt\/aida-dynamic-besteck-jkj-design-postmodernism-danish-modern-design\/#primaryimage"},"image":{"@id":"https:\/\/vintagegalore.de\/produkt\/aida-dynamic-besteck-jkj-design-postmodernism-danish-modern-design\/#primaryimage"},"thumbnailUrl":"https:\/\/vintagegalore.de\/wp-content\/uploads\/2024\/12\/499A5764dsdx.jpg","datePublished":"2019-12-05T22:51:31+00:00","dateModified":"2024-12-05T23:06:07+00:00","breadcrumb":{"@id":"https:\/\/vintagegalore.de\/produkt\/aida-dynamic-besteck-jkj-design-postmodernism-danish-modern-design\/#breadcrumb"},"inLanguage":"en-US","potentialAction":[{"@type":"ReadAction","target":["https:\/\/vintagegalore.de\/produkt\/aida-dynamic-besteck-jkj-design-postmodernism-danish-modern-design\/"]}]},{"@type":"ImageObject","inLanguage":"en-US","@id":"https:\/\/vintagegalore.de\/produkt\/aida-dynamic-besteck-jkj-design-postmodernism-danish-modern-design\/#primaryimage","url":"https:\/\/vintagegalore.de\/wp-content\/uploads\/2024\/12\/499A5764dsdx.jpg","contentUrl":"https:\/\/vintagegalore.de\/wp-content\/uploads\/2024\/12\/499A5764dsdx.jpg","width":591,"height":887},{"@type":"BreadcrumbList","@id":"https:\/\/vintagegalore.de\/produkt\/aida-dynamic-besteck-jkj-design-postmodernism-danish-modern-design\/#breadcrumb","itemListElement":[{"@type":"ListItem","position":1,"name":"Startseite","item":"https:\/\/vintagegalore.de\/en\/"},{"@type":"ListItem","position":2,"name":"Aida &#8222;Dynamic&#8220; Besteck \/ JKJ Design \/ Postmodernism \/ Danish modern design"}]},{"@type":"WebSite","@id":"https:\/\/vintagegalore.de\/#website","url":"https:\/\/vintagegalore.de\/","name":"Vintage Galore","description":"","publisher":{"@id":"https:\/\/vintagegalore.de\/#organization"},"potentialAction":[{"@type":"SearchAction","target":{"@type":"EntryPoint","urlTemplate":"https:\/\/vintagegalore.de\/?s={search_term_string}"},"query-input":{"@type":"PropertyValueSpecification","valueRequired":true,"valueName":"search_term_string"}}],"inLanguage":"en-US"},{"@type":"Organization","@id":"https:\/\/vintagegalore.de\/#organization","name":"Vintage Galore","url":"https:\/\/vintagegalore.de\/","logo":{"@type":"ImageObject","inLanguage":"en-US","@id":"https:\/\/vintagegalore.de\/#\/schema\/logo\/image\/","url":"https:\/\/vintagegalore.de\/wp-content\/uploads\/2021\/04\/logo-vg-transparent.png","contentUrl":"https:\/\/vintagegalore.de\/wp-content\/uploads\/2021\/04\/logo-vg-transparent.png","width":500,"height":86,"caption":"Vintage Galore"},"image":{"@id":"https:\/\/vintagegalore.de\/#\/schema\/logo\/image\/"},"sameAs":["https:\/\/www.facebook.com\/vintagegalore.de","https:\/\/www.instagram.com\/vintagegalorestore\/"]}]}},"_links":{"self":[{"href":"https:\/\/vintagegalore.de\/en\/wp-json\/wp\/v2\/product\/89389","targetHints":{"allow":["GET"]}}],"collection":[{"href":"https:\/\/vintagegalore.de\/en\/wp-json\/wp\/v2\/product"}],"about":[{"href":"https:\/\/vintagegalore.de\/en\/wp-json\/wp\/v2\/types\/product"}],"wp:featuredmedia":[{"embeddable":true,"href":"https:\/\/vintagegalore.de\/en\/wp-json\/wp\/v2\/media\/89385"}],"wp:attachment":[{"href":"https:\/\/vintagegalore.de\/en\/wp-json\/wp\/v2\/media?parent=89389"}],"wp:term":[{"taxonomy":"product_brand","embeddable":true,"href":"https:\/\/vintagegalore.de\/en\/wp-json\/wp\/v2\/product_brand?post=89389"},{"taxonomy":"product_cat","embeddable":true,"href":"https:\/\/vintagegalore.de\/en\/wp-json\/wp\/v2\/product_cat?post=89389"},{"taxonomy":"product_tag","embeddable":true,"href":"https:\/\/vintagegalore.de\/en\/wp-json\/wp\/v2\/product_tag?post=89389"}],"curies":[{"name":"wp","href":"https:\/\/api.w.org\/{rel}","templated":true}]}}