{"id":95686,"date":"2025-07-22T00:11:05","date_gmt":"2025-07-21T22:11:05","guid":{"rendered":"https:\/\/vintagegalore.de\/produkt\/fog-moerup-jo-hammerborg-trombone-stehleuchte-60er-70er-jahre-mid-century-danish-modern-design\/"},"modified":"2025-07-22T23:59:32","modified_gmt":"2025-07-22T21:59:32","slug":"fog-moerup-jo-hammerborg-trombone-stehleuchte-60er-70er-jahre-mid-century-danish-modern-design","status":"publish","type":"product","link":"https:\/\/vintagegalore.de\/en\/produkt\/fog-moerup-jo-hammerborg-trombone-stehleuchte-60er-70er-jahre-mid-century-danish-modern-design\/","title":{"rendered":"Fog &#038; M\u00f8rup \/ Jo Hammerborg &#8220;Trombone II&#8221; floorlamp \/ 1960s \/ 1970s \/ Mid Century Danish Modern Design"},"content":{"rendered":"","protected":false},"excerpt":{"rendered":"<div>Fog &amp; M\u00f8rup \u201cTrombone II\u201d floor lamp, design: Jo Hammerborg, 1960s, Denmark. NO reissue! Original Fog &amp; M\u00f8rup production from the 60s-70s. Therefore collector&#8217;s value. Brushed aluminum, steel (partially chrome-plated), plastic. With European bakelite plug. Overall dimensions: approx. 135 x 35 x 20m (height, width, depth). Cable length from lamp base: approx. 2m. This lamp is suitable for both classic and modern (LED) light bulbs. With E27 bulb socket (110-250V, applicable worldwide). Used item. Given the age, only slight signs of use. See close-up photos. No defects, not scratched, no dents. These are the original photos of the items for sale. Nevertheless, colors may vary slightly as they are displayed differently on different devices\/screens.<\/p>\n<p>This lamp must be shipped with oversize surcharge due to the XL parcel. Shipping in an insured parcel incl. tracking at regular DHL prices. Well packed! The shipping costs are automatically calculated for your zip code (country) in the shopping cart checkout &#8211; before payment, of course.<\/p>\n<p>&nbsp;<\/p>\n<p>&nbsp;<\/p>\n<div>\n<div>\n<h6 class=\"woocommerce-product-details__short-description\">Diese Leuchte muss wegen der Paket-\u00dcbergr\u00f6\u00dfe mit Sperrgut-Aufpreis verschickt werden. Versand im versicherten Paket inkl. Tracking zu regul\u00e4ren DHL-Preisen. Gut verpackt! Die Versandkosten werden im Warenkorb-Checkout automatisch f\u00fcr Deine Postleitzahl (Land) kalkuliert \u2013 nat\u00fcrlich vor der Bezahlung.<\/h6>\n<\/div>\n<\/div>\n<\/div>\n","protected":false},"featured_media":95650,"template":"","meta":{"_acf_changed":false},"product_brand":[],"product_cat":[5],"product_tag":[],"class_list":{"0":"post-95686","1":"product","2":"type-product","3":"status-publish","4":"has-post-thumbnail","6":"product_cat-floor-lamps","7":"product_shipping_class-10kg-sperrgut-en","9":"first","10":"instock","11":"purchasable","12":"product-type-simple"},"acf":[],"yoast_head":"<!-- This site is optimized with the Yoast SEO plugin v27.0 - https:\/\/yoast.com\/product\/yoast-seo-wordpress\/ -->\n<title>Fog &amp; M\u00f8rup \/ Jo Hammerborg &quot;Trombone II&quot; floorlamp \/ 1960s \/ 1970s \/ Mid Century Danish Modern Design - Vintage Galore<\/title>\n<meta name=\"robots\" content=\"index, follow, max-snippet:-1, max-image-preview:large, max-video-preview:-1\" \/>\n<link rel=\"canonical\" href=\"https:\/\/vintagegalore.de\/en\/produkt\/fog-moerup-jo-hammerborg-trombone-stehleuchte-60er-70er-jahre-mid-century-danish-modern-design\/\" \/>\n<meta property=\"og:locale\" content=\"en_US\" \/>\n<meta property=\"og:type\" content=\"article\" \/>\n<meta property=\"og:title\" content=\"Fog &amp; M\u00f8rup \/ Jo Hammerborg &quot;Trombone II&quot; floorlamp \/ 1960s \/ 1970s \/ Mid Century Danish Modern Design - Vintage Galore\" \/>\n<meta property=\"og:description\" content=\"Fog &amp; M\u00f8rup \u201cTrombone II\u201d floor lamp, design: Jo Hammerborg, 1960s, Denmark. NO reissue! Original Fog &amp; M\u00f8rup production from the 60s-70s. Therefore collector&#039;s value. Brushed aluminum, steel (partially chrome-plated), plastic. With European bakelite plug. Overall dimensions: approx. 135 x 35 x 20m (height, width, depth). Cable length from lamp base: approx. 2m. This lamp is suitable for both classic and modern (LED) light bulbs. With E27 bulb socket (110-250V, applicable worldwide). Used item. Given the age, only slight signs of use. See close-up photos. No defects, not scratched, no dents. These are the original photos of the items for sale. Nevertheless, colors may vary slightly as they are displayed differently on different devices\/screens.  This lamp must be shipped with oversize surcharge due to the XL parcel. Shipping in an insured parcel incl. tracking at regular DHL prices. Well packed! The shipping costs are automatically calculated for your zip code (country) in the shopping cart checkout - before payment, of course.  &nbsp;  &nbsp;   Diese Leuchte muss wegen der Paket-\u00dcbergr\u00f6\u00dfe mit Sperrgut-Aufpreis verschickt werden. Versand im versicherten Paket inkl. Tracking zu regul\u00e4ren DHL-Preisen. Gut verpackt! Die Versandkosten werden im Warenkorb-Checkout automatisch f\u00fcr Deine Postleitzahl (Land) kalkuliert \u2013 nat\u00fcrlich vor der Bezahlung.\" \/>\n<meta property=\"og:url\" content=\"https:\/\/vintagegalore.de\/en\/produkt\/fog-moerup-jo-hammerborg-trombone-stehleuchte-60er-70er-jahre-mid-century-danish-modern-design\/\" \/>\n<meta property=\"og:site_name\" content=\"Vintage Galore\" \/>\n<meta property=\"article:publisher\" content=\"https:\/\/www.facebook.com\/vintagegalore.de\" \/>\n<meta property=\"article:modified_time\" content=\"2025-07-22T21:59:32+00:00\" \/>\n<meta property=\"og:image\" content=\"https:\/\/vintagegalore.de\/wp-content\/uploads\/2025\/07\/499A6432e.jpg\" \/>\n\t<meta property=\"og:image:width\" content=\"591\" \/>\n\t<meta property=\"og:image:height\" content=\"887\" \/>\n\t<meta property=\"og:image:type\" content=\"image\/jpeg\" \/>\n<meta name=\"twitter:card\" content=\"summary_large_image\" \/>\n<meta name=\"twitter:label1\" content=\"Est. reading time\" \/>\n\t<meta name=\"twitter:data1\" content=\"1 minute\" \/>\n<script type=\"application\/ld+json\" class=\"yoast-schema-graph\">{\"@context\":\"https:\/\/schema.org\",\"@graph\":[{\"@type\":\"WebPage\",\"@id\":\"https:\/\/vintagegalore.de\/en\/produkt\/fog-moerup-jo-hammerborg-trombone-stehleuchte-60er-70er-jahre-mid-century-danish-modern-design\/\",\"url\":\"https:\/\/vintagegalore.de\/en\/produkt\/fog-moerup-jo-hammerborg-trombone-stehleuchte-60er-70er-jahre-mid-century-danish-modern-design\/\",\"name\":\"Fog & M\u00f8rup \/ Jo Hammerborg \\\"Trombone II\\\" floorlamp \/ 1960s \/ 1970s \/ Mid Century Danish Modern Design - Vintage Galore\",\"isPartOf\":{\"@id\":\"https:\/\/vintagegalore.de\/#website\"},\"primaryImageOfPage\":{\"@id\":\"https:\/\/vintagegalore.de\/en\/produkt\/fog-moerup-jo-hammerborg-trombone-stehleuchte-60er-70er-jahre-mid-century-danish-modern-design\/#primaryimage\"},\"image\":{\"@id\":\"https:\/\/vintagegalore.de\/en\/produkt\/fog-moerup-jo-hammerborg-trombone-stehleuchte-60er-70er-jahre-mid-century-danish-modern-design\/#primaryimage\"},\"thumbnailUrl\":\"https:\/\/vintagegalore.de\/wp-content\/uploads\/2025\/07\/499A6432e.jpg\",\"datePublished\":\"2025-07-21T22:11:05+00:00\",\"dateModified\":\"2025-07-22T21:59:32+00:00\",\"breadcrumb\":{\"@id\":\"https:\/\/vintagegalore.de\/en\/produkt\/fog-moerup-jo-hammerborg-trombone-stehleuchte-60er-70er-jahre-mid-century-danish-modern-design\/#breadcrumb\"},\"inLanguage\":\"en-US\",\"potentialAction\":[{\"@type\":\"ReadAction\",\"target\":[\"https:\/\/vintagegalore.de\/en\/produkt\/fog-moerup-jo-hammerborg-trombone-stehleuchte-60er-70er-jahre-mid-century-danish-modern-design\/\"]}]},{\"@type\":\"ImageObject\",\"inLanguage\":\"en-US\",\"@id\":\"https:\/\/vintagegalore.de\/en\/produkt\/fog-moerup-jo-hammerborg-trombone-stehleuchte-60er-70er-jahre-mid-century-danish-modern-design\/#primaryimage\",\"url\":\"https:\/\/vintagegalore.de\/wp-content\/uploads\/2025\/07\/499A6432e.jpg\",\"contentUrl\":\"https:\/\/vintagegalore.de\/wp-content\/uploads\/2025\/07\/499A6432e.jpg\",\"width\":591,\"height\":887},{\"@type\":\"BreadcrumbList\",\"@id\":\"https:\/\/vintagegalore.de\/en\/produkt\/fog-moerup-jo-hammerborg-trombone-stehleuchte-60er-70er-jahre-mid-century-danish-modern-design\/#breadcrumb\",\"itemListElement\":[{\"@type\":\"ListItem\",\"position\":1,\"name\":\"Startseite\",\"item\":\"https:\/\/vintagegalore.de\/en\/\"},{\"@type\":\"ListItem\",\"position\":2,\"name\":\"Fog &#038; M\u00f8rup \/ Jo Hammerborg &#8220;Trombone II&#8221; floorlamp \/ 1960s \/ 1970s \/ Mid Century Danish Modern Design\"}]},{\"@type\":\"WebSite\",\"@id\":\"https:\/\/vintagegalore.de\/#website\",\"url\":\"https:\/\/vintagegalore.de\/\",\"name\":\"Vintage Galore\",\"description\":\"\",\"publisher\":{\"@id\":\"https:\/\/vintagegalore.de\/#organization\"},\"potentialAction\":[{\"@type\":\"SearchAction\",\"target\":{\"@type\":\"EntryPoint\",\"urlTemplate\":\"https:\/\/vintagegalore.de\/?s={search_term_string}\"},\"query-input\":{\"@type\":\"PropertyValueSpecification\",\"valueRequired\":true,\"valueName\":\"search_term_string\"}}],\"inLanguage\":\"en-US\"},{\"@type\":\"Organization\",\"@id\":\"https:\/\/vintagegalore.de\/#organization\",\"name\":\"Vintage Galore\",\"url\":\"https:\/\/vintagegalore.de\/\",\"logo\":{\"@type\":\"ImageObject\",\"inLanguage\":\"en-US\",\"@id\":\"https:\/\/vintagegalore.de\/#\/schema\/logo\/image\/\",\"url\":\"https:\/\/vintagegalore.de\/wp-content\/uploads\/2021\/04\/logo-vg-transparent.png\",\"contentUrl\":\"https:\/\/vintagegalore.de\/wp-content\/uploads\/2021\/04\/logo-vg-transparent.png\",\"width\":500,\"height\":86,\"caption\":\"Vintage Galore\"},\"image\":{\"@id\":\"https:\/\/vintagegalore.de\/#\/schema\/logo\/image\/\"},\"sameAs\":[\"https:\/\/www.facebook.com\/vintagegalore.de\",\"https:\/\/www.instagram.com\/vintagegalorestore\/\"]}]}<\/script>\n<!-- \/ Yoast SEO plugin. -->","yoast_head_json":{"title":"Fog & M\u00f8rup \/ Jo Hammerborg \"Trombone II\" floorlamp \/ 1960s \/ 1970s \/ Mid Century Danish Modern Design - Vintage Galore","robots":{"index":"index","follow":"follow","max-snippet":"max-snippet:-1","max-image-preview":"max-image-preview:large","max-video-preview":"max-video-preview:-1"},"canonical":"https:\/\/vintagegalore.de\/en\/produkt\/fog-moerup-jo-hammerborg-trombone-stehleuchte-60er-70er-jahre-mid-century-danish-modern-design\/","og_locale":"en_US","og_type":"article","og_title":"Fog & M\u00f8rup \/ Jo Hammerborg \"Trombone II\" floorlamp \/ 1960s \/ 1970s \/ Mid Century Danish Modern Design - Vintage Galore","og_description":"Fog &amp; M\u00f8rup \u201cTrombone II\u201d floor lamp, design: Jo Hammerborg, 1960s, Denmark. NO reissue! Original Fog &amp; M\u00f8rup production from the 60s-70s. Therefore collector's value. Brushed aluminum, steel (partially chrome-plated), plastic. With European bakelite plug. Overall dimensions: approx. 135 x 35 x 20m (height, width, depth). Cable length from lamp base: approx. 2m. This lamp is suitable for both classic and modern (LED) light bulbs. With E27 bulb socket (110-250V, applicable worldwide). Used item. Given the age, only slight signs of use. See close-up photos. No defects, not scratched, no dents. These are the original photos of the items for sale. Nevertheless, colors may vary slightly as they are displayed differently on different devices\/screens.  This lamp must be shipped with oversize surcharge due to the XL parcel. Shipping in an insured parcel incl. tracking at regular DHL prices. Well packed! The shipping costs are automatically calculated for your zip code (country) in the shopping cart checkout - before payment, of course.  &nbsp;  &nbsp;   Diese Leuchte muss wegen der Paket-\u00dcbergr\u00f6\u00dfe mit Sperrgut-Aufpreis verschickt werden. Versand im versicherten Paket inkl. Tracking zu regul\u00e4ren DHL-Preisen. Gut verpackt! Die Versandkosten werden im Warenkorb-Checkout automatisch f\u00fcr Deine Postleitzahl (Land) kalkuliert \u2013 nat\u00fcrlich vor der Bezahlung.","og_url":"https:\/\/vintagegalore.de\/en\/produkt\/fog-moerup-jo-hammerborg-trombone-stehleuchte-60er-70er-jahre-mid-century-danish-modern-design\/","og_site_name":"Vintage Galore","article_publisher":"https:\/\/www.facebook.com\/vintagegalore.de","article_modified_time":"2025-07-22T21:59:32+00:00","og_image":[{"width":591,"height":887,"url":"https:\/\/vintagegalore.de\/wp-content\/uploads\/2025\/07\/499A6432e.jpg","type":"image\/jpeg"}],"twitter_card":"summary_large_image","twitter_misc":{"Est. reading time":"1 minute"},"schema":{"@context":"https:\/\/schema.org","@graph":[{"@type":"WebPage","@id":"https:\/\/vintagegalore.de\/en\/produkt\/fog-moerup-jo-hammerborg-trombone-stehleuchte-60er-70er-jahre-mid-century-danish-modern-design\/","url":"https:\/\/vintagegalore.de\/en\/produkt\/fog-moerup-jo-hammerborg-trombone-stehleuchte-60er-70er-jahre-mid-century-danish-modern-design\/","name":"Fog & M\u00f8rup \/ Jo Hammerborg \"Trombone II\" floorlamp \/ 1960s \/ 1970s \/ Mid Century Danish Modern Design - Vintage Galore","isPartOf":{"@id":"https:\/\/vintagegalore.de\/#website"},"primaryImageOfPage":{"@id":"https:\/\/vintagegalore.de\/en\/produkt\/fog-moerup-jo-hammerborg-trombone-stehleuchte-60er-70er-jahre-mid-century-danish-modern-design\/#primaryimage"},"image":{"@id":"https:\/\/vintagegalore.de\/en\/produkt\/fog-moerup-jo-hammerborg-trombone-stehleuchte-60er-70er-jahre-mid-century-danish-modern-design\/#primaryimage"},"thumbnailUrl":"https:\/\/vintagegalore.de\/wp-content\/uploads\/2025\/07\/499A6432e.jpg","datePublished":"2025-07-21T22:11:05+00:00","dateModified":"2025-07-22T21:59:32+00:00","breadcrumb":{"@id":"https:\/\/vintagegalore.de\/en\/produkt\/fog-moerup-jo-hammerborg-trombone-stehleuchte-60er-70er-jahre-mid-century-danish-modern-design\/#breadcrumb"},"inLanguage":"en-US","potentialAction":[{"@type":"ReadAction","target":["https:\/\/vintagegalore.de\/en\/produkt\/fog-moerup-jo-hammerborg-trombone-stehleuchte-60er-70er-jahre-mid-century-danish-modern-design\/"]}]},{"@type":"ImageObject","inLanguage":"en-US","@id":"https:\/\/vintagegalore.de\/en\/produkt\/fog-moerup-jo-hammerborg-trombone-stehleuchte-60er-70er-jahre-mid-century-danish-modern-design\/#primaryimage","url":"https:\/\/vintagegalore.de\/wp-content\/uploads\/2025\/07\/499A6432e.jpg","contentUrl":"https:\/\/vintagegalore.de\/wp-content\/uploads\/2025\/07\/499A6432e.jpg","width":591,"height":887},{"@type":"BreadcrumbList","@id":"https:\/\/vintagegalore.de\/en\/produkt\/fog-moerup-jo-hammerborg-trombone-stehleuchte-60er-70er-jahre-mid-century-danish-modern-design\/#breadcrumb","itemListElement":[{"@type":"ListItem","position":1,"name":"Startseite","item":"https:\/\/vintagegalore.de\/en\/"},{"@type":"ListItem","position":2,"name":"Fog &#038; M\u00f8rup \/ Jo Hammerborg &#8220;Trombone II&#8221; floorlamp \/ 1960s \/ 1970s \/ Mid Century Danish Modern Design"}]},{"@type":"WebSite","@id":"https:\/\/vintagegalore.de\/#website","url":"https:\/\/vintagegalore.de\/","name":"Vintage Galore","description":"","publisher":{"@id":"https:\/\/vintagegalore.de\/#organization"},"potentialAction":[{"@type":"SearchAction","target":{"@type":"EntryPoint","urlTemplate":"https:\/\/vintagegalore.de\/?s={search_term_string}"},"query-input":{"@type":"PropertyValueSpecification","valueRequired":true,"valueName":"search_term_string"}}],"inLanguage":"en-US"},{"@type":"Organization","@id":"https:\/\/vintagegalore.de\/#organization","name":"Vintage Galore","url":"https:\/\/vintagegalore.de\/","logo":{"@type":"ImageObject","inLanguage":"en-US","@id":"https:\/\/vintagegalore.de\/#\/schema\/logo\/image\/","url":"https:\/\/vintagegalore.de\/wp-content\/uploads\/2021\/04\/logo-vg-transparent.png","contentUrl":"https:\/\/vintagegalore.de\/wp-content\/uploads\/2021\/04\/logo-vg-transparent.png","width":500,"height":86,"caption":"Vintage Galore"},"image":{"@id":"https:\/\/vintagegalore.de\/#\/schema\/logo\/image\/"},"sameAs":["https:\/\/www.facebook.com\/vintagegalore.de","https:\/\/www.instagram.com\/vintagegalorestore\/"]}]}},"_links":{"self":[{"href":"https:\/\/vintagegalore.de\/en\/wp-json\/wp\/v2\/product\/95686","targetHints":{"allow":["GET"]}}],"collection":[{"href":"https:\/\/vintagegalore.de\/en\/wp-json\/wp\/v2\/product"}],"about":[{"href":"https:\/\/vintagegalore.de\/en\/wp-json\/wp\/v2\/types\/product"}],"wp:featuredmedia":[{"embeddable":true,"href":"https:\/\/vintagegalore.de\/en\/wp-json\/wp\/v2\/media\/95650"}],"wp:attachment":[{"href":"https:\/\/vintagegalore.de\/en\/wp-json\/wp\/v2\/media?parent=95686"}],"wp:term":[{"taxonomy":"product_brand","embeddable":true,"href":"https:\/\/vintagegalore.de\/en\/wp-json\/wp\/v2\/product_brand?post=95686"},{"taxonomy":"product_cat","embeddable":true,"href":"https:\/\/vintagegalore.de\/en\/wp-json\/wp\/v2\/product_cat?post=95686"},{"taxonomy":"product_tag","embeddable":true,"href":"https:\/\/vintagegalore.de\/en\/wp-json\/wp\/v2\/product_tag?post=95686"}],"curies":[{"name":"wp","href":"https:\/\/api.w.org\/{rel}","templated":true}]}}