{"id":96452,"date":"2025-08-02T00:10:22","date_gmt":"2025-08-01T22:10:22","guid":{"rendered":"https:\/\/vintagegalore.de\/produkt\/voll-restaurierter-aerthoej-jensen-moelholm-teak-stuhl-mit-wollfilz-bezug-mid-century-danish-modern-design-60er\/"},"modified":"2025-10-21T23:48:36","modified_gmt":"2025-10-21T21:48:36","slug":"voll-restaurierter-aerthoej-jensen-moelholm-teak-stuhl-mit-wollfilz-bezug-mid-century-danish-modern-design-60er","status":"publish","type":"product","link":"https:\/\/vintagegalore.de\/en\/produkt\/voll-restaurierter-aerthoej-jensen-moelholm-teak-stuhl-mit-wollfilz-bezug-mid-century-danish-modern-design-60er\/","title":{"rendered":"Fully restored \u00c6rth\u00f8j Jensen &#038; M\u00f8lholm teak chair with wool felt upholstery \/ Mid-century Danish modern design \/ 1960s"},"content":{"rendered":"","protected":false},"excerpt":{"rendered":"<div>Rare teak chair by \u00c6rth\u00f8j Jensen &amp; M\u00f8lholm, 1960s, Denmark. High-quality workmanship. Very pleasant feel. Smooth, satin-matte surface. Reupholstered (high-density cold foam, high-quality soft wool felt cover in gray). Overall dimensions approx. 75 x 48 x 50 cm (height, width, depth). Seat height: approx. 45 cm. Used item. Only slight signs of wear. These are the original photos of the items for sale. However, the colors may vary slightly as they are displayed differently on different devices\/screens.<\/p>\n<p><strong>Shipping with DHL within Germany is free of charge in this case. The chair will be carefully and securely packaged (cardboard box lined with Styrofoam)! Transport insurance and tracking are included.<\/strong><br \/>\n<strong>Shipping to other countries within the EU can only be carried out by a furniture transport company. If you need a transport quote for this, please contact me via the \u201cInquiry\u201d button before purchasing. Transport costs outside Germany are not yet included in the offer.<\/strong><\/div>\n","protected":false},"featured_media":96407,"template":"","meta":{"_acf_changed":false},"product_brand":[],"product_cat":[9],"product_tag":[],"class_list":{"0":"post-96452","1":"product","2":"type-product","3":"status-publish","4":"has-post-thumbnail","6":"product_cat-seating","8":"first","9":"instock","10":"purchasable","11":"product-type-simple"},"acf":[],"yoast_head":"<!-- This site is optimized with the Yoast SEO plugin v27.0 - https:\/\/yoast.com\/product\/yoast-seo-wordpress\/ -->\n<title>Fully restored \u00c6rth\u00f8j Jensen &amp; M\u00f8lholm teak chair with wool felt upholstery \/ Mid-century Danish modern design \/ 1960s - Vintage Galore<\/title>\n<meta name=\"robots\" content=\"index, follow, max-snippet:-1, max-image-preview:large, max-video-preview:-1\" \/>\n<link rel=\"canonical\" href=\"https:\/\/vintagegalore.de\/en\/produkt\/voll-restaurierter-aerthoej-jensen-moelholm-teak-stuhl-mit-wollfilz-bezug-mid-century-danish-modern-design-60er\/\" \/>\n<meta property=\"og:locale\" content=\"en_US\" \/>\n<meta property=\"og:type\" content=\"article\" \/>\n<meta property=\"og:title\" content=\"Fully restored \u00c6rth\u00f8j Jensen &amp; M\u00f8lholm teak chair with wool felt upholstery \/ Mid-century Danish modern design \/ 1960s - Vintage Galore\" \/>\n<meta property=\"og:description\" content=\"Rare teak chair by \u00c6rth\u00f8j Jensen &amp; M\u00f8lholm, 1960s, Denmark. High-quality workmanship. Very pleasant feel. Smooth, satin-matte surface. Reupholstered (high-density cold foam, high-quality soft wool felt cover in gray). Overall dimensions approx. 75 x 48 x 50 cm (height, width, depth). Seat height: approx. 45 cm. Used item. Only slight signs of wear. These are the original photos of the items for sale. However, the colors may vary slightly as they are displayed differently on different devices\/screens.  Shipping with DHL within Germany is free of charge in this case. The chair will be carefully and securely packaged (cardboard box lined with Styrofoam)! Transport insurance and tracking are included. Shipping to other countries within the EU can only be carried out by a furniture transport company. If you need a transport quote for this, please contact me via the \u201cInquiry\u201d button before purchasing. Transport costs outside Germany are not yet included in the offer.\" \/>\n<meta property=\"og:url\" content=\"https:\/\/vintagegalore.de\/en\/produkt\/voll-restaurierter-aerthoej-jensen-moelholm-teak-stuhl-mit-wollfilz-bezug-mid-century-danish-modern-design-60er\/\" \/>\n<meta property=\"og:site_name\" content=\"Vintage Galore\" \/>\n<meta property=\"article:publisher\" content=\"https:\/\/www.facebook.com\/vintagegalore.de\" \/>\n<meta property=\"article:modified_time\" content=\"2025-10-21T21:48:36+00:00\" \/>\n<meta property=\"og:image\" content=\"https:\/\/vintagegalore.de\/wp-content\/uploads\/2025\/08\/499A7000zzzzzzzzzzzzz.jpg\" \/>\n\t<meta property=\"og:image:width\" content=\"591\" \/>\n\t<meta property=\"og:image:height\" content=\"887\" \/>\n\t<meta property=\"og:image:type\" content=\"image\/jpeg\" \/>\n<meta name=\"twitter:card\" content=\"summary_large_image\" \/>\n<meta name=\"twitter:label1\" content=\"Est. reading time\" \/>\n\t<meta name=\"twitter:data1\" content=\"1 minute\" \/>\n<script type=\"application\/ld+json\" class=\"yoast-schema-graph\">{\"@context\":\"https:\/\/schema.org\",\"@graph\":[{\"@type\":\"WebPage\",\"@id\":\"https:\/\/vintagegalore.de\/en\/produkt\/voll-restaurierter-aerthoej-jensen-moelholm-teak-stuhl-mit-wollfilz-bezug-mid-century-danish-modern-design-60er\/\",\"url\":\"https:\/\/vintagegalore.de\/en\/produkt\/voll-restaurierter-aerthoej-jensen-moelholm-teak-stuhl-mit-wollfilz-bezug-mid-century-danish-modern-design-60er\/\",\"name\":\"Fully restored \u00c6rth\u00f8j Jensen & M\u00f8lholm teak chair with wool felt upholstery \/ Mid-century Danish modern design \/ 1960s - Vintage Galore\",\"isPartOf\":{\"@id\":\"https:\/\/vintagegalore.de\/#website\"},\"primaryImageOfPage\":{\"@id\":\"https:\/\/vintagegalore.de\/en\/produkt\/voll-restaurierter-aerthoej-jensen-moelholm-teak-stuhl-mit-wollfilz-bezug-mid-century-danish-modern-design-60er\/#primaryimage\"},\"image\":{\"@id\":\"https:\/\/vintagegalore.de\/en\/produkt\/voll-restaurierter-aerthoej-jensen-moelholm-teak-stuhl-mit-wollfilz-bezug-mid-century-danish-modern-design-60er\/#primaryimage\"},\"thumbnailUrl\":\"https:\/\/vintagegalore.de\/wp-content\/uploads\/2025\/08\/499A7000zzzzzzzzzzzzz.jpg\",\"datePublished\":\"2025-08-01T22:10:22+00:00\",\"dateModified\":\"2025-10-21T21:48:36+00:00\",\"breadcrumb\":{\"@id\":\"https:\/\/vintagegalore.de\/en\/produkt\/voll-restaurierter-aerthoej-jensen-moelholm-teak-stuhl-mit-wollfilz-bezug-mid-century-danish-modern-design-60er\/#breadcrumb\"},\"inLanguage\":\"en-US\",\"potentialAction\":[{\"@type\":\"ReadAction\",\"target\":[\"https:\/\/vintagegalore.de\/en\/produkt\/voll-restaurierter-aerthoej-jensen-moelholm-teak-stuhl-mit-wollfilz-bezug-mid-century-danish-modern-design-60er\/\"]}]},{\"@type\":\"ImageObject\",\"inLanguage\":\"en-US\",\"@id\":\"https:\/\/vintagegalore.de\/en\/produkt\/voll-restaurierter-aerthoej-jensen-moelholm-teak-stuhl-mit-wollfilz-bezug-mid-century-danish-modern-design-60er\/#primaryimage\",\"url\":\"https:\/\/vintagegalore.de\/wp-content\/uploads\/2025\/08\/499A7000zzzzzzzzzzzzz.jpg\",\"contentUrl\":\"https:\/\/vintagegalore.de\/wp-content\/uploads\/2025\/08\/499A7000zzzzzzzzzzzzz.jpg\",\"width\":591,\"height\":887},{\"@type\":\"BreadcrumbList\",\"@id\":\"https:\/\/vintagegalore.de\/en\/produkt\/voll-restaurierter-aerthoej-jensen-moelholm-teak-stuhl-mit-wollfilz-bezug-mid-century-danish-modern-design-60er\/#breadcrumb\",\"itemListElement\":[{\"@type\":\"ListItem\",\"position\":1,\"name\":\"Startseite\",\"item\":\"https:\/\/vintagegalore.de\/en\/\"},{\"@type\":\"ListItem\",\"position\":2,\"name\":\"Fully restored \u00c6rth\u00f8j Jensen &#038; M\u00f8lholm teak chair with wool felt upholstery \/ Mid-century Danish modern design \/ 1960s\"}]},{\"@type\":\"WebSite\",\"@id\":\"https:\/\/vintagegalore.de\/#website\",\"url\":\"https:\/\/vintagegalore.de\/\",\"name\":\"Vintage Galore\",\"description\":\"\",\"publisher\":{\"@id\":\"https:\/\/vintagegalore.de\/#organization\"},\"potentialAction\":[{\"@type\":\"SearchAction\",\"target\":{\"@type\":\"EntryPoint\",\"urlTemplate\":\"https:\/\/vintagegalore.de\/?s={search_term_string}\"},\"query-input\":{\"@type\":\"PropertyValueSpecification\",\"valueRequired\":true,\"valueName\":\"search_term_string\"}}],\"inLanguage\":\"en-US\"},{\"@type\":\"Organization\",\"@id\":\"https:\/\/vintagegalore.de\/#organization\",\"name\":\"Vintage Galore\",\"url\":\"https:\/\/vintagegalore.de\/\",\"logo\":{\"@type\":\"ImageObject\",\"inLanguage\":\"en-US\",\"@id\":\"https:\/\/vintagegalore.de\/#\/schema\/logo\/image\/\",\"url\":\"https:\/\/vintagegalore.de\/wp-content\/uploads\/2021\/04\/logo-vg-transparent.png\",\"contentUrl\":\"https:\/\/vintagegalore.de\/wp-content\/uploads\/2021\/04\/logo-vg-transparent.png\",\"width\":500,\"height\":86,\"caption\":\"Vintage Galore\"},\"image\":{\"@id\":\"https:\/\/vintagegalore.de\/#\/schema\/logo\/image\/\"},\"sameAs\":[\"https:\/\/www.facebook.com\/vintagegalore.de\",\"https:\/\/www.instagram.com\/vintagegalorestore\/\"]}]}<\/script>\n<!-- \/ Yoast SEO plugin. -->","yoast_head_json":{"title":"Fully restored \u00c6rth\u00f8j Jensen & M\u00f8lholm teak chair with wool felt upholstery \/ Mid-century Danish modern design \/ 1960s - Vintage Galore","robots":{"index":"index","follow":"follow","max-snippet":"max-snippet:-1","max-image-preview":"max-image-preview:large","max-video-preview":"max-video-preview:-1"},"canonical":"https:\/\/vintagegalore.de\/en\/produkt\/voll-restaurierter-aerthoej-jensen-moelholm-teak-stuhl-mit-wollfilz-bezug-mid-century-danish-modern-design-60er\/","og_locale":"en_US","og_type":"article","og_title":"Fully restored \u00c6rth\u00f8j Jensen & M\u00f8lholm teak chair with wool felt upholstery \/ Mid-century Danish modern design \/ 1960s - Vintage Galore","og_description":"Rare teak chair by \u00c6rth\u00f8j Jensen &amp; M\u00f8lholm, 1960s, Denmark. High-quality workmanship. Very pleasant feel. Smooth, satin-matte surface. Reupholstered (high-density cold foam, high-quality soft wool felt cover in gray). Overall dimensions approx. 75 x 48 x 50 cm (height, width, depth). Seat height: approx. 45 cm. Used item. Only slight signs of wear. These are the original photos of the items for sale. However, the colors may vary slightly as they are displayed differently on different devices\/screens.  Shipping with DHL within Germany is free of charge in this case. The chair will be carefully and securely packaged (cardboard box lined with Styrofoam)! Transport insurance and tracking are included. Shipping to other countries within the EU can only be carried out by a furniture transport company. If you need a transport quote for this, please contact me via the \u201cInquiry\u201d button before purchasing. Transport costs outside Germany are not yet included in the offer.","og_url":"https:\/\/vintagegalore.de\/en\/produkt\/voll-restaurierter-aerthoej-jensen-moelholm-teak-stuhl-mit-wollfilz-bezug-mid-century-danish-modern-design-60er\/","og_site_name":"Vintage Galore","article_publisher":"https:\/\/www.facebook.com\/vintagegalore.de","article_modified_time":"2025-10-21T21:48:36+00:00","og_image":[{"width":591,"height":887,"url":"https:\/\/vintagegalore.de\/wp-content\/uploads\/2025\/08\/499A7000zzzzzzzzzzzzz.jpg","type":"image\/jpeg"}],"twitter_card":"summary_large_image","twitter_misc":{"Est. reading time":"1 minute"},"schema":{"@context":"https:\/\/schema.org","@graph":[{"@type":"WebPage","@id":"https:\/\/vintagegalore.de\/en\/produkt\/voll-restaurierter-aerthoej-jensen-moelholm-teak-stuhl-mit-wollfilz-bezug-mid-century-danish-modern-design-60er\/","url":"https:\/\/vintagegalore.de\/en\/produkt\/voll-restaurierter-aerthoej-jensen-moelholm-teak-stuhl-mit-wollfilz-bezug-mid-century-danish-modern-design-60er\/","name":"Fully restored \u00c6rth\u00f8j Jensen & M\u00f8lholm teak chair with wool felt upholstery \/ Mid-century Danish modern design \/ 1960s - Vintage Galore","isPartOf":{"@id":"https:\/\/vintagegalore.de\/#website"},"primaryImageOfPage":{"@id":"https:\/\/vintagegalore.de\/en\/produkt\/voll-restaurierter-aerthoej-jensen-moelholm-teak-stuhl-mit-wollfilz-bezug-mid-century-danish-modern-design-60er\/#primaryimage"},"image":{"@id":"https:\/\/vintagegalore.de\/en\/produkt\/voll-restaurierter-aerthoej-jensen-moelholm-teak-stuhl-mit-wollfilz-bezug-mid-century-danish-modern-design-60er\/#primaryimage"},"thumbnailUrl":"https:\/\/vintagegalore.de\/wp-content\/uploads\/2025\/08\/499A7000zzzzzzzzzzzzz.jpg","datePublished":"2025-08-01T22:10:22+00:00","dateModified":"2025-10-21T21:48:36+00:00","breadcrumb":{"@id":"https:\/\/vintagegalore.de\/en\/produkt\/voll-restaurierter-aerthoej-jensen-moelholm-teak-stuhl-mit-wollfilz-bezug-mid-century-danish-modern-design-60er\/#breadcrumb"},"inLanguage":"en-US","potentialAction":[{"@type":"ReadAction","target":["https:\/\/vintagegalore.de\/en\/produkt\/voll-restaurierter-aerthoej-jensen-moelholm-teak-stuhl-mit-wollfilz-bezug-mid-century-danish-modern-design-60er\/"]}]},{"@type":"ImageObject","inLanguage":"en-US","@id":"https:\/\/vintagegalore.de\/en\/produkt\/voll-restaurierter-aerthoej-jensen-moelholm-teak-stuhl-mit-wollfilz-bezug-mid-century-danish-modern-design-60er\/#primaryimage","url":"https:\/\/vintagegalore.de\/wp-content\/uploads\/2025\/08\/499A7000zzzzzzzzzzzzz.jpg","contentUrl":"https:\/\/vintagegalore.de\/wp-content\/uploads\/2025\/08\/499A7000zzzzzzzzzzzzz.jpg","width":591,"height":887},{"@type":"BreadcrumbList","@id":"https:\/\/vintagegalore.de\/en\/produkt\/voll-restaurierter-aerthoej-jensen-moelholm-teak-stuhl-mit-wollfilz-bezug-mid-century-danish-modern-design-60er\/#breadcrumb","itemListElement":[{"@type":"ListItem","position":1,"name":"Startseite","item":"https:\/\/vintagegalore.de\/en\/"},{"@type":"ListItem","position":2,"name":"Fully restored \u00c6rth\u00f8j Jensen &#038; M\u00f8lholm teak chair with wool felt upholstery \/ Mid-century Danish modern design \/ 1960s"}]},{"@type":"WebSite","@id":"https:\/\/vintagegalore.de\/#website","url":"https:\/\/vintagegalore.de\/","name":"Vintage Galore","description":"","publisher":{"@id":"https:\/\/vintagegalore.de\/#organization"},"potentialAction":[{"@type":"SearchAction","target":{"@type":"EntryPoint","urlTemplate":"https:\/\/vintagegalore.de\/?s={search_term_string}"},"query-input":{"@type":"PropertyValueSpecification","valueRequired":true,"valueName":"search_term_string"}}],"inLanguage":"en-US"},{"@type":"Organization","@id":"https:\/\/vintagegalore.de\/#organization","name":"Vintage Galore","url":"https:\/\/vintagegalore.de\/","logo":{"@type":"ImageObject","inLanguage":"en-US","@id":"https:\/\/vintagegalore.de\/#\/schema\/logo\/image\/","url":"https:\/\/vintagegalore.de\/wp-content\/uploads\/2021\/04\/logo-vg-transparent.png","contentUrl":"https:\/\/vintagegalore.de\/wp-content\/uploads\/2021\/04\/logo-vg-transparent.png","width":500,"height":86,"caption":"Vintage Galore"},"image":{"@id":"https:\/\/vintagegalore.de\/#\/schema\/logo\/image\/"},"sameAs":["https:\/\/www.facebook.com\/vintagegalore.de","https:\/\/www.instagram.com\/vintagegalorestore\/"]}]}},"_links":{"self":[{"href":"https:\/\/vintagegalore.de\/en\/wp-json\/wp\/v2\/product\/96452","targetHints":{"allow":["GET"]}}],"collection":[{"href":"https:\/\/vintagegalore.de\/en\/wp-json\/wp\/v2\/product"}],"about":[{"href":"https:\/\/vintagegalore.de\/en\/wp-json\/wp\/v2\/types\/product"}],"wp:featuredmedia":[{"embeddable":true,"href":"https:\/\/vintagegalore.de\/en\/wp-json\/wp\/v2\/media\/96407"}],"wp:attachment":[{"href":"https:\/\/vintagegalore.de\/en\/wp-json\/wp\/v2\/media?parent=96452"}],"wp:term":[{"taxonomy":"product_brand","embeddable":true,"href":"https:\/\/vintagegalore.de\/en\/wp-json\/wp\/v2\/product_brand?post=96452"},{"taxonomy":"product_cat","embeddable":true,"href":"https:\/\/vintagegalore.de\/en\/wp-json\/wp\/v2\/product_cat?post=96452"},{"taxonomy":"product_tag","embeddable":true,"href":"https:\/\/vintagegalore.de\/en\/wp-json\/wp\/v2\/product_tag?post=96452"}],"curies":[{"name":"wp","href":"https:\/\/api.w.org\/{rel}","templated":true}]}}