{"id":99751,"date":"2025-11-29T00:15:51","date_gmt":"2025-11-28T23:15:51","guid":{"rendered":"https:\/\/vintagegalore.de\/produkt\/2er-set-316-teak-rattan-stuehle-von-peter-hvidt-orla-moelgaard-nielsen-fuer-soeborg-moebler-60er\/"},"modified":"2025-11-29T00:25:44","modified_gmt":"2025-11-28T23:25:44","slug":"2er-set-316-teak-rattan-stuehle-von-peter-hvidt-orla-moelgaard-nielsen-fuer-soeborg-moebler-60er","status":"publish","type":"product","link":"https:\/\/vintagegalore.de\/en\/produkt\/2er-set-316-teak-rattan-stuehle-von-peter-hvidt-orla-moelgaard-nielsen-fuer-soeborg-moebler-60er\/","title":{"rendered":"Set of 2 \u201c316\u201d teak\/rattan chairs by Peter Hvidt &#038; Orla M\u00f8lgaard Nielsen for S\u00f8borg M\u00f8bler \/ 1960s"},"content":{"rendered":"","protected":false},"excerpt":{"rendered":"<div>The price is for the set of two.<\/p>\n<p>Type &#8220;316&#8221; chairs, design: Peter Hvidt &amp; Orla M\u00f8lgaard Nielsen for S\u00f8borg M\u00f8bler, Denmark, 1960s. With logo brand stamp. Teak frames. High-quality workmanship. Very rare version with rattan weave instead of the usual papercord. Dimensions: approx. 76 x 48 x 45 cm (height, width, depth). Seat height: approx. 43 cm. Used items. Given their age, only slight signs of aging\/wear in the form of a few scratches and dents (see close-up photos). One touched up wooden strut (see close-up). The weave is intact on both chairs. One rattan strip has been replaced on each chair. These are the original photos of the items for sale. However, the colors may vary slightly as they are displayed differently on different devices\/screens.<\/p>\n<p><strong>Shipping with DHL within Germany is free of charge in this case. The chairs will be carefully and securely packaged (cardboard box lined with Styrofoam)!<\/strong><\/p>\n<p><strong>Shipping to other countries within the EU can only be done with a furniture transport company. If you need a transport quote for this, please contact me via the \u201cInquiry\u201d button before purchasing. Transport costs outside Germany are not yet included in the offer.<\/strong><\/div>\n","protected":false},"featured_media":99693,"template":"","meta":{"_acf_changed":false},"product_brand":[],"product_cat":[9],"product_tag":[],"class_list":{"0":"post-99751","1":"product","2":"type-product","3":"status-publish","4":"has-post-thumbnail","6":"product_cat-seating","8":"first","9":"instock","10":"purchasable","11":"product-type-simple"},"acf":[],"yoast_head":"<!-- This site is optimized with the Yoast SEO plugin v27.0 - https:\/\/yoast.com\/product\/yoast-seo-wordpress\/ -->\n<title>Set of 2 \u201c316\u201d teak\/rattan chairs by Peter Hvidt &amp; Orla M\u00f8lgaard Nielsen for S\u00f8borg M\u00f8bler \/ 1960s - Vintage Galore<\/title>\n<meta name=\"robots\" content=\"index, follow, max-snippet:-1, max-image-preview:large, max-video-preview:-1\" \/>\n<link rel=\"canonical\" href=\"https:\/\/vintagegalore.de\/en\/produkt\/2er-set-316-teak-rattan-stuehle-von-peter-hvidt-orla-moelgaard-nielsen-fuer-soeborg-moebler-60er\/\" \/>\n<meta property=\"og:locale\" content=\"en_US\" \/>\n<meta property=\"og:type\" content=\"article\" \/>\n<meta property=\"og:title\" content=\"Set of 2 \u201c316\u201d teak\/rattan chairs by Peter Hvidt &amp; Orla M\u00f8lgaard Nielsen for S\u00f8borg M\u00f8bler \/ 1960s - Vintage Galore\" \/>\n<meta property=\"og:description\" content=\"The price is for the set of two.  Type &quot;316&quot; chairs, design: Peter Hvidt &amp; Orla M\u00f8lgaard Nielsen for S\u00f8borg M\u00f8bler, Denmark, 1960s. With logo brand stamp. Teak frames. High-quality workmanship. Very rare version with rattan weave instead of the usual papercord. Dimensions: approx. 76 x 48 x 45 cm (height, width, depth). Seat height: approx. 43 cm. Used items. Given their age, only slight signs of aging\/wear in the form of a few scratches and dents (see close-up photos). One touched up wooden strut (see close-up). The weave is intact on both chairs. One rattan strip has been replaced on each chair. These are the original photos of the items for sale. However, the colors may vary slightly as they are displayed differently on different devices\/screens.  Shipping with DHL within Germany is free of charge in this case. The chairs will be carefully and securely packaged (cardboard box lined with Styrofoam)!  Shipping to other countries within the EU can only be done with a furniture transport company. If you need a transport quote for this, please contact me via the \u201cInquiry\u201d button before purchasing. Transport costs outside Germany are not yet included in the offer.\" \/>\n<meta property=\"og:url\" content=\"https:\/\/vintagegalore.de\/en\/produkt\/2er-set-316-teak-rattan-stuehle-von-peter-hvidt-orla-moelgaard-nielsen-fuer-soeborg-moebler-60er\/\" \/>\n<meta property=\"og:site_name\" content=\"Vintage Galore\" \/>\n<meta property=\"article:publisher\" content=\"https:\/\/www.facebook.com\/vintagegalore.de\" \/>\n<meta property=\"article:modified_time\" content=\"2025-11-28T23:25:44+00:00\" \/>\n<meta property=\"og:image\" content=\"https:\/\/vintagegalore.de\/wp-content\/uploads\/2025\/11\/499A9651zui.jpg\" \/>\n\t<meta property=\"og:image:width\" content=\"591\" \/>\n\t<meta property=\"og:image:height\" content=\"887\" \/>\n\t<meta property=\"og:image:type\" content=\"image\/jpeg\" \/>\n<meta name=\"twitter:card\" content=\"summary_large_image\" \/>\n<meta name=\"twitter:label1\" content=\"Est. reading time\" \/>\n\t<meta name=\"twitter:data1\" content=\"1 minute\" \/>\n<script type=\"application\/ld+json\" class=\"yoast-schema-graph\">{\"@context\":\"https:\/\/schema.org\",\"@graph\":[{\"@type\":\"WebPage\",\"@id\":\"https:\/\/vintagegalore.de\/en\/produkt\/2er-set-316-teak-rattan-stuehle-von-peter-hvidt-orla-moelgaard-nielsen-fuer-soeborg-moebler-60er\/\",\"url\":\"https:\/\/vintagegalore.de\/en\/produkt\/2er-set-316-teak-rattan-stuehle-von-peter-hvidt-orla-moelgaard-nielsen-fuer-soeborg-moebler-60er\/\",\"name\":\"Set of 2 \u201c316\u201d teak\/rattan chairs by Peter Hvidt & Orla M\u00f8lgaard Nielsen for S\u00f8borg M\u00f8bler \/ 1960s - Vintage Galore\",\"isPartOf\":{\"@id\":\"https:\/\/vintagegalore.de\/#website\"},\"primaryImageOfPage\":{\"@id\":\"https:\/\/vintagegalore.de\/en\/produkt\/2er-set-316-teak-rattan-stuehle-von-peter-hvidt-orla-moelgaard-nielsen-fuer-soeborg-moebler-60er\/#primaryimage\"},\"image\":{\"@id\":\"https:\/\/vintagegalore.de\/en\/produkt\/2er-set-316-teak-rattan-stuehle-von-peter-hvidt-orla-moelgaard-nielsen-fuer-soeborg-moebler-60er\/#primaryimage\"},\"thumbnailUrl\":\"https:\/\/vintagegalore.de\/wp-content\/uploads\/2025\/11\/499A9651zui.jpg\",\"datePublished\":\"2025-11-28T23:15:51+00:00\",\"dateModified\":\"2025-11-28T23:25:44+00:00\",\"breadcrumb\":{\"@id\":\"https:\/\/vintagegalore.de\/en\/produkt\/2er-set-316-teak-rattan-stuehle-von-peter-hvidt-orla-moelgaard-nielsen-fuer-soeborg-moebler-60er\/#breadcrumb\"},\"inLanguage\":\"en-US\",\"potentialAction\":[{\"@type\":\"ReadAction\",\"target\":[\"https:\/\/vintagegalore.de\/en\/produkt\/2er-set-316-teak-rattan-stuehle-von-peter-hvidt-orla-moelgaard-nielsen-fuer-soeborg-moebler-60er\/\"]}]},{\"@type\":\"ImageObject\",\"inLanguage\":\"en-US\",\"@id\":\"https:\/\/vintagegalore.de\/en\/produkt\/2er-set-316-teak-rattan-stuehle-von-peter-hvidt-orla-moelgaard-nielsen-fuer-soeborg-moebler-60er\/#primaryimage\",\"url\":\"https:\/\/vintagegalore.de\/wp-content\/uploads\/2025\/11\/499A9651zui.jpg\",\"contentUrl\":\"https:\/\/vintagegalore.de\/wp-content\/uploads\/2025\/11\/499A9651zui.jpg\",\"width\":591,\"height\":887},{\"@type\":\"BreadcrumbList\",\"@id\":\"https:\/\/vintagegalore.de\/en\/produkt\/2er-set-316-teak-rattan-stuehle-von-peter-hvidt-orla-moelgaard-nielsen-fuer-soeborg-moebler-60er\/#breadcrumb\",\"itemListElement\":[{\"@type\":\"ListItem\",\"position\":1,\"name\":\"Startseite\",\"item\":\"https:\/\/vintagegalore.de\/en\/\"},{\"@type\":\"ListItem\",\"position\":2,\"name\":\"Set of 2 \u201c316\u201d teak\/rattan chairs by Peter Hvidt &#038; Orla M\u00f8lgaard Nielsen for S\u00f8borg M\u00f8bler \/ 1960s\"}]},{\"@type\":\"WebSite\",\"@id\":\"https:\/\/vintagegalore.de\/#website\",\"url\":\"https:\/\/vintagegalore.de\/\",\"name\":\"Vintage Galore\",\"description\":\"\",\"publisher\":{\"@id\":\"https:\/\/vintagegalore.de\/#organization\"},\"potentialAction\":[{\"@type\":\"SearchAction\",\"target\":{\"@type\":\"EntryPoint\",\"urlTemplate\":\"https:\/\/vintagegalore.de\/?s={search_term_string}\"},\"query-input\":{\"@type\":\"PropertyValueSpecification\",\"valueRequired\":true,\"valueName\":\"search_term_string\"}}],\"inLanguage\":\"en-US\"},{\"@type\":\"Organization\",\"@id\":\"https:\/\/vintagegalore.de\/#organization\",\"name\":\"Vintage Galore\",\"url\":\"https:\/\/vintagegalore.de\/\",\"logo\":{\"@type\":\"ImageObject\",\"inLanguage\":\"en-US\",\"@id\":\"https:\/\/vintagegalore.de\/#\/schema\/logo\/image\/\",\"url\":\"https:\/\/vintagegalore.de\/wp-content\/uploads\/2021\/04\/logo-vg-transparent.png\",\"contentUrl\":\"https:\/\/vintagegalore.de\/wp-content\/uploads\/2021\/04\/logo-vg-transparent.png\",\"width\":500,\"height\":86,\"caption\":\"Vintage Galore\"},\"image\":{\"@id\":\"https:\/\/vintagegalore.de\/#\/schema\/logo\/image\/\"},\"sameAs\":[\"https:\/\/www.facebook.com\/vintagegalore.de\",\"https:\/\/www.instagram.com\/vintagegalorestore\/\"]}]}<\/script>\n<!-- \/ Yoast SEO plugin. -->","yoast_head_json":{"title":"Set of 2 \u201c316\u201d teak\/rattan chairs by Peter Hvidt & Orla M\u00f8lgaard Nielsen for S\u00f8borg M\u00f8bler \/ 1960s - Vintage Galore","robots":{"index":"index","follow":"follow","max-snippet":"max-snippet:-1","max-image-preview":"max-image-preview:large","max-video-preview":"max-video-preview:-1"},"canonical":"https:\/\/vintagegalore.de\/en\/produkt\/2er-set-316-teak-rattan-stuehle-von-peter-hvidt-orla-moelgaard-nielsen-fuer-soeborg-moebler-60er\/","og_locale":"en_US","og_type":"article","og_title":"Set of 2 \u201c316\u201d teak\/rattan chairs by Peter Hvidt & Orla M\u00f8lgaard Nielsen for S\u00f8borg M\u00f8bler \/ 1960s - Vintage Galore","og_description":"The price is for the set of two.  Type \"316\" chairs, design: Peter Hvidt &amp; Orla M\u00f8lgaard Nielsen for S\u00f8borg M\u00f8bler, Denmark, 1960s. With logo brand stamp. Teak frames. High-quality workmanship. Very rare version with rattan weave instead of the usual papercord. Dimensions: approx. 76 x 48 x 45 cm (height, width, depth). Seat height: approx. 43 cm. Used items. Given their age, only slight signs of aging\/wear in the form of a few scratches and dents (see close-up photos). One touched up wooden strut (see close-up). The weave is intact on both chairs. One rattan strip has been replaced on each chair. These are the original photos of the items for sale. However, the colors may vary slightly as they are displayed differently on different devices\/screens.  Shipping with DHL within Germany is free of charge in this case. The chairs will be carefully and securely packaged (cardboard box lined with Styrofoam)!  Shipping to other countries within the EU can only be done with a furniture transport company. If you need a transport quote for this, please contact me via the \u201cInquiry\u201d button before purchasing. Transport costs outside Germany are not yet included in the offer.","og_url":"https:\/\/vintagegalore.de\/en\/produkt\/2er-set-316-teak-rattan-stuehle-von-peter-hvidt-orla-moelgaard-nielsen-fuer-soeborg-moebler-60er\/","og_site_name":"Vintage Galore","article_publisher":"https:\/\/www.facebook.com\/vintagegalore.de","article_modified_time":"2025-11-28T23:25:44+00:00","og_image":[{"width":591,"height":887,"url":"https:\/\/vintagegalore.de\/wp-content\/uploads\/2025\/11\/499A9651zui.jpg","type":"image\/jpeg"}],"twitter_card":"summary_large_image","twitter_misc":{"Est. reading time":"1 minute"},"schema":{"@context":"https:\/\/schema.org","@graph":[{"@type":"WebPage","@id":"https:\/\/vintagegalore.de\/en\/produkt\/2er-set-316-teak-rattan-stuehle-von-peter-hvidt-orla-moelgaard-nielsen-fuer-soeborg-moebler-60er\/","url":"https:\/\/vintagegalore.de\/en\/produkt\/2er-set-316-teak-rattan-stuehle-von-peter-hvidt-orla-moelgaard-nielsen-fuer-soeborg-moebler-60er\/","name":"Set of 2 \u201c316\u201d teak\/rattan chairs by Peter Hvidt & Orla M\u00f8lgaard Nielsen for S\u00f8borg M\u00f8bler \/ 1960s - Vintage Galore","isPartOf":{"@id":"https:\/\/vintagegalore.de\/#website"},"primaryImageOfPage":{"@id":"https:\/\/vintagegalore.de\/en\/produkt\/2er-set-316-teak-rattan-stuehle-von-peter-hvidt-orla-moelgaard-nielsen-fuer-soeborg-moebler-60er\/#primaryimage"},"image":{"@id":"https:\/\/vintagegalore.de\/en\/produkt\/2er-set-316-teak-rattan-stuehle-von-peter-hvidt-orla-moelgaard-nielsen-fuer-soeborg-moebler-60er\/#primaryimage"},"thumbnailUrl":"https:\/\/vintagegalore.de\/wp-content\/uploads\/2025\/11\/499A9651zui.jpg","datePublished":"2025-11-28T23:15:51+00:00","dateModified":"2025-11-28T23:25:44+00:00","breadcrumb":{"@id":"https:\/\/vintagegalore.de\/en\/produkt\/2er-set-316-teak-rattan-stuehle-von-peter-hvidt-orla-moelgaard-nielsen-fuer-soeborg-moebler-60er\/#breadcrumb"},"inLanguage":"en-US","potentialAction":[{"@type":"ReadAction","target":["https:\/\/vintagegalore.de\/en\/produkt\/2er-set-316-teak-rattan-stuehle-von-peter-hvidt-orla-moelgaard-nielsen-fuer-soeborg-moebler-60er\/"]}]},{"@type":"ImageObject","inLanguage":"en-US","@id":"https:\/\/vintagegalore.de\/en\/produkt\/2er-set-316-teak-rattan-stuehle-von-peter-hvidt-orla-moelgaard-nielsen-fuer-soeborg-moebler-60er\/#primaryimage","url":"https:\/\/vintagegalore.de\/wp-content\/uploads\/2025\/11\/499A9651zui.jpg","contentUrl":"https:\/\/vintagegalore.de\/wp-content\/uploads\/2025\/11\/499A9651zui.jpg","width":591,"height":887},{"@type":"BreadcrumbList","@id":"https:\/\/vintagegalore.de\/en\/produkt\/2er-set-316-teak-rattan-stuehle-von-peter-hvidt-orla-moelgaard-nielsen-fuer-soeborg-moebler-60er\/#breadcrumb","itemListElement":[{"@type":"ListItem","position":1,"name":"Startseite","item":"https:\/\/vintagegalore.de\/en\/"},{"@type":"ListItem","position":2,"name":"Set of 2 \u201c316\u201d teak\/rattan chairs by Peter Hvidt &#038; Orla M\u00f8lgaard Nielsen for S\u00f8borg M\u00f8bler \/ 1960s"}]},{"@type":"WebSite","@id":"https:\/\/vintagegalore.de\/#website","url":"https:\/\/vintagegalore.de\/","name":"Vintage Galore","description":"","publisher":{"@id":"https:\/\/vintagegalore.de\/#organization"},"potentialAction":[{"@type":"SearchAction","target":{"@type":"EntryPoint","urlTemplate":"https:\/\/vintagegalore.de\/?s={search_term_string}"},"query-input":{"@type":"PropertyValueSpecification","valueRequired":true,"valueName":"search_term_string"}}],"inLanguage":"en-US"},{"@type":"Organization","@id":"https:\/\/vintagegalore.de\/#organization","name":"Vintage Galore","url":"https:\/\/vintagegalore.de\/","logo":{"@type":"ImageObject","inLanguage":"en-US","@id":"https:\/\/vintagegalore.de\/#\/schema\/logo\/image\/","url":"https:\/\/vintagegalore.de\/wp-content\/uploads\/2021\/04\/logo-vg-transparent.png","contentUrl":"https:\/\/vintagegalore.de\/wp-content\/uploads\/2021\/04\/logo-vg-transparent.png","width":500,"height":86,"caption":"Vintage Galore"},"image":{"@id":"https:\/\/vintagegalore.de\/#\/schema\/logo\/image\/"},"sameAs":["https:\/\/www.facebook.com\/vintagegalore.de","https:\/\/www.instagram.com\/vintagegalorestore\/"]}]}},"_links":{"self":[{"href":"https:\/\/vintagegalore.de\/en\/wp-json\/wp\/v2\/product\/99751","targetHints":{"allow":["GET"]}}],"collection":[{"href":"https:\/\/vintagegalore.de\/en\/wp-json\/wp\/v2\/product"}],"about":[{"href":"https:\/\/vintagegalore.de\/en\/wp-json\/wp\/v2\/types\/product"}],"wp:featuredmedia":[{"embeddable":true,"href":"https:\/\/vintagegalore.de\/en\/wp-json\/wp\/v2\/media\/99693"}],"wp:attachment":[{"href":"https:\/\/vintagegalore.de\/en\/wp-json\/wp\/v2\/media?parent=99751"}],"wp:term":[{"taxonomy":"product_brand","embeddable":true,"href":"https:\/\/vintagegalore.de\/en\/wp-json\/wp\/v2\/product_brand?post=99751"},{"taxonomy":"product_cat","embeddable":true,"href":"https:\/\/vintagegalore.de\/en\/wp-json\/wp\/v2\/product_cat?post=99751"},{"taxonomy":"product_tag","embeddable":true,"href":"https:\/\/vintagegalore.de\/en\/wp-json\/wp\/v2\/product_tag?post=99751"}],"curies":[{"name":"wp","href":"https:\/\/api.w.org\/{rel}","templated":true}]}}